{"id":1244,"date":"2024-03-12T16:59:19","date_gmt":"2024-03-12T16:59:19","guid":{"rendered":"https:\/\/eon-sea.com\/?page_id=1244"},"modified":"2025-06-20T14:52:40","modified_gmt":"2025-06-20T12:52:40","slug":"politica-de-cookies","status":"publish","type":"page","link":"https:\/\/eon-sea.com\/en\/politica-de-cookies\/","title":{"rendered":"Cookie Policy"},"content":{"rendered":"<p>[et_pb_section fb_built=\u00bb1&#8243; admin_label=\u00bbsection\u00bb _builder_version=\u00bb4.27.4&#8243; custom_padding=\u00bb200px||||false|false\u00bb global_colors_info=\u00bb{}\u00bb][et_pb_row admin_label=\u00bbrow\u00bb _builder_version=\u00bb4.16&#8243; background_size=\u00bbinitial\u00bb background_position=\u00bbtop_left\u00bb background_repeat=\u00bbrepeat\u00bb global_colors_info=\u00bb{}\u00bb][et_pb_column type=\u00bb4_4&#8243; _builder_version=\u00bb4.16&#8243; custom_padding=\u00bb|||\u00bb global_colors_info=\u00bb{}\u00bb custom_padding__hover=\u00bb|||\u00bb][et_pb_text _builder_version=\u00bb4.24.0&#8243; _module_preset=\u00bbdefault\u00bb global_colors_info=\u00bb{}\u00bb]<\/p>\n<h1>Cookie Policy<\/h1>\n<p>[\/et_pb_text][et_pb_text _builder_version=\u00bb4.27.4&#8243; _module_preset=\u00bbdefault\u00bb hover_enabled=\u00bb0&#8243; global_colors_info=\u00bb{}\u00bb sticky_enabled=\u00bb0&#8243;]En EONSEA, con sitio web en <a href=\"https:\/\/eon-sea.com\/en\/\">https:\/\/eon-sea.com\/<\/a>We use cookies to improve your browsing experience and offer you personalised content. A cookie is an information file that is stored on your device when you visit certain websites. These cookies allow us to understand how you interact with our site and help us improve your experience on future visits.<\/p>\n<h2>Types of Cookies Used<\/h2>\n<p>We use several types of cookies on our website:<\/p>\n<ul>\n<li><strong>Necessary Cookies:<\/strong>\u00a0They are essential for the functioning of the website and cannot be disabled in our systems.<\/li>\n<li><strong>Performance and Analytics Cookies:<\/strong>\u00a0They allow us to recognise and count the number of visitors, as well as see how they move around the site while using it. This helps us improve the way our website works, for example, by ensuring that users can easily find what they are looking for.<\/li>\n<li><strong>Functionality Cookies:<\/strong>\u00a0They are used to recognise you when you return to our website. This enables us to personalise our content for you, greet you by name and remember your preferences (for example, your choice of language or region).<\/li>\n<li><strong>Advertising Cookies:<\/strong>\u00a0We record your visit to our website, the pages you have visited, and the links you have followed. We will use this information to make our website and the advertising displayed on it more relevant to your interests.<\/li>\n<\/ul>\n<h2>Your Consent<\/h2>\n<p>By using our website, you consent to the use of cookies in accordance with this Cookie Policy. If you choose not to accept our cookies, some parts of our website may not function as expected.<\/p>\n<table border=\"1\">\n<thead>\n<tr>\n<th>Name<\/th>\n<th>Domain<\/th>\n<th>Type<\/th>\n<th>Duration<\/th>\n<th>Description<\/th>\n<\/tr>\n<\/thead>\n<tbody>\n<tr>\n<td>eyes-consent<\/td>\n<td>eon-sea.com<\/td>\n<td>Necessary<\/td>\n<td>1 year<\/td>\n<td>Manages user consent for cookies.<\/td>\n<\/tr>\n<tr>\n<td>et-editor-available-post-1236-bb<\/td>\n<td>eon-sea.com<\/td>\n<td>Functional<\/td>\n<td>1 year<\/td>\n<td>Identify whether the editor is available for the post.<\/td>\n<\/tr>\n<tr>\n<td>et-editor-available-post-1236-fb<\/td>\n<td>eon-sea.com<\/td>\n<td>Functional<\/td>\n<td>1 year<\/td>\n<td>Identify whether the Facebook editor is available for the post.<\/td>\n<\/tr>\n<tr>\n<td>et-editor-available-post-1244-fb<\/td>\n<td>eon-sea.com<\/td>\n<td>Functional<\/td>\n<td>1 year<\/td>\n<td>Identify whether the Facebook editor is available for another post.<\/td>\n<\/tr>\n<tr>\n<td>et-editor-available-post-1249-fb<\/td>\n<td>eon-sea.com<\/td>\n<td>Functional<\/td>\n<td>1 year<\/td>\n<td>Identify whether the Facebook editor is available for a different post.<\/td>\n<\/tr>\n<tr>\n<td>et-saved-post-1236-bb<\/td>\n<td>eon-sea.com<\/td>\n<td>Functional<\/td>\n<td>1 year<\/td>\n<td>Saves information from saved posts.<\/td>\n<\/tr>\n<tr>\n<td>sbjs_current<\/td>\n<td>.eon-sea.com<\/td>\n<td>Functional<\/td>\n<td>Session<\/td>\n<td>Stores data from the user's current session for traffic analysis.<\/td>\n<\/tr>\n<tr>\n<td>sbjs_current_add<\/td>\n<td>.eon-sea.com<\/td>\n<td>Functional<\/td>\n<td>Session<\/td>\n<td>Adds additional data to the user's current session.<\/td>\n<\/tr>\n<tr>\n<td>sbjs_first<\/td>\n<td>.eon-sea.com<\/td>\n<td>Functional<\/td>\n<td>Session<\/td>\n<td>Stores information about the user's first visit to the site.<\/td>\n<\/tr>\n<tr>\n<td>sbjs_first_add<\/td>\n<td>.eon-sea.com<\/td>\n<td>Functional<\/td>\n<td>Session<\/td>\n<td>Add additional data to the user's first visit.<\/td>\n<\/tr>\n<tr>\n<td>sbjs_migrations<\/td>\n<td>.eon-sea.com<\/td>\n<td>Functional<\/td>\n<td>Session<\/td>\n<td>Save migrated versions for user analysis.<\/td>\n<\/tr>\n<tr>\n<td>sbjs_session<\/td>\n<td>.eon-sea.com<\/td>\n<td>Functional<\/td>\n<td>1 day<\/td>\n<td>Saves data from the current browsing session.<\/td>\n<\/tr>\n<tr>\n<td>sbjs_udata<\/td>\n<td>.eon-sea.com<\/td>\n<td>Functional<\/td>\n<td>Session<\/td>\n<td>Stores user data to improve the user experience.<\/td>\n<\/tr>\n<tr>\n<td>tk_ai<\/td>\n<td>eon-sea.com<\/td>\n<td>Functional<\/td>\n<td>Session<\/td>\n<td>Used as an anonymous ID if the logged-in user is not connected to WordPress.com.<\/td>\n<\/tr>\n<tr>\n<td>woocommerce_cart_hash<\/td>\n<td>eon-sea.com<\/td>\n<td>Functional<\/td>\n<td>Session<\/td>\n<td>Assist WooCommerce in determining when the contents\/data of the cart change.<\/td>\n<\/tr>\n<tr>\n<td>woocommerce_items_in_cart<\/td>\n<td>eon-sea.com<\/td>\n<td>Functional<\/td>\n<td>Session<\/td>\n<td>Save the items in your shopping trolley.<\/td>\n<\/tr>\n<tr>\n<td>wordpress_logged_in<\/td>\n<td>eon-sea.com<\/td>\n<td>Necessary<\/td>\n<td>Session<\/td>\n<td>Indicates when you are logged in and who you are, used for the WordPress interface.<\/td>\n<\/tr>\n<tr>\n<td>wordpress_sec<\/td>\n<td>eon-sea.com<\/td>\n<td>Necessary<\/td>\n<td>Session<\/td>\n<td>It is used as a security measure for logged-in users.<\/td>\n<\/tr>\n<tr>\n<td>wordpress_test_cookie<\/td>\n<td>eon-sea.com<\/td>\n<td>Necessary<\/td>\n<td>Session<\/td>\n<td>Used to check whether the user's browser supports cookies.<\/td>\n<\/tr>\n<tr>\n<td>wp-settings-3<\/td>\n<td>eon-sea.com<\/td>\n<td>Functional<\/td>\n<td>1 year<\/td>\n<td>Customise the view of the administration interface and the main view of the site.<\/td>\n<\/tr>\n<tr>\n<td>wp-settings-time-3<\/td>\n<td>eon-sea.com<\/td>\n<td>Functional<\/td>\n<td>1 year<\/td>\n<td>Save the time when wp-settings-3 was established.<\/td>\n<\/tr>\n<\/tbody>\n<\/table>\n<h2>How to Manage Cookies<\/h2>\n<p>You can manage and\/or delete cookies as you wish. For more information, visit aboutcookies.org. You can delete all cookies that are already on your computer and you can set most browsers to prevent them from being installed. However, if you do this, you may have to manually adjust some preferences every time you visit a site and some services and functionalities may not work.<\/p>\n<h2>Contact us<\/h2>\n<p>If you have any questions about our cookie policy, you can contact us at <a href=\"mailto:support@eonsea.com\">support@<span data-teams=\"true\"><\/span><\/a><a aria-label=\"Link https:\/\/eon-sea.com\/\" id=\"menur15v\" href=\"https:\/\/eon-sea.com\/en\/\" rel=\"noreferrer noopener\" target=\"_blank\" class=\"fui-Link ___1q1shib f2hkw1w f3rmtva f1ewtqcl fyind8e f1k6fduh f1w7gpdv fk6fouc fjoy568 figsok6 f1s184ao f1mk8lai fnbmjn9 f1o700av f13mvf36 f1cmlufx f9n3di6 f1ids18y f1tx3yz7 f1deo86v f1eh06m1 f1iescvh fhgqx19 f1olyrje f1p93eir f1nev41a f1h8hb77 f1lqvz6u f10aw75t fsle3fq f17ae5zn\" title=\"https:\/\/eon-sea.com\/\">eonsea.com<\/a>[\/et_pb_text][\/et_pb_column][\/et_pb_row][\/et_pb_section]<\/p>","protected":false},"excerpt":{"rendered":"<p>Pol\u00edtica de CookiesEn EONSEA, con sitio web en https:\/\/eon-sea.com\/, utilizamos cookies para mejorar tu experiencia de navegaci\u00f3n y ofrecerte contenidos personalizados. Una cookie es un archivo de informaci\u00f3n que se guarda en tu dispositivo cuando visitas ciertas p\u00e1ginas web. Estas cookies nos permiten entender c\u00f3mo interact\u00faas con nuestro sitio y nos ayudan a mejorar tu [&hellip;]<\/p>","protected":false},"author":9,"featured_media":0,"parent":0,"menu_order":0,"comment_status":"closed","ping_status":"closed","template":"","meta":{"_acf_changed":false,"_et_pb_use_builder":"on","_et_pb_old_content":"","_et_gb_content_width":"","_monsterinsights_skip_tracking":false,"_monsterinsights_sitenote_active":false,"_monsterinsights_sitenote_note":"","_monsterinsights_sitenote_category":0,"footnotes":""},"class_list":["post-1244","page","type-page","status-publish","hentry"],"acf":[],"yoast_head":"<!-- This site is optimized with the Yoast SEO plugin v26.7 - https:\/\/yoast.com\/wordpress\/plugins\/seo\/ -->\n<title>Pol\u00edtica de Cookies - EONSEA<\/title>\n<meta name=\"description\" content=\"Pol\u00edtica de cookies de EONSEA. Conoce c\u00f3mo utilizamos cookies, c\u00f3mo afectan tu experiencia y c\u00f3mo puedes gestionarlas seg\u00fan tus preferencias.\" \/>\n<meta name=\"robots\" content=\"index, follow, max-snippet:-1, max-image-preview:large, max-video-preview:-1\" \/>\n<link rel=\"canonical\" href=\"https:\/\/eon-sea.com\/en\/politica-de-cookies\/\" \/>\n<meta property=\"og:locale\" content=\"en_GB\" \/>\n<meta property=\"og:type\" content=\"article\" \/>\n<meta property=\"og:title\" content=\"Pol\u00edtica de Cookies - EONSEA\" \/>\n<meta property=\"og:description\" content=\"Pol\u00edtica de cookies de EONSEA. Conoce c\u00f3mo utilizamos cookies, c\u00f3mo afectan tu experiencia y c\u00f3mo puedes gestionarlas seg\u00fan tus preferencias.\" \/>\n<meta property=\"og:url\" content=\"https:\/\/eon-sea.com\/en\/politica-de-cookies\/\" \/>\n<meta property=\"og:site_name\" content=\"EONSEA\" \/>\n<meta property=\"article:modified_time\" content=\"2025-06-20T12:52:40+00:00\" \/>\n<meta name=\"twitter:card\" content=\"summary_large_image\" \/>\n<meta name=\"twitter:site\" content=\"@eon_sea\" \/>\n<meta name=\"twitter:label1\" content=\"Estimated reading time\" \/>\n\t<meta name=\"twitter:data1\" content=\"3 minutes\" \/>\n<script type=\"application\/ld+json\" class=\"yoast-schema-graph\">{\"@context\":\"https:\/\/schema.org\",\"@graph\":[{\"@type\":\"WebPage\",\"@id\":\"https:\/\/eon-sea.com\/politica-de-cookies\/\",\"url\":\"https:\/\/eon-sea.com\/politica-de-cookies\/\",\"name\":\"Pol\u00edtica de Cookies - EONSEA\",\"isPartOf\":{\"@id\":\"https:\/\/seagreen-hawk-426743.hostingersite.com\/#website\"},\"datePublished\":\"2024-03-12T16:59:19+00:00\",\"dateModified\":\"2025-06-20T12:52:40+00:00\",\"description\":\"Pol\u00edtica de cookies de EONSEA. Conoce c\u00f3mo utilizamos cookies, c\u00f3mo afectan tu experiencia y c\u00f3mo puedes gestionarlas seg\u00fan tus preferencias.\",\"breadcrumb\":{\"@id\":\"https:\/\/eon-sea.com\/politica-de-cookies\/#breadcrumb\"},\"inLanguage\":\"en-GB\",\"potentialAction\":[{\"@type\":\"ReadAction\",\"target\":[\"https:\/\/eon-sea.com\/politica-de-cookies\/\"]}]},{\"@type\":\"BreadcrumbList\",\"@id\":\"https:\/\/eon-sea.com\/politica-de-cookies\/#breadcrumb\",\"itemListElement\":[{\"@type\":\"ListItem\",\"position\":1,\"name\":\"Portada\",\"item\":\"https:\/\/eon-sea.com\/\"},{\"@type\":\"ListItem\",\"position\":2,\"name\":\"Pol\u00edtica de Cookies\"}]},{\"@type\":\"WebSite\",\"@id\":\"https:\/\/seagreen-hawk-426743.hostingersite.com\/#website\",\"url\":\"https:\/\/seagreen-hawk-426743.hostingersite.com\/\",\"name\":\"EONSEA\",\"description\":\"Inspecci\u00f3n de embarcaciones con ROVs e IA\",\"potentialAction\":[{\"@type\":\"SearchAction\",\"target\":{\"@type\":\"EntryPoint\",\"urlTemplate\":\"https:\/\/seagreen-hawk-426743.hostingersite.com\/?s={search_term_string}\"},\"query-input\":{\"@type\":\"PropertyValueSpecification\",\"valueRequired\":true,\"valueName\":\"search_term_string\"}}],\"inLanguage\":\"en-GB\"}]}<\/script>\n<!-- \/ Yoast SEO plugin. -->","yoast_head_json":{"title":"Pol\u00edtica de Cookies - EONSEA","description":"Pol\u00edtica de cookies de EONSEA. Conoce c\u00f3mo utilizamos cookies, c\u00f3mo afectan tu experiencia y c\u00f3mo puedes gestionarlas seg\u00fan tus preferencias.","robots":{"index":"index","follow":"follow","max-snippet":"max-snippet:-1","max-image-preview":"max-image-preview:large","max-video-preview":"max-video-preview:-1"},"canonical":"https:\/\/eon-sea.com\/en\/politica-de-cookies\/","og_locale":"en_GB","og_type":"article","og_title":"Pol\u00edtica de Cookies - EONSEA","og_description":"Pol\u00edtica de cookies de EONSEA. Conoce c\u00f3mo utilizamos cookies, c\u00f3mo afectan tu experiencia y c\u00f3mo puedes gestionarlas seg\u00fan tus preferencias.","og_url":"https:\/\/eon-sea.com\/en\/politica-de-cookies\/","og_site_name":"EONSEA","article_modified_time":"2025-06-20T12:52:40+00:00","twitter_card":"summary_large_image","twitter_site":"@eon_sea","twitter_misc":{"Estimated reading time":"3 minutes"},"schema":{"@context":"https:\/\/schema.org","@graph":[{"@type":"WebPage","@id":"https:\/\/eon-sea.com\/politica-de-cookies\/","url":"https:\/\/eon-sea.com\/politica-de-cookies\/","name":"Pol\u00edtica de Cookies - EONSEA","isPartOf":{"@id":"https:\/\/seagreen-hawk-426743.hostingersite.com\/#website"},"datePublished":"2024-03-12T16:59:19+00:00","dateModified":"2025-06-20T12:52:40+00:00","description":"Pol\u00edtica de cookies de EONSEA. Conoce c\u00f3mo utilizamos cookies, c\u00f3mo afectan tu experiencia y c\u00f3mo puedes gestionarlas seg\u00fan tus preferencias.","breadcrumb":{"@id":"https:\/\/eon-sea.com\/politica-de-cookies\/#breadcrumb"},"inLanguage":"en-GB","potentialAction":[{"@type":"ReadAction","target":["https:\/\/eon-sea.com\/politica-de-cookies\/"]}]},{"@type":"BreadcrumbList","@id":"https:\/\/eon-sea.com\/politica-de-cookies\/#breadcrumb","itemListElement":[{"@type":"ListItem","position":1,"name":"Portada","item":"https:\/\/eon-sea.com\/"},{"@type":"ListItem","position":2,"name":"Pol\u00edtica de Cookies"}]},{"@type":"WebSite","@id":"https:\/\/seagreen-hawk-426743.hostingersite.com\/#website","url":"https:\/\/seagreen-hawk-426743.hostingersite.com\/","name":"EONSEA","description":"Inspecci\u00f3n de embarcaciones con ROVs e IA","potentialAction":[{"@type":"SearchAction","target":{"@type":"EntryPoint","urlTemplate":"https:\/\/seagreen-hawk-426743.hostingersite.com\/?s={search_term_string}"},"query-input":{"@type":"PropertyValueSpecification","valueRequired":true,"valueName":"search_term_string"}}],"inLanguage":"en-GB"}]}},"_links":{"self":[{"href":"https:\/\/eon-sea.com\/en\/wp-json\/wp\/v2\/pages\/1244","targetHints":{"allow":["GET"]}}],"collection":[{"href":"https:\/\/eon-sea.com\/en\/wp-json\/wp\/v2\/pages"}],"about":[{"href":"https:\/\/eon-sea.com\/en\/wp-json\/wp\/v2\/types\/page"}],"author":[{"embeddable":true,"href":"https:\/\/eon-sea.com\/en\/wp-json\/wp\/v2\/users\/9"}],"replies":[{"embeddable":true,"href":"https:\/\/eon-sea.com\/en\/wp-json\/wp\/v2\/comments?post=1244"}],"version-history":[{"count":12,"href":"https:\/\/eon-sea.com\/en\/wp-json\/wp\/v2\/pages\/1244\/revisions"}],"predecessor-version":[{"id":5817,"href":"https:\/\/eon-sea.com\/en\/wp-json\/wp\/v2\/pages\/1244\/revisions\/5817"}],"wp:attachment":[{"href":"https:\/\/eon-sea.com\/en\/wp-json\/wp\/v2\/media?parent=1244"}],"curies":[{"name":"wp","href":"https:\/\/api.w.org\/{rel}","templated":true}]}}