{"id":1249,"date":"2024-03-12T17:01:02","date_gmt":"2024-03-12T17:01:02","guid":{"rendered":"https:\/\/eon-sea.com\/?page_id=1249"},"modified":"2025-06-02T12:19:43","modified_gmt":"2025-06-02T10:19:43","slug":"aviso-legal","status":"publish","type":"page","link":"https:\/\/eon-sea.com\/en\/aviso-legal\/","title":{"rendered":"Legal Notice"},"content":{"rendered":"<p>[et_pb_section fb_built=\u00bb1&#8243; admin_label=\u00bbsection\u00bb _builder_version=\u00bb4.27.4&#8243; hover_enabled=\u00bb0&#8243; global_colors_info=\u00bb{}\u00bb custom_padding=\u00bb200px||||false|false\u00bb sticky_enabled=\u00bb0&#8243;][et_pb_row admin_label=\u00bbrow\u00bb _builder_version=\u00bb4.16&#8243; background_size=\u00bbinitial\u00bb background_position=\u00bbtop_left\u00bb background_repeat=\u00bbrepeat\u00bb global_colors_info=\u00bb{}\u00bb][et_pb_column type=\u00bb4_4&#8243; _builder_version=\u00bb4.16&#8243; custom_padding=\u00bb|||\u00bb global_colors_info=\u00bb{}\u00bb custom_padding__hover=\u00bb|||\u00bb][et_pb_text _builder_version=\u00bb4.24.0&#8243; _module_preset=\u00bbdefault\u00bb global_colors_info=\u00bb{}\u00bb]<\/p>\n<h1>Legal Notice<\/h1>\n<p>[\/et_pb_text][et_pb_text _builder_version=\u00bb4.24.3&#8243; _module_preset=\u00bbdefault\u00bb global_colors_info=\u00bb{}\u00bb]<\/p>\n<p>These terms and conditions of use of the website govern the terms of access and use of this website, owned by EONSEA Limited Company, hereinafter referred to as \u2018the Company\u2019, which the user of the portal must accept in order to use all the services and information provided by the portal.<\/p>\n<p>The user and the Company, owner of the portal, may be referred to jointly as the parties. Simply accessing or using the portal, all or part of its content and services, implies full acceptance of these terms of use. The provision and use of the portal is understood to be subject to strict compliance with the terms set out in these terms of use of the portal.<\/p>\n<p>Users can access different types of information and services through the portal. The portal reserves the right to modify, at any time and without prior notice, the presentation and configuration of the information and services offered on the portal. The user expressly acknowledges and accepts that the portal may interrupt, deactivate and\/or cancel any information or service at any time. The portal will make every effort to ensure the availability and accessibility of the website. However, on occasions, for reasons of maintenance, updating, change of location, etc., access to the portal may be interrupted.<\/p>\n<p>The application does not intervene in the creation of content and\/or services provided or supplied by third parties in and\/or through the application, nor does it control their legality. In any case, it does not offer any kind of guarantee regarding them. The user acknowledges that the application is not and will not be responsible for the content and\/or services provided or supplied by third parties in and\/or through the application. The user accepts that the application will not assume any responsibility for any damage or harm caused as a result of the use of this information or third-party services.<\/p>\n<p>The company responsible for the website cannot accept any liability arising from the incorrect, inappropriate or unlawful use of the information appearing on this website.<\/p>\n<p>Within the limits established by law, the company accepts no liability arising from the lack of truthfulness, integrity, updating and accuracy of the data or information contained on its web pages.<\/p>\n<p>The contents and information do not bind the company nor do they constitute opinions, advice or legal advice of any kind, as they are merely a service offered for informational and educational purposes.<\/p>\n<p>The company's website may contain links to other third-party websites that it cannot control. Therefore, the company cannot be held responsible for the content that may appear on third-party websites.<\/p>\n<p>The texts, images, sounds, animations, software and all other content included on this website are the exclusive property of the company or its licensors. Any act of transmission, distribution, transfer, reproduction, storage or public communication, in whole or in part, must have the express consent of the company.<\/p>\n<p>The user must at all times respect the terms and conditions set out in this legal notice. The user expressly declares that he\/she will use the portal diligently and assumes any liability that may arise from non-compliance with the rules.<\/p>\n<p>The user undertakes, in cases where data or information is requested, not to falsify their identity by impersonating any other person. The user may not use the portal for activities contrary to the law, morality and public order, or for purposes that are prohibited or that violate or infringe the rights of third parties. Likewise, the dissemination, storage and\/or management of data or content that infringes the rights of third parties or any regulations governing intellectual or industrial property rights is prohibited.<\/p>\n<p>Likewise, users may not use the portal to transmit, store, disclose, promote or distribute data or content that carries viruses or any other computer code, files or programmes designed to interrupt, destroy or impair the functioning of any computer or telecommunications programme or equipment.<\/p>\n<p>The user undertakes to compensate and hold harmless the portal for any damage, harm, penalty, fine, sanction or compensation that the portal may have to face.<\/p>\n<p>You can also consult our\u00a0<a href=\"https:\/\/eon-sea.com\/en\/politica-de-privacidad\/\">Privacy Policy<\/a>\u00a0and ours\u00a0<a href=\"https:\/\/eon-sea.com\/en\/politica-de-cookies\/\">Cookie Policy<\/a>by clicking on the links.<\/p>\n<p>[\/et_pb_text][\/et_pb_column][\/et_pb_row][\/et_pb_section]<\/p>","protected":false},"excerpt":{"rendered":"<p>Aviso LegalLas presentes condiciones de uso de la p\u00e1gina web, regulan los t\u00e9rminos de acceso y uso de esta p\u00e1gina web, propiedad de EONSEA Sociedad Limitada, en adelante, \u201cla Empresa\u201d, que el usuario del portal deber\u00e1 aceptar para usar todos los servicios e informaci\u00f3n que se facilitan desde el portal. El usuario as\u00ed como la [&hellip;]<\/p>","protected":false},"author":9,"featured_media":0,"parent":0,"menu_order":0,"comment_status":"closed","ping_status":"closed","template":"","meta":{"_acf_changed":false,"_et_pb_use_builder":"on","_et_pb_old_content":"","_et_gb_content_width":"","_monsterinsights_skip_tracking":false,"_monsterinsights_sitenote_active":false,"_monsterinsights_sitenote_note":"","_monsterinsights_sitenote_category":0,"footnotes":""},"class_list":["post-1249","page","type-page","status-publish","hentry"],"acf":[],"yoast_head":"<!-- This site is optimized with the Yoast SEO plugin v26.7 - https:\/\/yoast.com\/wordpress\/plugins\/seo\/ -->\n<title>Aviso Legal - EONSEA<\/title>\n<meta name=\"description\" content=\"Aviso legal EONSEA. T\u00e9rminos y condiciones de uso, derechos de propiedad intelectual, y responsabilidades del acceso y uso de nuestra web.\" \/>\n<meta name=\"robots\" content=\"index, follow, max-snippet:-1, max-image-preview:large, max-video-preview:-1\" \/>\n<link rel=\"canonical\" href=\"https:\/\/eon-sea.com\/en\/aviso-legal\/\" \/>\n<meta property=\"og:locale\" content=\"en_GB\" \/>\n<meta property=\"og:type\" content=\"article\" \/>\n<meta property=\"og:title\" content=\"Aviso Legal - EONSEA\" \/>\n<meta property=\"og:description\" content=\"Aviso legal EONSEA. T\u00e9rminos y condiciones de uso, derechos de propiedad intelectual, y responsabilidades del acceso y uso de nuestra web.\" \/>\n<meta property=\"og:url\" content=\"https:\/\/eon-sea.com\/en\/aviso-legal\/\" \/>\n<meta property=\"og:site_name\" content=\"EONSEA\" \/>\n<meta property=\"article:modified_time\" content=\"2025-06-02T10:19:43+00:00\" \/>\n<meta name=\"twitter:card\" content=\"summary_large_image\" \/>\n<meta name=\"twitter:site\" content=\"@eon_sea\" \/>\n<meta name=\"twitter:label1\" content=\"Estimated reading time\" \/>\n\t<meta name=\"twitter:data1\" content=\"4 minutes\" \/>\n<script type=\"application\/ld+json\" class=\"yoast-schema-graph\">{\"@context\":\"https:\/\/schema.org\",\"@graph\":[{\"@type\":\"WebPage\",\"@id\":\"https:\/\/eon-sea.com\/en\/aviso-legal\/\",\"url\":\"https:\/\/eon-sea.com\/en\/aviso-legal\/\",\"name\":\"Aviso Legal - EONSEA\",\"isPartOf\":{\"@id\":\"https:\/\/seagreen-hawk-426743.hostingersite.com\/#website\"},\"datePublished\":\"2024-03-12T17:01:02+00:00\",\"dateModified\":\"2025-06-02T10:19:43+00:00\",\"description\":\"Aviso legal EONSEA. T\u00e9rminos y condiciones de uso, derechos de propiedad intelectual, y responsabilidades del acceso y uso de nuestra web.\",\"breadcrumb\":{\"@id\":\"https:\/\/eon-sea.com\/en\/aviso-legal\/#breadcrumb\"},\"inLanguage\":\"en-GB\",\"potentialAction\":[{\"@type\":\"ReadAction\",\"target\":[\"https:\/\/eon-sea.com\/en\/aviso-legal\/\"]}]},{\"@type\":\"BreadcrumbList\",\"@id\":\"https:\/\/eon-sea.com\/en\/aviso-legal\/#breadcrumb\",\"itemListElement\":[{\"@type\":\"ListItem\",\"position\":1,\"name\":\"Portada\",\"item\":\"https:\/\/eon-sea.com\/\"},{\"@type\":\"ListItem\",\"position\":2,\"name\":\"Aviso Legal\"}]},{\"@type\":\"WebSite\",\"@id\":\"https:\/\/seagreen-hawk-426743.hostingersite.com\/#website\",\"url\":\"https:\/\/seagreen-hawk-426743.hostingersite.com\/\",\"name\":\"EONSEA\",\"description\":\"Inspecci\u00f3n de embarcaciones con ROVs e IA\",\"potentialAction\":[{\"@type\":\"SearchAction\",\"target\":{\"@type\":\"EntryPoint\",\"urlTemplate\":\"https:\/\/seagreen-hawk-426743.hostingersite.com\/?s={search_term_string}\"},\"query-input\":{\"@type\":\"PropertyValueSpecification\",\"valueRequired\":true,\"valueName\":\"search_term_string\"}}],\"inLanguage\":\"en-GB\"}]}<\/script>\n<!-- \/ Yoast SEO plugin. -->","yoast_head_json":{"title":"Aviso Legal - EONSEA","description":"Aviso legal EONSEA. T\u00e9rminos y condiciones de uso, derechos de propiedad intelectual, y responsabilidades del acceso y uso de nuestra web.","robots":{"index":"index","follow":"follow","max-snippet":"max-snippet:-1","max-image-preview":"max-image-preview:large","max-video-preview":"max-video-preview:-1"},"canonical":"https:\/\/eon-sea.com\/en\/aviso-legal\/","og_locale":"en_GB","og_type":"article","og_title":"Aviso Legal - EONSEA","og_description":"Aviso legal EONSEA. T\u00e9rminos y condiciones de uso, derechos de propiedad intelectual, y responsabilidades del acceso y uso de nuestra web.","og_url":"https:\/\/eon-sea.com\/en\/aviso-legal\/","og_site_name":"EONSEA","article_modified_time":"2025-06-02T10:19:43+00:00","twitter_card":"summary_large_image","twitter_site":"@eon_sea","twitter_misc":{"Estimated reading time":"4 minutes"},"schema":{"@context":"https:\/\/schema.org","@graph":[{"@type":"WebPage","@id":"https:\/\/eon-sea.com\/en\/aviso-legal\/","url":"https:\/\/eon-sea.com\/en\/aviso-legal\/","name":"Aviso Legal - EONSEA","isPartOf":{"@id":"https:\/\/seagreen-hawk-426743.hostingersite.com\/#website"},"datePublished":"2024-03-12T17:01:02+00:00","dateModified":"2025-06-02T10:19:43+00:00","description":"Aviso legal EONSEA. T\u00e9rminos y condiciones de uso, derechos de propiedad intelectual, y responsabilidades del acceso y uso de nuestra web.","breadcrumb":{"@id":"https:\/\/eon-sea.com\/en\/aviso-legal\/#breadcrumb"},"inLanguage":"en-GB","potentialAction":[{"@type":"ReadAction","target":["https:\/\/eon-sea.com\/en\/aviso-legal\/"]}]},{"@type":"BreadcrumbList","@id":"https:\/\/eon-sea.com\/en\/aviso-legal\/#breadcrumb","itemListElement":[{"@type":"ListItem","position":1,"name":"Portada","item":"https:\/\/eon-sea.com\/"},{"@type":"ListItem","position":2,"name":"Aviso Legal"}]},{"@type":"WebSite","@id":"https:\/\/seagreen-hawk-426743.hostingersite.com\/#website","url":"https:\/\/seagreen-hawk-426743.hostingersite.com\/","name":"EONSEA","description":"Inspecci\u00f3n de embarcaciones con ROVs e IA","potentialAction":[{"@type":"SearchAction","target":{"@type":"EntryPoint","urlTemplate":"https:\/\/seagreen-hawk-426743.hostingersite.com\/?s={search_term_string}"},"query-input":{"@type":"PropertyValueSpecification","valueRequired":true,"valueName":"search_term_string"}}],"inLanguage":"en-GB"}]}},"_links":{"self":[{"href":"https:\/\/eon-sea.com\/en\/wp-json\/wp\/v2\/pages\/1249","targetHints":{"allow":["GET"]}}],"collection":[{"href":"https:\/\/eon-sea.com\/en\/wp-json\/wp\/v2\/pages"}],"about":[{"href":"https:\/\/eon-sea.com\/en\/wp-json\/wp\/v2\/types\/page"}],"author":[{"embeddable":true,"href":"https:\/\/eon-sea.com\/en\/wp-json\/wp\/v2\/users\/9"}],"replies":[{"embeddable":true,"href":"https:\/\/eon-sea.com\/en\/wp-json\/wp\/v2\/comments?post=1249"}],"version-history":[{"count":7,"href":"https:\/\/eon-sea.com\/en\/wp-json\/wp\/v2\/pages\/1249\/revisions"}],"predecessor-version":[{"id":5769,"href":"https:\/\/eon-sea.com\/en\/wp-json\/wp\/v2\/pages\/1249\/revisions\/5769"}],"wp:attachment":[{"href":"https:\/\/eon-sea.com\/en\/wp-json\/wp\/v2\/media?parent=1249"}],"curies":[{"name":"wp","href":"https:\/\/api.w.org\/{rel}","templated":true}]}}