{"id":6278,"date":"2025-11-05T13:50:35","date_gmt":"2025-11-05T11:50:35","guid":{"rendered":"https:\/\/eon-sea.com\/?page_id=6278"},"modified":"2025-11-07T11:55:25","modified_gmt":"2025-11-07T09:55:25","slug":"contacto-2","status":"publish","type":"page","link":"https:\/\/eon-sea.com\/en\/contacto-2\/","title":{"rendered":"Contact us"},"content":{"rendered":"<p>[et_pb_section fb_built=\u00bb1&#8243; _builder_version=\u00bb4.27.4&#8243; _module_preset=\u00bbdefault\u00bb use_background_color_gradient=\u00bbon\u00bb background_color_gradient_stops=\u00bb#000000 0%|rgba(255,255,255,0) 19%|rgba(255,255,255,0) 81%|#000000 100%\u00bb background_color_gradient_overlays_image=\u00bbon\u00bb background_image=\u00bbhttps:\/\/eon-sea.com\/wp-content\/uploads\/2025\/11\/pexels-ian-panelo-14657160-scaled.jpg\u00bb min_height=\u00bb1024px\u00bb custom_margin=\u00bb-51px|0px|0px|0px|false|false\u00bb custom_padding=\u00bb40px|0px|0px|0px|false|false\u00bb locked=\u00bboff\u00bb global_colors_info=\u00bb{}\u00bb][et_pb_row column_structure=\u00bb1_2,1_2&#8243; custom_padding_last_edited=\u00bbon|phone\u00bb _builder_version=\u00bb4.27.4&#8243; _module_preset=\u00bbdefault\u00bb width=\u00bb100%\u00bb max_width=\u00bb1366px\u00bb module_alignment=\u00bbcenter\u00bb custom_margin=\u00bb0px|0px|0px|0px|false|false\u00bb custom_padding=\u00bb109px|60px|88px|60px|false|false\u00bb custom_padding_tablet=\u00bb80px|0px|20px|0px|false|false\u00bb custom_padding_phone=\u00bb60px|0px|20px|0px|false|false\u00bb custom_css_free_form=\u00bb@media (max-width: 767px) {||    .et_pb_text_0 .et_pb_text_inner {||        padding-left: 20px !important;||        padding-right: 20px !important;||    }||}||||\/* Tablets: 768px a 980px *\/||@media (min-width: 768px) and (max-width: 980px) {||    .et_pb_text_0 .et_pb_text_inner {||        padding-left: 25px !important;||        padding-right: 25px !important;||    }||}\u00bb global_colors_info=\u00bb{}\u00bb][et_pb_column type=\u00bb1_2&#8243; _builder_version=\u00bb4.24.0&#8243; _module_preset=\u00bbdefault\u00bb global_colors_info=\u00bb%91%93&#8243;][et_pb_heading title=\u00bbCONTACTA CON NOSOTROS \u00bb _builder_version=\u00bb4.27.4&#8243; _module_preset=\u00bbdefault\u00bb title_level=\u00bbh2&#8243; title_font=\u00bbSuiGenerisLight|||on|||||\u00bb title_text_align=\u00bbcenter\u00bb title_text_color=\u00bb#FFFFFF\u00bb title_font_size=\u00bb28px\u00bb title_line_height=\u00bb33px\u00bb min_height=\u00bb56px\u00bb custom_margin=\u00bb105px|0px|0px|0px|false|false\u00bb custom_padding=\u00bb4px|0px|0px|0px|false|false\u00bb global_colors_info=\u00bb{}\u00bb][\/et_pb_heading][et_pb_text _builder_version=\u00bb4.27.4&#8243; _module_preset=\u00bbdefault\u00bb text_font=\u00bbOpen Sans||||||||\u00bb text_text_color=\u00bb#FFFFFF\u00bb text_font_size=\u00bb18px\u00bb text_line_height=\u00bb24px\u00bb text_orientation=\u00bbcenter\u00bb custom_margin=\u00bb20px|0px|0px|0px|false|false\u00bb custom_padding=\u00bb3px|0px|0px|0px|false|false\u00bb global_colors_info=\u00bb{}\u00bb]<\/p>\n<p class=\"p1\" style=\"text-align: justify;\">We support organisations in the assessment and maintenance of underwater infrastructure through inspections using drones controlled by expert operators.<\/p>\n<p class=\"p1\" style=\"text-align: justify;\">Our advanced artificial intelligence video processing enables you to obtain accurate information, reduce operational risks, and optimise decision-making.<\/p>\n<p class=\"p1\" style=\"text-align: justify;\">Contact us to find out how we can help you ensure the integrity of your underwater assets.<\/p>\n<p>[\/et_pb_text][\/et_pb_column][et_pb_column type=\u00bb1_2&#8243; _builder_version=\u00bb4.24.0&#8243; _module_preset=\u00bbdefault\u00bb global_colors_info=\u00bb%91%93&#8243;][et_pb_text module_class=\u00bbcontact-form-wrapper\u00bb _builder_version=\u00bb4.24.0&#8243; _module_preset=\u00bbdefault\u00bb custom_margin=\u00bb63px|0px|0px|0px|false|false\u00bb custom_margin_tablet=\u00bb30px||||false|false\u00bb custom_margin_phone=\u00bb30px|0px|0px|0px|false|false\u00bb custom_margin_last_edited=\u00bbon|tablet\u00bb custom_padding=\u00bb0px|0px|0px|0px|false|false\u00bb custom_css_free_form=\u00bb.contact-form-wrapper .forminator-input {||  height: 56px !important;||\tborder:none !important;||}||.contact-form-wrapper  .forminator-textarea{||  border:none !important;||}||.contact-form-wrapper .forminator-input::placeholder, .contact-form-wrapper .forminator-textarea::placeholder{||  text-align: left !important;||font-family: Open Sans !important;||  font-weight:400 !important;||  font-size:12px !important;||letter-spacing: 0px;||color: #000000 !important;||opacity: 1;||  padding-left:20px !important;||}||.contact-form-wrapper .forminator-button {||  align-content: center !important;||    display: flex !important;||  padding: 17px 77px !important;||  background: #000000 !important;||  font-family: %22sui-generis%22 !important;||  font-style: normal !important;||  font-weight: 300 !important;||  font-size: 16px !important;||  line-height: 19px !important;||  letter-spacing: 0 !important;||  color: #FFF !important;||  text-transform: uppercase !important;||  margin: 0 auto !important;||}||.contact-form-wrapper .forminator-edit-module{||  display:none !important;||}||@media(max-width:991px){||  .contact-form-wrapper form{||    padding:20px !important;||  }||  .contact-form-wrapper .forminator-button{||    width:225px !important;||  }||}||\u00bb global_colors_info=\u00bb{}\u00bb]<\/p>\n<div class=\"forminator-ui forminator-custom-form forminator-custom-form-919 forminator-design--default  forminator_ajax\" data-forminator-render=\"0\" data-form=\"forminator-module-919\" data-uid=\"69dfeef8463cb\"><br\/><\/div><form\n\t\t\t\tid=\"forminator-module-919\"\n\t\t\t\tclass=\"forminator-ui forminator-custom-form forminator-custom-form-919 forminator-design--default  forminator_ajax\"\n\t\t\t\tmethod=\"post\"\n\t\t\t\tdata-forminator-render=\"0\"\n\t\t\t\tdata-form-id=\"919\"\n\t\t\t\t data-color-option=\"default\" data-design=\"default\" data-grid=\"open\" style=\"display: none;\"\n\t\t\t\tdata-uid=\"69dfeef8463cb\" action=\"\"\n\t\t\t><div role=\"alert\" aria-live=\"polite\" class=\"forminator-response-message forminator-error\" aria-hidden=\"true\"><\/div><div class=\"forminator-row\"><div id=\"name-1\" class=\"forminator-field-name forminator-col forminator-col-6\"><div class=\"forminator-field\"><input type=\"text\" name=\"name-1\" value=\"\" placeholder=\"Name*\" id=\"forminator-field-name-1_69dfeef8463cb\" class=\"forminator-input forminator-name--field\" aria-required=\"true\" autocomplete=\"name\" \/><\/div><\/div><div id=\"name-2\" class=\"forminator-field-name forminator-col forminator-col-6\"><div class=\"forminator-field\"><input type=\"text\" name=\"name-2\" value=\"\" placeholder=\"Surnames*\" id=\"forminator-field-name-2_69dfeef8463cb\" class=\"forminator-input forminator-name--field\" aria-required=\"true\" autocomplete=\"name\" \/><\/div><\/div><\/div><div class=\"forminator-row\"><div id=\"phone-1\" class=\"forminator-field-phone forminator-col forminator-col-6\"><div class=\"forminator-field\"><input type=\"text\" name=\"phone-1\" value=\"\" placeholder=\"Telephone\" id=\"forminator-field-phone-1_69dfeef8463cb\" class=\"forminator-input forminator-field--phone\" data-required=\"\" aria-required=\"false\" autocomplete=\"off\" data-national_mode=\"disabled\" data-country=\"es\" data-validation=\"international\" \/><\/div><\/div><div id=\"email-1\" class=\"forminator-field-email forminator-col forminator-col-6\"><div class=\"forminator-field\"><input type=\"email\" name=\"email-1\" value=\"\" placeholder=\"Email\" id=\"forminator-field-email-1_69dfeef8463cb\" class=\"forminator-input forminator-email--field\" data-required=\"true\" aria-required=\"true\" autocomplete=\"email\" \/><\/div><\/div><\/div><div class=\"forminator-row\"><div id=\"textarea-1\" class=\"forminator-field-textarea forminator-col forminator-col-12\"><div class=\"forminator-field\"><textarea name=\"textarea-1\" placeholder=\"Your message*\" id=\"forminator-field-textarea-1_69dfeef8463cb\" class=\"forminator-textarea\" rows=\"6\" style=\"min-height:140px;\" maxlength=\"700\" ><\/textarea><span id=\"forminator-field-textarea-1_69dfeef8463cb-description\" class=\"forminator-description\"><span data-limit=\"700\" data-type=\"characters\" data-editor=\"\">0 \/ 700<\/span><\/span><\/div><\/div><\/div><div class=\"forminator-row\"><div id=\"consent-1\" class=\"forminator-field-consent forminator-col forminator-col-12\"><div class=\"forminator-field\"><div class=\"forminator-checkbox__wrapper\"><label id=\"forminator-field-consent-1_69dfeef8463cb__label\" class=\"forminator-checkbox forminator-consent\" aria-labelledby=\"forminator-field-consent-1_69dfeef8463cb-label\"><input type=\"checkbox\" name=\"consent-1\" id=\"forminator-field-consent-1_69dfeef8463cb\" value=\"checked\" aria-labelledby=\"forminator-field-consent-1_69dfeef8463cb-label\" aria-describedby=\"forminator-field-consent-1_69dfeef8463cb__description\" data-required=\"true\" aria-required=\"true\" \/><span class=\"forminator-checkbox-box\" aria-hidden=\"true\"><\/span><\/label><div id=\"forminator-field-consent-1_69dfeef8463cb__description\" class=\"forminator-checkbox__label forminator-consent__label\"><p><span style=\"color: #ffffff\">Yes, I agree with the<\/span> <span style=\"color: #000000\"><a rel=\"noopener\" target=\"_blank\" href=\"https:\/\/eon-sea.com\/en\/politica-de-privacidad\/\" style=\"color: #000000\">privacy policy<\/a><\/span><span style=\"color: #ffffff\">.<\/span><\/p><\/div><\/div><\/div><\/div><\/div><input type=\"hidden\" name=\"referer_url\" value=\"\" \/><div class=\"forminator-row forminator-row-last\"><div class=\"forminator-col\"><div class=\"forminator-field\"><button class=\"forminator-button forminator-button-submit\">SEND<\/button><\/div><\/div><\/div><input type=\"hidden\" id=\"forminator_nonce\" name=\"forminator_nonce\" value=\"fefd6a7ae6\" \/><input type=\"hidden\" name=\"_wp_http_referer\" value=\"\/en\/wp-json\/wp\/v2\/pages\/6278\" \/><input type=\"hidden\" name=\"form_id\" value=\"919\"><input type=\"hidden\" name=\"page_id\" value=\"6278\"><input type=\"hidden\" name=\"form_type\" value=\"default\"><input type=\"hidden\" name=\"current_url\" value=\"https:\/\/eon-sea.com\/en\/contacto-2\/\"><input type=\"hidden\" name=\"render_id\" value=\"0\"><input type=\"hidden\" name=\"action\" value=\"forminator_submit_form_custom-forms\"><input type=\"hidden\" name=\"trp-form-language\" value=\"en\"\/><\/form>\n<p>[\/et_pb_text][\/et_pb_column][\/et_pb_row][\/et_pb_section]<\/p>","protected":false},"excerpt":{"rendered":"<p>Apoyamos a organizaciones en la evaluaci\u00f3n y mantenimiento de infraestructuras submarinas mediante inspecciones con drones controlados por operadores expertos. Nuestro procesamiento avanzado de video con inteligencia artificial permite obtener informaci\u00f3n precisa, reducir riesgos operativos y optimizar la toma de decisiones. Cont\u00e1ctanos para conocer c\u00f3mo podemos ayudarte a garantizar la integridad de tus activos bajo el [&hellip;]<\/p>","protected":false},"author":10,"featured_media":0,"parent":0,"menu_order":0,"comment_status":"closed","ping_status":"closed","template":"","meta":{"_acf_changed":false,"_et_pb_use_builder":"on","_et_pb_old_content":"","_et_gb_content_width":"","_monsterinsights_skip_tracking":false,"_monsterinsights_sitenote_active":false,"_monsterinsights_sitenote_note":"","_monsterinsights_sitenote_category":0,"footnotes":""},"class_list":["post-6278","page","type-page","status-publish","hentry"],"acf":[],"yoast_head":"<!-- This site is optimized with the Yoast SEO plugin v26.7 - https:\/\/yoast.com\/wordpress\/plugins\/seo\/ -->\n<title>Contacto - EONSEA<\/title>\n<meta name=\"robots\" content=\"index, follow, max-snippet:-1, max-image-preview:large, max-video-preview:-1\" \/>\n<link rel=\"canonical\" href=\"https:\/\/eon-sea.com\/en\/contacto-2\/\" \/>\n<meta property=\"og:locale\" content=\"en_GB\" \/>\n<meta property=\"og:type\" content=\"article\" \/>\n<meta property=\"og:title\" content=\"Contacto - EONSEA\" \/>\n<meta property=\"og:description\" content=\"Apoyamos a organizaciones en la evaluaci\u00f3n y mantenimiento de infraestructuras submarinas mediante inspecciones con drones controlados por operadores expertos. Nuestro procesamiento avanzado de video con inteligencia artificial permite obtener informaci\u00f3n precisa, reducir riesgos operativos y optimizar la toma de decisiones. Cont\u00e1ctanos para conocer c\u00f3mo podemos ayudarte a garantizar la integridad de tus activos bajo el [&hellip;]\" \/>\n<meta property=\"og:url\" content=\"https:\/\/eon-sea.com\/en\/contacto-2\/\" \/>\n<meta property=\"og:site_name\" content=\"EONSEA\" \/>\n<meta property=\"article:modified_time\" content=\"2025-11-07T09:55:25+00:00\" \/>\n<meta name=\"twitter:card\" content=\"summary_large_image\" \/>\n<meta name=\"twitter:site\" content=\"@eon_sea\" \/>\n<meta name=\"twitter:label1\" content=\"Estimated reading time\" \/>\n\t<meta name=\"twitter:data1\" content=\"1 minute\" \/>\n<script type=\"application\/ld+json\" class=\"yoast-schema-graph\">{\"@context\":\"https:\/\/schema.org\",\"@graph\":[{\"@type\":\"WebPage\",\"@id\":\"https:\/\/eon-sea.com\/contacto-2\/\",\"url\":\"https:\/\/eon-sea.com\/contacto-2\/\",\"name\":\"Contacto - EONSEA\",\"isPartOf\":{\"@id\":\"https:\/\/seagreen-hawk-426743.hostingersite.com\/#website\"},\"datePublished\":\"2025-11-05T11:50:35+00:00\",\"dateModified\":\"2025-11-07T09:55:25+00:00\",\"breadcrumb\":{\"@id\":\"https:\/\/eon-sea.com\/contacto-2\/#breadcrumb\"},\"inLanguage\":\"en-GB\",\"potentialAction\":[{\"@type\":\"ReadAction\",\"target\":[\"https:\/\/eon-sea.com\/contacto-2\/\"]}]},{\"@type\":\"BreadcrumbList\",\"@id\":\"https:\/\/eon-sea.com\/contacto-2\/#breadcrumb\",\"itemListElement\":[{\"@type\":\"ListItem\",\"position\":1,\"name\":\"Portada\",\"item\":\"https:\/\/eon-sea.com\/\"},{\"@type\":\"ListItem\",\"position\":2,\"name\":\"Contacto\"}]},{\"@type\":\"WebSite\",\"@id\":\"https:\/\/seagreen-hawk-426743.hostingersite.com\/#website\",\"url\":\"https:\/\/seagreen-hawk-426743.hostingersite.com\/\",\"name\":\"EONSEA\",\"description\":\"Inspecci\u00f3n de embarcaciones con ROVs e IA\",\"potentialAction\":[{\"@type\":\"SearchAction\",\"target\":{\"@type\":\"EntryPoint\",\"urlTemplate\":\"https:\/\/seagreen-hawk-426743.hostingersite.com\/?s={search_term_string}\"},\"query-input\":{\"@type\":\"PropertyValueSpecification\",\"valueRequired\":true,\"valueName\":\"search_term_string\"}}],\"inLanguage\":\"en-GB\"}]}<\/script>\n<!-- \/ Yoast SEO plugin. -->","yoast_head_json":{"title":"Contacto - EONSEA","robots":{"index":"index","follow":"follow","max-snippet":"max-snippet:-1","max-image-preview":"max-image-preview:large","max-video-preview":"max-video-preview:-1"},"canonical":"https:\/\/eon-sea.com\/en\/contacto-2\/","og_locale":"en_GB","og_type":"article","og_title":"Contacto - EONSEA","og_description":"Apoyamos a organizaciones en la evaluaci\u00f3n y mantenimiento de infraestructuras submarinas mediante inspecciones con drones controlados por operadores expertos. Nuestro procesamiento avanzado de video con inteligencia artificial permite obtener informaci\u00f3n precisa, reducir riesgos operativos y optimizar la toma de decisiones. Cont\u00e1ctanos para conocer c\u00f3mo podemos ayudarte a garantizar la integridad de tus activos bajo el [&hellip;]","og_url":"https:\/\/eon-sea.com\/en\/contacto-2\/","og_site_name":"EONSEA","article_modified_time":"2025-11-07T09:55:25+00:00","twitter_card":"summary_large_image","twitter_site":"@eon_sea","twitter_misc":{"Estimated reading time":"1 minute"},"schema":{"@context":"https:\/\/schema.org","@graph":[{"@type":"WebPage","@id":"https:\/\/eon-sea.com\/contacto-2\/","url":"https:\/\/eon-sea.com\/contacto-2\/","name":"Contacto - EONSEA","isPartOf":{"@id":"https:\/\/seagreen-hawk-426743.hostingersite.com\/#website"},"datePublished":"2025-11-05T11:50:35+00:00","dateModified":"2025-11-07T09:55:25+00:00","breadcrumb":{"@id":"https:\/\/eon-sea.com\/contacto-2\/#breadcrumb"},"inLanguage":"en-GB","potentialAction":[{"@type":"ReadAction","target":["https:\/\/eon-sea.com\/contacto-2\/"]}]},{"@type":"BreadcrumbList","@id":"https:\/\/eon-sea.com\/contacto-2\/#breadcrumb","itemListElement":[{"@type":"ListItem","position":1,"name":"Portada","item":"https:\/\/eon-sea.com\/"},{"@type":"ListItem","position":2,"name":"Contacto"}]},{"@type":"WebSite","@id":"https:\/\/seagreen-hawk-426743.hostingersite.com\/#website","url":"https:\/\/seagreen-hawk-426743.hostingersite.com\/","name":"EONSEA","description":"Inspecci\u00f3n de embarcaciones con ROVs e IA","potentialAction":[{"@type":"SearchAction","target":{"@type":"EntryPoint","urlTemplate":"https:\/\/seagreen-hawk-426743.hostingersite.com\/?s={search_term_string}"},"query-input":{"@type":"PropertyValueSpecification","valueRequired":true,"valueName":"search_term_string"}}],"inLanguage":"en-GB"}]}},"_links":{"self":[{"href":"https:\/\/eon-sea.com\/en\/wp-json\/wp\/v2\/pages\/6278","targetHints":{"allow":["GET"]}}],"collection":[{"href":"https:\/\/eon-sea.com\/en\/wp-json\/wp\/v2\/pages"}],"about":[{"href":"https:\/\/eon-sea.com\/en\/wp-json\/wp\/v2\/types\/page"}],"author":[{"embeddable":true,"href":"https:\/\/eon-sea.com\/en\/wp-json\/wp\/v2\/users\/10"}],"replies":[{"embeddable":true,"href":"https:\/\/eon-sea.com\/en\/wp-json\/wp\/v2\/comments?post=6278"}],"version-history":[{"count":9,"href":"https:\/\/eon-sea.com\/en\/wp-json\/wp\/v2\/pages\/6278\/revisions"}],"predecessor-version":[{"id":6439,"href":"https:\/\/eon-sea.com\/en\/wp-json\/wp\/v2\/pages\/6278\/revisions\/6439"}],"wp:attachment":[{"href":"https:\/\/eon-sea.com\/en\/wp-json\/wp\/v2\/media?parent=6278"}],"curies":[{"name":"wp","href":"https:\/\/api.w.org\/{rel}","templated":true}]}}