{"id":1244,"date":"2024-03-12T16:59:19","date_gmt":"2024-03-12T16:59:19","guid":{"rendered":"https:\/\/eon-sea.com\/?page_id=1244"},"modified":"2025-06-20T14:52:40","modified_gmt":"2025-06-20T12:52:40","slug":"politica-de-cookies","status":"publish","type":"page","link":"https:\/\/eon-sea.com\/fr\/politica-de-cookies\/","title":{"rendered":"Politique en mati\u00e8re de cookies"},"content":{"rendered":"<p>[et_pb_section fb_built=\u00bb1&#8243; admin_label=\u00bbsection\u00bb _builder_version=\u00bb4.27.4&#8243; custom_padding=\u00bb200px||||false|false\u00bb global_colors_info=\u00bb{}\u00bb][et_pb_row admin_label=\u00bbrow\u00bb _builder_version=\u00bb4.16&#8243; background_size=\u00bbinitial\u00bb background_position=\u00bbtop_left\u00bb background_repeat=\u00bbrepeat\u00bb global_colors_info=\u00bb{}\u00bb][et_pb_column type=\u00bb4_4&#8243; _builder_version=\u00bb4.16&#8243; custom_padding=\u00bb|||\u00bb global_colors_info=\u00bb{}\u00bb custom_padding__hover=\u00bb|||\u00bb][et_pb_text _builder_version=\u00bb4.24.0&#8243; _module_preset=\u00bbdefault\u00bb global_colors_info=\u00bb{}\u00bb]<\/p>\n<h1>Politique en mati\u00e8re de cookies<\/h1>\n<p>[\/et_pb_text][et_pb_text _builder_version=\u00bb4.27.4&#8243; _module_preset=\u00bbdefault\u00bb hover_enabled=\u00bb0&#8243; global_colors_info=\u00bb{}\u00bb sticky_enabled=\u00bb0&#8243;]En EONSEA, con sitio web en <a href=\"https:\/\/eon-sea.com\/fr\/\">https:\/\/eon-sea.com\/<\/a>, Nous utilisons des cookies pour am\u00e9liorer votre exp\u00e9rience de navigation et vous fournir un contenu personnalis\u00e9. Un cookie est un \u00e9l\u00e9ment d'information qui est stock\u00e9 sur votre appareil lorsque vous visitez certaines pages web. Ces cookies nous permettent de comprendre comment vous interagissez avec notre site et nous aident \u00e0 am\u00e9liorer votre exp\u00e9rience lors de vos prochaines visites.<\/p>\n<h2>Types de cookies utilis\u00e9s<\/h2>\n<p>Nous utilisons plusieurs types de cookies sur notre site web :<\/p>\n<ul>\n<li><strong>Cookies n\u00e9cessaires :<\/strong>\u00a0Ils sont essentiels au fonctionnement du site web et ne peuvent \u00eatre d\u00e9sactiv\u00e9s sur nos syst\u00e8mes.<\/li>\n<li><strong>Cookies de performance et d'analyse :<\/strong>\u00a0Ils nous permettent de reconna\u00eetre et de compter le nombre de visiteurs, ainsi que de voir comment ils se d\u00e9placent sur le site lorsqu'ils l'utilisent. Cela nous aide \u00e0 am\u00e9liorer le fonctionnement de notre site web, par exemple en veillant \u00e0 ce que les utilisateurs trouvent facilement ce qu'ils cherchent.<\/li>\n<li><strong>Cookies de fonctionnalit\u00e9 :<\/strong>\u00a0Ils sont utilis\u00e9s pour vous reconna\u00eetre lorsque vous revenez sur notre site web. Cela nous permet de personnaliser notre contenu, de vous accueillir par votre nom et de nous souvenir de vos pr\u00e9f\u00e9rences (par exemple, votre choix de langue ou de r\u00e9gion).<\/li>\n<li><strong>Cookies publicitaires :<\/strong>\u00a0Nous enregistrons votre visite sur notre site web, les pages que vous avez consult\u00e9es et les liens que vous avez suivis. Nous utilisons ces informations pour rendre notre site web et la publicit\u00e9 qui y est affich\u00e9e plus adapt\u00e9s \u00e0 vos int\u00e9r\u00eats.<\/li>\n<\/ul>\n<h2>Votre consentement<\/h2>\n<p>En utilisant notre site web, vous consentez \u00e0 l'utilisation de cookies conform\u00e9ment \u00e0 la pr\u00e9sente politique en mati\u00e8re de cookies. Si vous choisissez de ne pas accepter nos cookies, certaines parties de notre site web pourraient ne pas fonctionner comme pr\u00e9vu.<\/p>\n<table border=\"1\">\n<thead>\n<tr>\n<th>Nom<\/th>\n<th>Domaine<\/th>\n<th>Type<\/th>\n<th>Dur\u00e9e de l'accord<\/th>\n<th>Description<\/th>\n<\/tr>\n<\/thead>\n<tbody>\n<tr>\n<td>yeux-consentement<\/td>\n<td>eon-sea.com<\/td>\n<td>Besoin d'aide<\/td>\n<td>1 an<\/td>\n<td>G\u00e8re le consentement de l'utilisateur aux cookies.<\/td>\n<\/tr>\n<tr>\n<td>et-editor-available-post-1236-bb<\/td>\n<td>eon-sea.com<\/td>\n<td>Fonctionnel<\/td>\n<td>1 an<\/td>\n<td>Indique si l'\u00e9diteur est disponible pour le poste.<\/td>\n<\/tr>\n<tr>\n<td>et-editor-available-post-1236-fb<\/td>\n<td>eon-sea.com<\/td>\n<td>Fonctionnel<\/td>\n<td>1 an<\/td>\n<td>D\u00e9terminez si l'\u00e9diteur Facebook est disponible pour le message.<\/td>\n<\/tr>\n<tr>\n<td>et-editor-available-post-1244-fb<\/td>\n<td>eon-sea.com<\/td>\n<td>Fonctionnel<\/td>\n<td>1 an<\/td>\n<td>D\u00e9terminez si l'\u00e9diteur Facebook est disponible pour un autre message.<\/td>\n<\/tr>\n<tr>\n<td>et-editor-available-post-1249-fb<\/td>\n<td>eon-sea.com<\/td>\n<td>Fonctionnel<\/td>\n<td>1 an<\/td>\n<td>D\u00e9terminez si l'\u00e9diteur Facebook est disponible pour un autre message.<\/td>\n<\/tr>\n<tr>\n<td>et-saved-post-1236-bb<\/td>\n<td>eon-sea.com<\/td>\n<td>Fonctionnel<\/td>\n<td>1 an<\/td>\n<td>Sauvegarde des informations des messages enregistr\u00e9s.<\/td>\n<\/tr>\n<tr>\n<td>sbjs_current<\/td>\n<td>.eon-sea.com<\/td>\n<td>Fonctionnel<\/td>\n<td>Session<\/td>\n<td>Enregistre les donn\u00e9es de la session en cours de l'utilisateur \u00e0 des fins d'analyse du trafic.<\/td>\n<\/tr>\n<tr>\n<td>sbjs_current_add<\/td>\n<td>.eon-sea.com<\/td>\n<td>Fonctionnel<\/td>\n<td>Session<\/td>\n<td>Ajoute des donn\u00e9es suppl\u00e9mentaires \u00e0 la session en cours de l'utilisateur.<\/td>\n<\/tr>\n<tr>\n<td>sbjs_first<\/td>\n<td>.eon-sea.com<\/td>\n<td>Fonctionnel<\/td>\n<td>Session<\/td>\n<td>Stocke les informations relatives \u00e0 la premi\u00e8re visite de l'utilisateur sur le site.<\/td>\n<\/tr>\n<tr>\n<td>sbjs_first_add<\/td>\n<td>.eon-sea.com<\/td>\n<td>Fonctionnel<\/td>\n<td>Session<\/td>\n<td>Ajoute des donn\u00e9es suppl\u00e9mentaires \u00e0 la premi\u00e8re visite de l'utilisateur.<\/td>\n<\/tr>\n<tr>\n<td>sbjs_migrations<\/td>\n<td>.eon-sea.com<\/td>\n<td>Fonctionnel<\/td>\n<td>Session<\/td>\n<td>Sauvegarder les versions migr\u00e9es pour l'analyse de l'utilisateur.<\/td>\n<\/tr>\n<tr>\n<td>sbjs_session<\/td>\n<td>.eon-sea.com<\/td>\n<td>Fonctionnel<\/td>\n<td>1 jour<\/td>\n<td>Enregistre les donn\u00e9es de la session de navigation en cours.<\/td>\n<\/tr>\n<tr>\n<td>sbjs_udata<\/td>\n<td>.eon-sea.com<\/td>\n<td>Fonctionnel<\/td>\n<td>Session<\/td>\n<td>Sauvegarde des donn\u00e9es de l'utilisateur afin d'am\u00e9liorer l'exp\u00e9rience de l'utilisateur.<\/td>\n<\/tr>\n<tr>\n<td>tk_ai<\/td>\n<td>eon-sea.com<\/td>\n<td>Fonctionnel<\/td>\n<td>Session<\/td>\n<td>Utilis\u00e9 comme identifiant anonyme si l'utilisateur connect\u00e9 n'est pas connect\u00e9 \u00e0 WordPress.com.<\/td>\n<\/tr>\n<tr>\n<td>woocommerce_cart_hash<\/td>\n<td>eon-sea.com<\/td>\n<td>Fonctionnel<\/td>\n<td>Session<\/td>\n<td>Aide WooCommerce \u00e0 d\u00e9terminer si le contenu ou les donn\u00e9es du panier ont \u00e9t\u00e9 modifi\u00e9s.<\/td>\n<\/tr>\n<tr>\n<td>woocommerce_items_in_cart<\/td>\n<td>eon-sea.com<\/td>\n<td>Fonctionnel<\/td>\n<td>Session<\/td>\n<td>Sauvegarde des produits pr\u00e9sents dans le panier d'achat.<\/td>\n<\/tr>\n<tr>\n<td>wordpress_logged_in<\/td>\n<td>eon-sea.com<\/td>\n<td>Besoin d'aide<\/td>\n<td>Session<\/td>\n<td>Indique quand vous \u00eates connect\u00e9 et qui vous \u00eates, utilis\u00e9 pour l'interface de WordPress.<\/td>\n<\/tr>\n<tr>\n<td>wordpress_sec<\/td>\n<td>eon-sea.com<\/td>\n<td>Besoin d'aide<\/td>\n<td>Session<\/td>\n<td>Il est utilis\u00e9 comme mesure de s\u00e9curit\u00e9 pour les utilisateurs connect\u00e9s.<\/td>\n<\/tr>\n<tr>\n<td>wordpress_test_cookie<\/td>\n<td>eon-sea.com<\/td>\n<td>Besoin d'aide<\/td>\n<td>Session<\/td>\n<td>Permet de v\u00e9rifier si le navigateur de l'utilisateur accepte les cookies.<\/td>\n<\/tr>\n<tr>\n<td>wp-settings-3<\/td>\n<td>eon-sea.com<\/td>\n<td>Fonctionnel<\/td>\n<td>1 an<\/td>\n<td>Personnaliser l'affichage de l'interface d'administration et de la vue principale du site.<\/td>\n<\/tr>\n<tr>\n<td>wp-settings-time-3<\/td>\n<td>eon-sea.com<\/td>\n<td>Fonctionnel<\/td>\n<td>1 an<\/td>\n<td>Sauvegarde l'heure \u00e0 laquelle wp-settings-3 a \u00e9t\u00e9 d\u00e9fini.<\/td>\n<\/tr>\n<\/tbody>\n<\/table>\n<h2>Comment g\u00e9rer les cookies<\/h2>\n<p>Vous pouvez g\u00e9rer et\/ou supprimer les cookies comme vous le souhaitez. Pour plus d'informations, consultez le site aboutcookies.org. Vous pouvez supprimer tous les cookies qui se trouvent d\u00e9j\u00e0 sur votre ordinateur et vous pouvez configurer la plupart des navigateurs pour emp\u00eacher leur installation. Toutefois, dans ce cas, il se peut que vous deviez ajuster manuellement certaines pr\u00e9f\u00e9rences \u00e0 chaque fois que vous visitez un site et que certains services et fonctionnalit\u00e9s ne fonctionnent pas.<\/p>\n<h2>Contact<\/h2>\n<p>Si vous avez des questions concernant notre politique en mati\u00e8re de cookies, vous pouvez nous contacter \u00e0 l'adresse suivante <a href=\"mailto:support@eonsea.com\">soutien@<span data-teams=\"true\"><\/span><\/a><a aria-label=\"Lien https:\/\/eon-sea.com\/\" id=\"menur15v\" href=\"https:\/\/eon-sea.com\/fr\/\" rel=\"noreferrer noopener\" target=\"_blank\" class=\"fui-Link ___1q1shib f2hkw1w f3rmtva f1ewtqcl fyind8e f1k6fduh f1w7gpdv fk6fouc fjoy568 figsok6 f1s184ao f1mk8lai fnbmjn9 f1o700av f13mvf36 f1cmlufx f9n3di6 f1ids18y f1tx3yz7 f1deo86v f1eh06m1 f1iescvh fhgqx19 f1olyrje f1p93eir f1nev41a f1h8hb77 f1lqvz6u f10aw75t fsle3fq f17ae5zn\" title=\"https:\/\/eon-sea.com\/\">eonsea.com<\/a>[\/et_pb_text][\/et_pb_column][\/et_pb_row][\/et_pb_section]<\/p>","protected":false},"excerpt":{"rendered":"<p>Pol\u00edtica de CookiesEn EONSEA, con sitio web en https:\/\/eon-sea.com\/, utilizamos cookies para mejorar tu experiencia de navegaci\u00f3n y ofrecerte contenidos personalizados. Una cookie es un archivo de informaci\u00f3n que se guarda en tu dispositivo cuando visitas ciertas p\u00e1ginas web. Estas cookies nos permiten entender c\u00f3mo interact\u00faas con nuestro sitio y nos ayudan a mejorar tu [&hellip;]<\/p>","protected":false},"author":9,"featured_media":0,"parent":0,"menu_order":0,"comment_status":"closed","ping_status":"closed","template":"","meta":{"_acf_changed":false,"_et_pb_use_builder":"on","_et_pb_old_content":"","_et_gb_content_width":"","_monsterinsights_skip_tracking":false,"_monsterinsights_sitenote_active":false,"_monsterinsights_sitenote_note":"","_monsterinsights_sitenote_category":0,"footnotes":""},"class_list":["post-1244","page","type-page","status-publish","hentry"],"acf":[],"yoast_head":"<!-- This site is optimized with the Yoast SEO plugin v26.7 - https:\/\/yoast.com\/wordpress\/plugins\/seo\/ -->\n<title>Pol\u00edtica de Cookies - EONSEA<\/title>\n<meta name=\"description\" content=\"Pol\u00edtica de cookies de EONSEA. Conoce c\u00f3mo utilizamos cookies, c\u00f3mo afectan tu experiencia y c\u00f3mo puedes gestionarlas seg\u00fan tus preferencias.\" \/>\n<meta name=\"robots\" content=\"index, follow, max-snippet:-1, max-image-preview:large, max-video-preview:-1\" \/>\n<link rel=\"canonical\" href=\"https:\/\/eon-sea.com\/fr\/politica-de-cookies\/\" \/>\n<meta property=\"og:locale\" content=\"fr_FR\" \/>\n<meta property=\"og:type\" content=\"article\" \/>\n<meta property=\"og:title\" content=\"Pol\u00edtica de Cookies - EONSEA\" \/>\n<meta property=\"og:description\" content=\"Pol\u00edtica de cookies de EONSEA. Conoce c\u00f3mo utilizamos cookies, c\u00f3mo afectan tu experiencia y c\u00f3mo puedes gestionarlas seg\u00fan tus preferencias.\" \/>\n<meta property=\"og:url\" content=\"https:\/\/eon-sea.com\/fr\/politica-de-cookies\/\" \/>\n<meta property=\"og:site_name\" content=\"EONSEA\" \/>\n<meta property=\"article:modified_time\" content=\"2025-06-20T12:52:40+00:00\" \/>\n<meta name=\"twitter:card\" content=\"summary_large_image\" \/>\n<meta name=\"twitter:site\" content=\"@eon_sea\" \/>\n<meta name=\"twitter:label1\" content=\"Dur\u00e9e de lecture estim\u00e9e\" \/>\n\t<meta name=\"twitter:data1\" content=\"3 minutes\" \/>\n<script type=\"application\/ld+json\" class=\"yoast-schema-graph\">{\"@context\":\"https:\/\/schema.org\",\"@graph\":[{\"@type\":\"WebPage\",\"@id\":\"https:\/\/eon-sea.com\/politica-de-cookies\/\",\"url\":\"https:\/\/eon-sea.com\/politica-de-cookies\/\",\"name\":\"Pol\u00edtica de Cookies - EONSEA\",\"isPartOf\":{\"@id\":\"https:\/\/seagreen-hawk-426743.hostingersite.com\/#website\"},\"datePublished\":\"2024-03-12T16:59:19+00:00\",\"dateModified\":\"2025-06-20T12:52:40+00:00\",\"description\":\"Pol\u00edtica de cookies de EONSEA. Conoce c\u00f3mo utilizamos cookies, c\u00f3mo afectan tu experiencia y c\u00f3mo puedes gestionarlas seg\u00fan tus preferencias.\",\"breadcrumb\":{\"@id\":\"https:\/\/eon-sea.com\/politica-de-cookies\/#breadcrumb\"},\"inLanguage\":\"fr-FR\",\"potentialAction\":[{\"@type\":\"ReadAction\",\"target\":[\"https:\/\/eon-sea.com\/politica-de-cookies\/\"]}]},{\"@type\":\"BreadcrumbList\",\"@id\":\"https:\/\/eon-sea.com\/politica-de-cookies\/#breadcrumb\",\"itemListElement\":[{\"@type\":\"ListItem\",\"position\":1,\"name\":\"Portada\",\"item\":\"https:\/\/eon-sea.com\/\"},{\"@type\":\"ListItem\",\"position\":2,\"name\":\"Pol\u00edtica de Cookies\"}]},{\"@type\":\"WebSite\",\"@id\":\"https:\/\/seagreen-hawk-426743.hostingersite.com\/#website\",\"url\":\"https:\/\/seagreen-hawk-426743.hostingersite.com\/\",\"name\":\"EONSEA\",\"description\":\"Inspecci\u00f3n de embarcaciones con ROVs e IA\",\"potentialAction\":[{\"@type\":\"SearchAction\",\"target\":{\"@type\":\"EntryPoint\",\"urlTemplate\":\"https:\/\/seagreen-hawk-426743.hostingersite.com\/?s={search_term_string}\"},\"query-input\":{\"@type\":\"PropertyValueSpecification\",\"valueRequired\":true,\"valueName\":\"search_term_string\"}}],\"inLanguage\":\"fr-FR\"}]}<\/script>\n<!-- \/ Yoast SEO plugin. -->","yoast_head_json":{"title":"Pol\u00edtica de Cookies - EONSEA","description":"Pol\u00edtica de cookies de EONSEA. Conoce c\u00f3mo utilizamos cookies, c\u00f3mo afectan tu experiencia y c\u00f3mo puedes gestionarlas seg\u00fan tus preferencias.","robots":{"index":"index","follow":"follow","max-snippet":"max-snippet:-1","max-image-preview":"max-image-preview:large","max-video-preview":"max-video-preview:-1"},"canonical":"https:\/\/eon-sea.com\/fr\/politica-de-cookies\/","og_locale":"fr_FR","og_type":"article","og_title":"Pol\u00edtica de Cookies - EONSEA","og_description":"Pol\u00edtica de cookies de EONSEA. Conoce c\u00f3mo utilizamos cookies, c\u00f3mo afectan tu experiencia y c\u00f3mo puedes gestionarlas seg\u00fan tus preferencias.","og_url":"https:\/\/eon-sea.com\/fr\/politica-de-cookies\/","og_site_name":"EONSEA","article_modified_time":"2025-06-20T12:52:40+00:00","twitter_card":"summary_large_image","twitter_site":"@eon_sea","twitter_misc":{"Dur\u00e9e de lecture estim\u00e9e":"3 minutes"},"schema":{"@context":"https:\/\/schema.org","@graph":[{"@type":"WebPage","@id":"https:\/\/eon-sea.com\/politica-de-cookies\/","url":"https:\/\/eon-sea.com\/politica-de-cookies\/","name":"Pol\u00edtica de Cookies - EONSEA","isPartOf":{"@id":"https:\/\/seagreen-hawk-426743.hostingersite.com\/#website"},"datePublished":"2024-03-12T16:59:19+00:00","dateModified":"2025-06-20T12:52:40+00:00","description":"Pol\u00edtica de cookies de EONSEA. Conoce c\u00f3mo utilizamos cookies, c\u00f3mo afectan tu experiencia y c\u00f3mo puedes gestionarlas seg\u00fan tus preferencias.","breadcrumb":{"@id":"https:\/\/eon-sea.com\/politica-de-cookies\/#breadcrumb"},"inLanguage":"fr-FR","potentialAction":[{"@type":"ReadAction","target":["https:\/\/eon-sea.com\/politica-de-cookies\/"]}]},{"@type":"BreadcrumbList","@id":"https:\/\/eon-sea.com\/politica-de-cookies\/#breadcrumb","itemListElement":[{"@type":"ListItem","position":1,"name":"Portada","item":"https:\/\/eon-sea.com\/"},{"@type":"ListItem","position":2,"name":"Pol\u00edtica de Cookies"}]},{"@type":"WebSite","@id":"https:\/\/seagreen-hawk-426743.hostingersite.com\/#website","url":"https:\/\/seagreen-hawk-426743.hostingersite.com\/","name":"EONSEA","description":"Inspecci\u00f3n de embarcaciones con ROVs e IA","potentialAction":[{"@type":"SearchAction","target":{"@type":"EntryPoint","urlTemplate":"https:\/\/seagreen-hawk-426743.hostingersite.com\/?s={search_term_string}"},"query-input":{"@type":"PropertyValueSpecification","valueRequired":true,"valueName":"search_term_string"}}],"inLanguage":"fr-FR"}]}},"_links":{"self":[{"href":"https:\/\/eon-sea.com\/fr\/wp-json\/wp\/v2\/pages\/1244","targetHints":{"allow":["GET"]}}],"collection":[{"href":"https:\/\/eon-sea.com\/fr\/wp-json\/wp\/v2\/pages"}],"about":[{"href":"https:\/\/eon-sea.com\/fr\/wp-json\/wp\/v2\/types\/page"}],"author":[{"embeddable":true,"href":"https:\/\/eon-sea.com\/fr\/wp-json\/wp\/v2\/users\/9"}],"replies":[{"embeddable":true,"href":"https:\/\/eon-sea.com\/fr\/wp-json\/wp\/v2\/comments?post=1244"}],"version-history":[{"count":12,"href":"https:\/\/eon-sea.com\/fr\/wp-json\/wp\/v2\/pages\/1244\/revisions"}],"predecessor-version":[{"id":5817,"href":"https:\/\/eon-sea.com\/fr\/wp-json\/wp\/v2\/pages\/1244\/revisions\/5817"}],"wp:attachment":[{"href":"https:\/\/eon-sea.com\/fr\/wp-json\/wp\/v2\/media?parent=1244"}],"curies":[{"name":"wp","href":"https:\/\/api.w.org\/{rel}","templated":true}]}}