{"id":1249,"date":"2024-03-12T17:01:02","date_gmt":"2024-03-12T17:01:02","guid":{"rendered":"https:\/\/eon-sea.com\/?page_id=1249"},"modified":"2025-06-02T12:19:43","modified_gmt":"2025-06-02T10:19:43","slug":"aviso-legal","status":"publish","type":"page","link":"https:\/\/eon-sea.com\/fr\/aviso-legal\/","title":{"rendered":"Avis juridique"},"content":{"rendered":"<p>[et_pb_section fb_built=\u00bb1&#8243; admin_label=\u00bbsection\u00bb _builder_version=\u00bb4.27.4&#8243; hover_enabled=\u00bb0&#8243; global_colors_info=\u00bb{}\u00bb custom_padding=\u00bb200px||||false|false\u00bb sticky_enabled=\u00bb0&#8243;][et_pb_row admin_label=\u00bbrow\u00bb _builder_version=\u00bb4.16&#8243; background_size=\u00bbinitial\u00bb background_position=\u00bbtop_left\u00bb background_repeat=\u00bbrepeat\u00bb global_colors_info=\u00bb{}\u00bb][et_pb_column type=\u00bb4_4&#8243; _builder_version=\u00bb4.16&#8243; custom_padding=\u00bb|||\u00bb global_colors_info=\u00bb{}\u00bb custom_padding__hover=\u00bb|||\u00bb][et_pb_text _builder_version=\u00bb4.24.0&#8243; _module_preset=\u00bbdefault\u00bb global_colors_info=\u00bb{}\u00bb]<\/p>\n<h1>Avis juridique<\/h1>\n<p>[\/et_pb_text][et_pb_text _builder_version=\u00bb4.24.3&#8243; _module_preset=\u00bbdefault\u00bb global_colors_info=\u00bb{}\u00bb]<\/p>\n<p>Les pr\u00e9sentes conditions d'utilisation du site web r\u00e9glementent les modalit\u00e9s d'acc\u00e8s et d'utilisation de ce site web, propri\u00e9t\u00e9 de EONSEA Sociedad Limitada, ci-apr\u00e8s d\u00e9nomm\u00e9e \u201cla soci\u00e9t\u00e9\u201d, que l'utilisateur du portail doit accepter pour pouvoir utiliser l'ensemble des services et des informations fournis par le portail.<\/p>\n<p>L'utilisateur et l'entreprise, propri\u00e9taire du portail, peuvent \u00eatre d\u00e9sign\u00e9s conjointement comme les parties. Le simple fait d'acc\u00e9der au portail ou de l'utiliser, ainsi que tout ou partie de son contenu et de ses services, implique l'acceptation pleine et enti\u00e8re des pr\u00e9sentes conditions d'utilisation. La mise \u00e0 disposition et l'utilisation du portail sont subordonn\u00e9es au strict respect des conditions \u00e9nonc\u00e9es dans les pr\u00e9sentes conditions d'utilisation du portail.<\/p>\n<p>Les utilisateurs peuvent acc\u00e9der \u00e0 diff\u00e9rents types d'informations et de services par l'interm\u00e9diaire du portail. Le portail se r\u00e9serve le droit de modifier, \u00e0 tout moment et sans pr\u00e9avis, la pr\u00e9sentation et la configuration des informations et des services offerts sur le portail. L'utilisateur reconna\u00eet et accepte express\u00e9ment que le portail peut \u00e0 tout moment interrompre, d\u00e9sactiver et\/ou annuler une information ou un service. Le portail s'efforcera de garantir la disponibilit\u00e9 et l'accessibilit\u00e9 du site. Toutefois, pour des raisons de maintenance, de mise \u00e0 jour, de changement d'emplacement, etc., l'acc\u00e8s au portail peut parfois \u00eatre interrompu.<\/p>\n<p>L'application n'intervient pas dans la cr\u00e9ation de ces contenus et\/ou services fournis par des tiers dans et\/ou \u00e0 travers l'application, ni ne contr\u00f4le leur l\u00e9galit\u00e9. En tout \u00e9tat de cause, elle n'offre aucun type de garantie \u00e0 leur sujet. L'utilisateur reconna\u00eet que l'application n'est pas et ne sera pas responsable du contenu et\/ou des services fournis par des tiers dans et\/ou par l'interm\u00e9diaire de l'application. L'utilisateur accepte que l'application n'assume aucune responsabilit\u00e9 pour tout dommage ou pr\u00e9judice r\u00e9sultant de l'utilisation de ces informations ou services de tiers.<\/p>\n<p>L'entreprise responsable du site ne peut assumer aucune responsabilit\u00e9 d\u00e9coulant de l'utilisation incorrecte, inappropri\u00e9e ou ill\u00e9gale des informations figurant sur ce site.<\/p>\n<p>Dans les limites fix\u00e9es par la loi, l'entreprise n'assume aucune responsabilit\u00e9 quant au manque de v\u00e9racit\u00e9, d'exhaustivit\u00e9, de mise \u00e0 jour et d'exactitude des donn\u00e9es ou des informations contenues dans ses pages Internet.<\/p>\n<p>Le contenu et les informations n'engagent pas l'entreprise et ne constituent pas des opinions, des conseils ou des avis juridiques de quelque nature que ce soit, puisqu'il s'agit simplement d'un service offert \u00e0 des fins d'information et de diffusion.<\/p>\n<p>Le site web de l'entreprise peut contenir des liens vers d'autres sites web de tiers qu'elle ne peut contr\u00f4ler. Par cons\u00e9quent, l'entreprise ne peut assumer la responsabilit\u00e9 du contenu qui peut appara\u00eetre sur les sites de tiers.<\/p>\n<p>Les textes, images, sons, animations, logiciels et autres contenus inclus dans ce site web sont la propri\u00e9t\u00e9 exclusive de l'entreprise ou de ses conc\u00e9dants de licence. Tout acte de transmission, de distribution, de transfert, de reproduction, de stockage ou de communication publique totale ou partielle doit faire l'objet d'une autorisation expresse de l'entreprise.<\/p>\n<p>L'utilisateur est tenu de respecter \u00e0 tout moment les termes et conditions \u00e9nonc\u00e9s dans le pr\u00e9sent avis juridique. L'utilisateur d\u00e9clare express\u00e9ment qu'il utilisera le portail avec diligence et assume toute responsabilit\u00e9 pouvant d\u00e9couler du non-respect des r\u00e8gles.<\/p>\n<p>L'utilisateur s'engage, dans les cas o\u00f9 des donn\u00e9es ou des informations sont demand\u00e9es, \u00e0 ne pas falsifier son identit\u00e9 en usurpant celle d'une autre personne. L'utilisateur ne peut utiliser le portail pour des activit\u00e9s contraires \u00e0 la loi, \u00e0 la morale et \u00e0 l'ordre public ou \u00e0 des fins interdites ou qui violent ou enfreignent les droits de tiers. De m\u00eame, la diffusion, le stockage et\/ou la gestion de donn\u00e9es ou de contenus qui portent atteinte aux droits de tiers ou \u00e0 toute r\u00e9glementation r\u00e9gissant les droits de propri\u00e9t\u00e9 intellectuelle ou industrielle sont \u00e9galement interdits.<\/p>\n<p>De m\u00eame, l'utilisateur ne peut utiliser le portail pour transmettre, stocker, diffuser, promouvoir ou distribuer des donn\u00e9es ou des contenus contenant des virus ou tout autre code informatique, fichier ou programme con\u00e7u pour interrompre, d\u00e9truire ou endommager le fonctionnement de tout programme ou \u00e9quipement informatique ou de t\u00e9l\u00e9communication.<\/p>\n<p>L'utilisateur s'engage \u00e0 indemniser le portail pour tout dommage, pr\u00e9judice, sanction, amende, p\u00e9nalit\u00e9 ou compensation auquel le portail pourrait \u00eatre confront\u00e9.<\/p>\n<p>Vous pouvez \u00e9galement consulter notre\u00a0<a href=\"https:\/\/eon-sea.com\/fr\/politica-de-privacidad\/\">Politique de confidentialit\u00e9<\/a>\u00a0et notre\u00a0<a href=\"https:\/\/eon-sea.com\/fr\/politica-de-cookies\/\">Politique en mati\u00e8re de cookies<\/a>, en cliquant sur les liens.<\/p>\n<p>[\/et_pb_text][\/et_pb_column][\/et_pb_row][\/et_pb_section]<\/p>","protected":false},"excerpt":{"rendered":"<p>Aviso LegalLas presentes condiciones de uso de la p\u00e1gina web, regulan los t\u00e9rminos de acceso y uso de esta p\u00e1gina web, propiedad de EONSEA Sociedad Limitada, en adelante, \u201cla Empresa\u201d, que el usuario del portal deber\u00e1 aceptar para usar todos los servicios e informaci\u00f3n que se facilitan desde el portal. El usuario as\u00ed como la [&hellip;]<\/p>","protected":false},"author":9,"featured_media":0,"parent":0,"menu_order":0,"comment_status":"closed","ping_status":"closed","template":"","meta":{"_acf_changed":false,"_et_pb_use_builder":"on","_et_pb_old_content":"","_et_gb_content_width":"","_monsterinsights_skip_tracking":false,"_monsterinsights_sitenote_active":false,"_monsterinsights_sitenote_note":"","_monsterinsights_sitenote_category":0,"footnotes":""},"class_list":["post-1249","page","type-page","status-publish","hentry"],"acf":[],"yoast_head":"<!-- This site is optimized with the Yoast SEO plugin v26.7 - https:\/\/yoast.com\/wordpress\/plugins\/seo\/ -->\n<title>Aviso Legal - EONSEA<\/title>\n<meta name=\"description\" content=\"Aviso legal EONSEA. T\u00e9rminos y condiciones de uso, derechos de propiedad intelectual, y responsabilidades del acceso y uso de nuestra web.\" \/>\n<meta name=\"robots\" content=\"index, follow, max-snippet:-1, max-image-preview:large, max-video-preview:-1\" \/>\n<link rel=\"canonical\" href=\"https:\/\/eon-sea.com\/fr\/aviso-legal\/\" \/>\n<meta property=\"og:locale\" content=\"fr_FR\" \/>\n<meta property=\"og:type\" content=\"article\" \/>\n<meta property=\"og:title\" content=\"Aviso Legal - EONSEA\" \/>\n<meta property=\"og:description\" content=\"Aviso legal EONSEA. T\u00e9rminos y condiciones de uso, derechos de propiedad intelectual, y responsabilidades del acceso y uso de nuestra web.\" \/>\n<meta property=\"og:url\" content=\"https:\/\/eon-sea.com\/fr\/aviso-legal\/\" \/>\n<meta property=\"og:site_name\" content=\"EONSEA\" \/>\n<meta property=\"article:modified_time\" content=\"2025-06-02T10:19:43+00:00\" \/>\n<meta name=\"twitter:card\" content=\"summary_large_image\" \/>\n<meta name=\"twitter:site\" content=\"@eon_sea\" \/>\n<meta name=\"twitter:label1\" content=\"Dur\u00e9e de lecture estim\u00e9e\" \/>\n\t<meta name=\"twitter:data1\" content=\"4 minutes\" \/>\n<script type=\"application\/ld+json\" class=\"yoast-schema-graph\">{\"@context\":\"https:\/\/schema.org\",\"@graph\":[{\"@type\":\"WebPage\",\"@id\":\"https:\/\/eon-sea.com\/en\/aviso-legal\/\",\"url\":\"https:\/\/eon-sea.com\/en\/aviso-legal\/\",\"name\":\"Aviso Legal - EONSEA\",\"isPartOf\":{\"@id\":\"https:\/\/seagreen-hawk-426743.hostingersite.com\/#website\"},\"datePublished\":\"2024-03-12T17:01:02+00:00\",\"dateModified\":\"2025-06-02T10:19:43+00:00\",\"description\":\"Aviso legal EONSEA. T\u00e9rminos y condiciones de uso, derechos de propiedad intelectual, y responsabilidades del acceso y uso de nuestra web.\",\"breadcrumb\":{\"@id\":\"https:\/\/eon-sea.com\/en\/aviso-legal\/#breadcrumb\"},\"inLanguage\":\"fr-FR\",\"potentialAction\":[{\"@type\":\"ReadAction\",\"target\":[\"https:\/\/eon-sea.com\/en\/aviso-legal\/\"]}]},{\"@type\":\"BreadcrumbList\",\"@id\":\"https:\/\/eon-sea.com\/en\/aviso-legal\/#breadcrumb\",\"itemListElement\":[{\"@type\":\"ListItem\",\"position\":1,\"name\":\"Portada\",\"item\":\"https:\/\/eon-sea.com\/\"},{\"@type\":\"ListItem\",\"position\":2,\"name\":\"Aviso Legal\"}]},{\"@type\":\"WebSite\",\"@id\":\"https:\/\/seagreen-hawk-426743.hostingersite.com\/#website\",\"url\":\"https:\/\/seagreen-hawk-426743.hostingersite.com\/\",\"name\":\"EONSEA\",\"description\":\"Inspecci\u00f3n de embarcaciones con ROVs e IA\",\"potentialAction\":[{\"@type\":\"SearchAction\",\"target\":{\"@type\":\"EntryPoint\",\"urlTemplate\":\"https:\/\/seagreen-hawk-426743.hostingersite.com\/?s={search_term_string}\"},\"query-input\":{\"@type\":\"PropertyValueSpecification\",\"valueRequired\":true,\"valueName\":\"search_term_string\"}}],\"inLanguage\":\"fr-FR\"}]}<\/script>\n<!-- \/ Yoast SEO plugin. -->","yoast_head_json":{"title":"Aviso Legal - EONSEA","description":"Aviso legal EONSEA. T\u00e9rminos y condiciones de uso, derechos de propiedad intelectual, y responsabilidades del acceso y uso de nuestra web.","robots":{"index":"index","follow":"follow","max-snippet":"max-snippet:-1","max-image-preview":"max-image-preview:large","max-video-preview":"max-video-preview:-1"},"canonical":"https:\/\/eon-sea.com\/fr\/aviso-legal\/","og_locale":"fr_FR","og_type":"article","og_title":"Aviso Legal - EONSEA","og_description":"Aviso legal EONSEA. T\u00e9rminos y condiciones de uso, derechos de propiedad intelectual, y responsabilidades del acceso y uso de nuestra web.","og_url":"https:\/\/eon-sea.com\/fr\/aviso-legal\/","og_site_name":"EONSEA","article_modified_time":"2025-06-02T10:19:43+00:00","twitter_card":"summary_large_image","twitter_site":"@eon_sea","twitter_misc":{"Dur\u00e9e de lecture estim\u00e9e":"4 minutes"},"schema":{"@context":"https:\/\/schema.org","@graph":[{"@type":"WebPage","@id":"https:\/\/eon-sea.com\/en\/aviso-legal\/","url":"https:\/\/eon-sea.com\/en\/aviso-legal\/","name":"Aviso Legal - EONSEA","isPartOf":{"@id":"https:\/\/seagreen-hawk-426743.hostingersite.com\/#website"},"datePublished":"2024-03-12T17:01:02+00:00","dateModified":"2025-06-02T10:19:43+00:00","description":"Aviso legal EONSEA. T\u00e9rminos y condiciones de uso, derechos de propiedad intelectual, y responsabilidades del acceso y uso de nuestra web.","breadcrumb":{"@id":"https:\/\/eon-sea.com\/en\/aviso-legal\/#breadcrumb"},"inLanguage":"fr-FR","potentialAction":[{"@type":"ReadAction","target":["https:\/\/eon-sea.com\/en\/aviso-legal\/"]}]},{"@type":"BreadcrumbList","@id":"https:\/\/eon-sea.com\/en\/aviso-legal\/#breadcrumb","itemListElement":[{"@type":"ListItem","position":1,"name":"Portada","item":"https:\/\/eon-sea.com\/"},{"@type":"ListItem","position":2,"name":"Aviso Legal"}]},{"@type":"WebSite","@id":"https:\/\/seagreen-hawk-426743.hostingersite.com\/#website","url":"https:\/\/seagreen-hawk-426743.hostingersite.com\/","name":"EONSEA","description":"Inspecci\u00f3n de embarcaciones con ROVs e IA","potentialAction":[{"@type":"SearchAction","target":{"@type":"EntryPoint","urlTemplate":"https:\/\/seagreen-hawk-426743.hostingersite.com\/?s={search_term_string}"},"query-input":{"@type":"PropertyValueSpecification","valueRequired":true,"valueName":"search_term_string"}}],"inLanguage":"fr-FR"}]}},"_links":{"self":[{"href":"https:\/\/eon-sea.com\/fr\/wp-json\/wp\/v2\/pages\/1249","targetHints":{"allow":["GET"]}}],"collection":[{"href":"https:\/\/eon-sea.com\/fr\/wp-json\/wp\/v2\/pages"}],"about":[{"href":"https:\/\/eon-sea.com\/fr\/wp-json\/wp\/v2\/types\/page"}],"author":[{"embeddable":true,"href":"https:\/\/eon-sea.com\/fr\/wp-json\/wp\/v2\/users\/9"}],"replies":[{"embeddable":true,"href":"https:\/\/eon-sea.com\/fr\/wp-json\/wp\/v2\/comments?post=1249"}],"version-history":[{"count":7,"href":"https:\/\/eon-sea.com\/fr\/wp-json\/wp\/v2\/pages\/1249\/revisions"}],"predecessor-version":[{"id":5769,"href":"https:\/\/eon-sea.com\/fr\/wp-json\/wp\/v2\/pages\/1249\/revisions\/5769"}],"wp:attachment":[{"href":"https:\/\/eon-sea.com\/fr\/wp-json\/wp\/v2\/media?parent=1249"}],"curies":[{"name":"wp","href":"https:\/\/api.w.org\/{rel}","templated":true}]}}