{"id":145,"date":"2024-02-07T09:27:53","date_gmt":"2024-02-07T09:27:53","guid":{"rendered":"https:\/\/eon-sea.com\/?page_id=145"},"modified":"2026-03-25T13:35:40","modified_gmt":"2026-03-25T11:35:40","slug":"blog","status":"publish","type":"page","link":"https:\/\/eon-sea.com\/fr\/blog\/","title":{"rendered":"Blog"},"content":{"rendered":"[et_pb_section fb_built=\u00bb1&#8243; custom_padding_last_edited=\u00bbon|tablet\u00bb module_class=\u00bbbanner_section\u00bb _builder_version=\u00bb4.27.4&#8243; _module_preset=\u00bbdefault\u00bb background_color=\u00bbRGBA(255,255,255,0)\u00bb background_image=\u00bbhttps:\/\/eon-sea.com\/wp-content\/uploads\/2025\/11\/pexels-ian-panelo-14657160-scaled.jpg\u00bb background_size=\u00bbcustom\u00bb background_image_width=\u00bb100%\u00bb background_blend=\u00bboverlay\u00bb min_height=\u00bb586.8px\u00bb custom_margin=\u00bb-1px||||false|false\u00bb custom_padding=\u00bb318px||0px||false|false\u00bb custom_padding_tablet=\u00bb100px||200px||false|false\u00bb custom_padding_phone=\u00bb30px||80px||false|false\u00bb hover_enabled=\u00bb0&#8243; background_last_edited=\u00bbon|phone\u00bb background_image_width_phone=\u00bb100%\u00bb border_color_all=\u00bb#000000&#8243; locked=\u00bboff\u00bb global_colors_info=\u00bb{}\u00bb height=\u00bb308px\u00bb max_width=\u00bb100%\u00bb sticky_enabled=\u00bb0&#8243;][et_pb_row use_custom_gutter=\u00bbon\u00bb gutter_width=\u00bb1&#8243; make_equal=\u00bbon\u00bb _builder_version=\u00bb4.27.4&#8243; _module_preset=\u00bbdefault\u00bb custom_padding=\u00bb45px||0px||false|false\u00bb hover_enabled=\u00bb0&#8243; global_colors_info=\u00bb{}\u00bb sticky_enabled=\u00bb0&#8243; min_height=\u00bb100px\u00bb height=\u00bb100px\u00bb max_height=\u00bb275px\u00bb max_width=\u00bb1181px\u00bb][et_pb_column type=\u00bb4_4&#8243; _builder_version=\u00bb4.27.4&#8243; _module_preset=\u00bbdefault\u00bb global_colors_info=\u00bb{}\u00bb][et_pb_heading title=\u00bb\u00a1Bienvenido a nuestro blog!\u00bb _builder_version=\u00bb4.27.4&#8243; _module_preset=\u00bbdefault\u00bb title_font=\u00bbSuiGenerisLight|100|||||||\u00bb title_text_align=\u00bbleft\u00bb title_text_color=\u00bb#09fdf4&#8243; title_font_size=\u00bb48px\u00bb title_line_height=\u00bb48px\u00bb custom_margin=\u00bb||||false|false\u00bb custom_margin_tablet=\u00bb0px||||false|false\u00bb custom_margin_phone=\u00bb0px|0px|0px|0px|false|false\u00bb custom_margin_last_edited=\u00bbon|phone\u00bb custom_padding=\u00bb0px|10px||0px|false|false\u00bb custom_padding_tablet=\u00bb0px|0px|0px|0px|false|false\u00bb custom_padding_phone=\u00bb10px|20px||20px|false|false\u00bb custom_padding_last_edited=\u00bbon|tablet\u00bb title_text_align_tablet=\u00bbcenter\u00bb title_text_align_phone=\u00bbcenter\u00bb title_text_align_last_edited=\u00bbon|phone\u00bb title_font_size_tablet=\u00bb40px\u00bb title_font_size_phone=\u00bb32px\u00bb title_font_size_last_edited=\u00bbon|phone\u00bb title_line_height_tablet=\u00bb48px\u00bb title_line_height_phone=\u00bb42px\u00bb title_line_height_last_edited=\u00bbon|phone\u00bb module_alignment_tablet=\u00bb\u00bb module_alignment_phone=\u00bbcenter\u00bb module_alignment_last_edited=\u00bbon|phone\u00bb locked=\u00bboff\u00bb global_colors_info=\u00bb{}\u00bb][\/et_pb_heading][et_pb_text _builder_version=\u00bb4.27.4&#8243; _module_preset=\u00bbdefault\u00bb text_text_color=\u00bb#FFFFFF\u00bb max_width=\u00bb600px\u00bb text_orientation_tablet=\u00bbcenter\u00bb text_orientation_phone=\u00bbcenter\u00bb text_orientation_last_edited=\u00bbon|tablet\u00bb global_colors_info=\u00bb{}\u00bb]<p><span>Vous voulez en savoir plus sur nos services ? Vous voulez savoir comment la technologie et l'intelligence artificielle aident la mer ? Vous voulez vous tenir au courant des derni\u00e8res nouvelles du secteur ? Consultez notre blog !<\/span><\/p>[\/et_pb_text][\/et_pb_column][\/et_pb_row][\/et_pb_section][et_pb_section fb_built=\u00bb1&#8243; _builder_version=\u00bb4.27.4&#8243; global_colors_info=\u00bb{}\u00bb][et_pb_row _builder_version=\u00bb4.16&#8243; background_size=\u00bbinitial\u00bb background_position=\u00bbtop_left\u00bb background_repeat=\u00bbrepeat\u00bb global_colors_info=\u00bb{}\u00bb][et_pb_column type=\u00bb4_4&#8243; _builder_version=\u00bb4.16&#8243; custom_padding=\u00bb|||\u00bb global_colors_info=\u00bb{}\u00bb custom_padding__hover=\u00bb|||\u00bb][et_pb_blog fullwidth=\u00bboff\u00bb show_more=\u00bbon\u00bb show_author=\u00bboff\u00bb show_date=\u00bboff\u00bb show_categories=\u00bboff\u00bb show_excerpt=\u00bboff\u00bb module_class=\u00bbblog_posts\u00bb _builder_version=\u00bb4.27.4&#8243; _module_preset=\u00bbdefault\u00bb header_font=\u00bbSuiGenerisLight||||||||\u00bb header_font_size=\u00bb17px\u00bb header_line_height=\u00bb1.2em\u00bb custom_css_free_form=\u00bb\/* Igualar altura de tarjetas *\/||.et_pb_post {||  display: flex;||  flex-direction: column;||  height: 100%;||}||||\/* Contenido ocupa todo *\/||.et_pb_post .entry-title {||  display: -webkit-box;||  -webkit-line-clamp: 2; \/* n\u00famero de l\u00edneas *\/||  -webkit-box-orient: vertical;||  overflow: hidden;||}||||\/* Empuja la fecha abajo *\/||.et_pb_post .post-meta {||  margin-top: auto;||}\u00bb box_shadow_style=\u00bbpreset2&#8243; box_shadow_horizontal=\u00bb0px\u00bb box_shadow_vertical=\u00bb3px\u00bb box_shadow_blur=\u00bb6px\u00bb box_shadow_color=\u00bbrgba(0,0,0,0.24)\u00bb global_colors_info=\u00bb{}\u00bb][\/et_pb_blog][et_pb_text disabled_on=\u00bbon|on|on\u00bb admin_label=\u00bbTexto\u00bb _builder_version=\u00bb4.27.4&#8243; background_size=\u00bbinitial\u00bb background_position=\u00bbtop_left\u00bb background_repeat=\u00bbrepeat\u00bb disabled=\u00bbon\u00bb global_colors_info=\u00bb{}\u00bb]<p><\/p>[\/et_pb_text][\/et_pb_column][\/et_pb_row][\/et_pb_section]","protected":false},"excerpt":{"rendered":"<p>Vous voulez en savoir plus sur nos services ? Vous voulez savoir comment la technologie et l'intelligence artificielle aident la mer ? Vous voulez vous tenir au courant des derni\u00e8res nouvelles du secteur ? Consultez notre blog !<\/p>","protected":false},"author":2,"featured_media":2710,"parent":0,"menu_order":0,"comment_status":"closed","ping_status":"closed","template":"","meta":{"_acf_changed":false,"_et_pb_use_builder":"on","_et_pb_old_content":"<!-- wp:divi\/placeholder \/-->","_et_gb_content_width":"","_monsterinsights_skip_tracking":false,"_monsterinsights_sitenote_active":false,"_monsterinsights_sitenote_note":"","_monsterinsights_sitenote_category":0,"footnotes":""},"class_list":["post-145","page","type-page","status-publish","has-post-thumbnail","hentry"],"acf":[],"yoast_head":"<!-- This site is optimized with the Yoast SEO plugin v26.7 - https:\/\/yoast.com\/wordpress\/plugins\/seo\/ -->\n<title>Blog - EONSEA<\/title>\n<meta name=\"description\" content=\"Aprende con el blog de EONSEA sobre tecnolog\u00eda e inteligencia artificial en el mar y mantente al d\u00eda con las novedades del sector n\u00e1utico.\" \/>\n<meta name=\"robots\" content=\"index, follow, max-snippet:-1, max-image-preview:large, max-video-preview:-1\" \/>\n<link rel=\"canonical\" href=\"https:\/\/eon-sea.com\/fr\/blog\/\" \/>\n<meta property=\"og:locale\" content=\"fr_FR\" \/>\n<meta property=\"og:type\" content=\"article\" \/>\n<meta property=\"og:title\" content=\"Blog - EONSEA\" \/>\n<meta property=\"og:description\" content=\"Aprende con el blog de EONSEA sobre tecnolog\u00eda e inteligencia artificial en el mar y mantente al d\u00eda con las novedades del sector n\u00e1utico.\" \/>\n<meta property=\"og:url\" content=\"https:\/\/eon-sea.com\/fr\/blog\/\" \/>\n<meta property=\"og:site_name\" content=\"EONSEA\" \/>\n<meta property=\"article:modified_time\" content=\"2026-03-25T11:35:40+00:00\" \/>\n<meta property=\"og:image\" content=\"https:\/\/eon-sea.com\/wp-content\/uploads\/2024\/08\/Copia-de-Diseno-sin-titulo-15.png\" \/>\n\t<meta property=\"og:image:width\" content=\"1920\" \/>\n\t<meta property=\"og:image:height\" content=\"1080\" \/>\n\t<meta property=\"og:image:type\" content=\"image\/png\" \/>\n<meta name=\"twitter:card\" content=\"summary_large_image\" \/>\n<meta name=\"twitter:site\" content=\"@eon_sea\" \/>\n<meta name=\"twitter:label1\" content=\"Dur\u00e9e de lecture estim\u00e9e\" \/>\n\t<meta name=\"twitter:data1\" content=\"3 minutes\" \/>\n<script type=\"application\/ld+json\" class=\"yoast-schema-graph\">{\"@context\":\"https:\/\/schema.org\",\"@graph\":[{\"@type\":\"WebPage\",\"@id\":\"https:\/\/eon-sea.com\/blog\/\",\"url\":\"https:\/\/eon-sea.com\/blog\/\",\"name\":\"Blog - EONSEA\",\"isPartOf\":{\"@id\":\"https:\/\/seagreen-hawk-426743.hostingersite.com\/#website\"},\"primaryImageOfPage\":{\"@id\":\"https:\/\/eon-sea.com\/blog\/#primaryimage\"},\"image\":{\"@id\":\"https:\/\/eon-sea.com\/blog\/#primaryimage\"},\"thumbnailUrl\":\"https:\/\/eon-sea.com\/wp-content\/uploads\/2024\/08\/Copia-de-Diseno-sin-titulo-15.png\",\"datePublished\":\"2024-02-07T09:27:53+00:00\",\"dateModified\":\"2026-03-25T11:35:40+00:00\",\"description\":\"Aprende con el blog de EONSEA sobre tecnolog\u00eda e inteligencia artificial en el mar y mantente al d\u00eda con las novedades del sector n\u00e1utico.\",\"breadcrumb\":{\"@id\":\"https:\/\/eon-sea.com\/blog\/#breadcrumb\"},\"inLanguage\":\"fr-FR\",\"potentialAction\":[{\"@type\":\"ReadAction\",\"target\":[\"https:\/\/eon-sea.com\/blog\/\"]}]},{\"@type\":\"ImageObject\",\"inLanguage\":\"fr-FR\",\"@id\":\"https:\/\/eon-sea.com\/blog\/#primaryimage\",\"url\":\"https:\/\/eon-sea.com\/wp-content\/uploads\/2024\/08\/Copia-de-Diseno-sin-titulo-15.png\",\"contentUrl\":\"https:\/\/eon-sea.com\/wp-content\/uploads\/2024\/08\/Copia-de-Diseno-sin-titulo-15.png\",\"width\":1920,\"height\":1080,\"caption\":\"ROV de Blue Robotics BlueRov2\"},{\"@type\":\"BreadcrumbList\",\"@id\":\"https:\/\/eon-sea.com\/blog\/#breadcrumb\",\"itemListElement\":[{\"@type\":\"ListItem\",\"position\":1,\"name\":\"Portada\",\"item\":\"https:\/\/eon-sea.com\/\"},{\"@type\":\"ListItem\",\"position\":2,\"name\":\"Blog\"}]},{\"@type\":\"WebSite\",\"@id\":\"https:\/\/seagreen-hawk-426743.hostingersite.com\/#website\",\"url\":\"https:\/\/seagreen-hawk-426743.hostingersite.com\/\",\"name\":\"EONSEA\",\"description\":\"Inspecci\u00f3n de embarcaciones con ROVs e IA\",\"potentialAction\":[{\"@type\":\"SearchAction\",\"target\":{\"@type\":\"EntryPoint\",\"urlTemplate\":\"https:\/\/seagreen-hawk-426743.hostingersite.com\/?s={search_term_string}\"},\"query-input\":{\"@type\":\"PropertyValueSpecification\",\"valueRequired\":true,\"valueName\":\"search_term_string\"}}],\"inLanguage\":\"fr-FR\"}]}<\/script>\n<!-- \/ Yoast SEO plugin. -->","yoast_head_json":{"title":"Blog - EONSEA","description":"Aprende con el blog de EONSEA sobre tecnolog\u00eda e inteligencia artificial en el mar y mantente al d\u00eda con las novedades del sector n\u00e1utico.","robots":{"index":"index","follow":"follow","max-snippet":"max-snippet:-1","max-image-preview":"max-image-preview:large","max-video-preview":"max-video-preview:-1"},"canonical":"https:\/\/eon-sea.com\/fr\/blog\/","og_locale":"fr_FR","og_type":"article","og_title":"Blog - EONSEA","og_description":"Aprende con el blog de EONSEA sobre tecnolog\u00eda e inteligencia artificial en el mar y mantente al d\u00eda con las novedades del sector n\u00e1utico.","og_url":"https:\/\/eon-sea.com\/fr\/blog\/","og_site_name":"EONSEA","article_modified_time":"2026-03-25T11:35:40+00:00","og_image":[{"width":1920,"height":1080,"url":"https:\/\/eon-sea.com\/wp-content\/uploads\/2024\/08\/Copia-de-Diseno-sin-titulo-15.png","type":"image\/png"}],"twitter_card":"summary_large_image","twitter_site":"@eon_sea","twitter_misc":{"Dur\u00e9e de lecture estim\u00e9e":"3 minutes"},"schema":{"@context":"https:\/\/schema.org","@graph":[{"@type":"WebPage","@id":"https:\/\/eon-sea.com\/blog\/","url":"https:\/\/eon-sea.com\/blog\/","name":"Blog - EONSEA","isPartOf":{"@id":"https:\/\/seagreen-hawk-426743.hostingersite.com\/#website"},"primaryImageOfPage":{"@id":"https:\/\/eon-sea.com\/blog\/#primaryimage"},"image":{"@id":"https:\/\/eon-sea.com\/blog\/#primaryimage"},"thumbnailUrl":"https:\/\/eon-sea.com\/wp-content\/uploads\/2024\/08\/Copia-de-Diseno-sin-titulo-15.png","datePublished":"2024-02-07T09:27:53+00:00","dateModified":"2026-03-25T11:35:40+00:00","description":"Aprende con el blog de EONSEA sobre tecnolog\u00eda e inteligencia artificial en el mar y mantente al d\u00eda con las novedades del sector n\u00e1utico.","breadcrumb":{"@id":"https:\/\/eon-sea.com\/blog\/#breadcrumb"},"inLanguage":"fr-FR","potentialAction":[{"@type":"ReadAction","target":["https:\/\/eon-sea.com\/blog\/"]}]},{"@type":"ImageObject","inLanguage":"fr-FR","@id":"https:\/\/eon-sea.com\/blog\/#primaryimage","url":"https:\/\/eon-sea.com\/wp-content\/uploads\/2024\/08\/Copia-de-Diseno-sin-titulo-15.png","contentUrl":"https:\/\/eon-sea.com\/wp-content\/uploads\/2024\/08\/Copia-de-Diseno-sin-titulo-15.png","width":1920,"height":1080,"caption":"ROV de Blue Robotics BlueRov2"},{"@type":"BreadcrumbList","@id":"https:\/\/eon-sea.com\/blog\/#breadcrumb","itemListElement":[{"@type":"ListItem","position":1,"name":"Portada","item":"https:\/\/eon-sea.com\/"},{"@type":"ListItem","position":2,"name":"Blog"}]},{"@type":"WebSite","@id":"https:\/\/seagreen-hawk-426743.hostingersite.com\/#website","url":"https:\/\/seagreen-hawk-426743.hostingersite.com\/","name":"EONSEA","description":"Inspecci\u00f3n de embarcaciones con ROVs e IA","potentialAction":[{"@type":"SearchAction","target":{"@type":"EntryPoint","urlTemplate":"https:\/\/seagreen-hawk-426743.hostingersite.com\/?s={search_term_string}"},"query-input":{"@type":"PropertyValueSpecification","valueRequired":true,"valueName":"search_term_string"}}],"inLanguage":"fr-FR"}]}},"_links":{"self":[{"href":"https:\/\/eon-sea.com\/fr\/wp-json\/wp\/v2\/pages\/145","targetHints":{"allow":["GET"]}}],"collection":[{"href":"https:\/\/eon-sea.com\/fr\/wp-json\/wp\/v2\/pages"}],"about":[{"href":"https:\/\/eon-sea.com\/fr\/wp-json\/wp\/v2\/types\/page"}],"author":[{"embeddable":true,"href":"https:\/\/eon-sea.com\/fr\/wp-json\/wp\/v2\/users\/2"}],"replies":[{"embeddable":true,"href":"https:\/\/eon-sea.com\/fr\/wp-json\/wp\/v2\/comments?post=145"}],"version-history":[{"count":37,"href":"https:\/\/eon-sea.com\/fr\/wp-json\/wp\/v2\/pages\/145\/revisions"}],"predecessor-version":[{"id":7157,"href":"https:\/\/eon-sea.com\/fr\/wp-json\/wp\/v2\/pages\/145\/revisions\/7157"}],"wp:featuredmedia":[{"embeddable":true,"href":"https:\/\/eon-sea.com\/fr\/wp-json\/wp\/v2\/media\/2710"}],"wp:attachment":[{"href":"https:\/\/eon-sea.com\/fr\/wp-json\/wp\/v2\/media?parent=145"}],"curies":[{"name":"wp","href":"https:\/\/api.w.org\/{rel}","templated":true}]}}