{"id":6334,"date":"2025-11-24T11:08:45","date_gmt":"2025-11-24T09:08:45","guid":{"rendered":"https:\/\/eon-sea.com\/?page_id=6334"},"modified":"2026-04-28T15:26:24","modified_gmt":"2026-04-28T13:26:24","slug":"i3float","status":"publish","type":"page","link":"https:\/\/eon-sea.com\/fr\/i3float\/","title":{"rendered":"I3FLOAT"},"content":{"rendered":"<p>[et_pb_section fb_built=\u00bb1&#8243; module_class=\u00bbsolicitor_sec\u00bb _builder_version=\u00bb4.27.4&#8243; _module_preset=\u00bbdefault\u00bb background_color=\u00bb#000000&#8243; use_background_color_gradient=\u00bbon\u00bb background_color_gradient_stops=\u00bb#000000 0%|rgba(0,0,0,0.5) 8%|rgba(0,0,0,0.6) 94%|#000000 100%\u00bb background_color_gradient_overlays_image=\u00bbon\u00bb background_image=\u00bbhttps:\/\/eon-sea.com\/wp-content\/uploads\/2025\/11\/pexels-thiagomobile-3343801-scaled.jpg\u00bb min_height=\u00bb487.1px\u00bb custom_margin=\u00bb||117px||false|false\u00bb custom_padding=\u00bb164px||150px|7px|false|false\u00bb custom_css_before=\u00bbborder-radius: 20px;||overflow: hidden;\u00bb locked=\u00bboff\u00bb global_colors_info=\u00bb{}\u00bb][et_pb_row column_structure=\u00bb1_3,1_3,1_3&#8243; _builder_version=\u00bb4.27.4&#8243; _module_preset=\u00bbdefault\u00bb global_colors_info=\u00bb{}\u00bb][et_pb_column type=\u00bb1_3&#8243; _builder_version=\u00bb4.27.4&#8243; _module_preset=\u00bbdefault\u00bb global_colors_info=\u00bb{}\u00bb][\/et_pb_column][et_pb_column type=\u00bb1_3&#8243; _builder_version=\u00bb4.27.4&#8243; _module_preset=\u00bbdefault\u00bb global_colors_info=\u00bb{}\u00bb][et_pb_image src=\u00bbhttps:\/\/eon-sea.com\/wp-content\/uploads\/2025\/11\/Frame-5.png\u00bb title_text=\u00bbFrame-5&#8243; _builder_version=\u00bb4.27.4&#8243; _module_preset=\u00bbdefault\u00bb global_colors_info=\u00bb{}\u00bb][\/et_pb_image][\/et_pb_column][et_pb_column type=\u00bb1_3&#8243; _builder_version=\u00bb4.27.4&#8243; _module_preset=\u00bbdefault\u00bb global_colors_info=\u00bb{}\u00bb][\/et_pb_column][\/et_pb_row][\/et_pb_section][et_pb_section fb_built=\u00bb1&#8243; _builder_version=\u00bb4.27.4&#8243; _module_preset=\u00bbdefault\u00bb background_color=\u00bb#e8eaed\u00bb min_height=\u00bb619.3px\u00bb custom_margin=\u00bb-135px|||||\u00bb custom_padding=\u00bb||0px|||\u00bb hover_enabled=\u00bb0&#8243; global_colors_info=\u00bb{}\u00bb sticky_enabled=\u00bb0&#8243;][et_pb_row _builder_version=\u00bb4.27.4&#8243; _module_preset=\u00bbdefault\u00bb global_colors_info=\u00bb{}\u00bb][et_pb_column type=\u00bb4_4&#8243; _builder_version=\u00bb4.27.4&#8243; _module_preset=\u00bbdefault\u00bb global_colors_info=\u00bb{}\u00bb][et_pb_text _builder_version=\u00bb4.27.4&#8243; _module_preset=\u00bbdefault\u00bb text_text_color=\u00bb#03163b\u00bb text_font_size=\u00bb18px\u00bb text_line_height=\u00bb1.5em\u00bb min_height=\u00bb52px\u00bb custom_padding=\u00bb||2px|||\u00bb hover_enabled=\u00bb0&#8243; global_colors_info=\u00bb{}\u00bb sticky_enabled=\u00bb0&#8243;]<\/p>\n<p style=\"text-align: center;\">D\u00c9VELOPPEMENT D'UNE CHA\u00ceNE INTERR\u00c9GIONALE M\u00c9RIDIONALE POUR CONSOLIDER LE LEADERSHIP EUROP\u00c9EN DANS L'\u00c9OLIEN FLOTTANT ET ACC\u00c9L\u00c9RER LA MISE SUR LE MARCH\u00c9 DE L'INNOVATION.<\/p>\n<p>[\/et_pb_text][\/et_pb_column][\/et_pb_row][et_pb_row _builder_version=\u00bb4.27.4&#8243; _module_preset=\u00bbdefault\u00bb min_height=\u00bb91.3px\u00bb global_colors_info=\u00bb{}\u00bb][et_pb_column type=\u00bb4_4&#8243; _builder_version=\u00bb4.27.4&#8243; _module_preset=\u00bbdefault\u00bb global_colors_info=\u00bb{}\u00bb][et_pb_heading title=\u00bbObjetivos\u00bb _builder_version=\u00bb4.27.4&#8243; _module_preset=\u00bbdefault\u00bb title_level=\u00bbh2&#8243; title_font=\u00bb||||||||\u00bb title_text_align=\u00bbcenter\u00bb title_text_color=\u00bb#03163b\u00bb hover_enabled=\u00bb0&#8243; global_colors_info=\u00bb{}\u00bb sticky_enabled=\u00bb0&#8243;][\/et_pb_heading][et_pb_text _builder_version=\u00bb4.27.4&#8243; _module_preset=\u00bbdefault\u00bb text_text_color=\u00bb#03163b\u00bb text_font_size=\u00bb18px\u00bb text_line_height=\u00bb1.5em\u00bb hover_enabled=\u00bb0&#8243; global_colors_info=\u00bb{}\u00bb text_text_color__hover_enabled=\u00bbon|desktop\u00bb text_text_color__hover=\u00bb#FFFFFF\u00bb sticky_enabled=\u00bb0&#8243;]<\/p>\n<p>Le projet europ\u00e9en I3FLOAT, coordonn\u00e9 par le cluster BASQUENERGY, \u00e9laborera une feuille de route pour l'innovation dans le domaine de l'\u00e9nergie \u00e9olienne flottante, financ\u00e9e dans le cadre du programme Interregional Innovation Investments (I3) - Strand 1 et cofinanc\u00e9e par l'Union europ\u00e9enne \u00e0 travers EISMEA.<\/p>\n<p><span style=\"font-weight: 400;\">I3FLOAT se concentrera sur le d\u00e9veloppement d'investissements d'innovation interr\u00e9gionaux dans quatre projets pilotes I3 dans les r\u00e9gions participantes, con\u00e7us pour relever les d\u00e9fis actuels du secteur. Ces initiatives porteront sur des questions telles que la conception plus avanc\u00e9e, l'utilisation de mat\u00e9riaux plus innovants, l'am\u00e9lioration des processus de fabrication et de la cha\u00eene d'approvisionnement, le post-prototypage et la mod\u00e9lisation commerciale, la logistique et l'installation, ainsi que la connectivit\u00e9 et la maintenance.<\/span><\/p>\n<p><span style=\"font-weight: 400;\">Gr\u00e2ce au d\u00e9veloppement continu de nouvelles solutions innovantes, les co\u00fbts d'exploitation seront r\u00e9duits et la comp\u00e9titivit\u00e9 de l'\u00e9nergie \u00e9olienne flottante augmentera, tout en renfor\u00e7ant la position de l'Europe en tant qu'acteur de premier plan dans ce domaine technologique.<\/span><\/p>\n<p><br style=\"font-weight: 400;\" \/><br style=\"font-weight: 400;\" \/><\/p>\n<p>[\/et_pb_text][\/et_pb_column][\/et_pb_row][\/et_pb_section][et_pb_section fb_built=\u00bb1&#8243; _builder_version=\u00bb4.27.4&#8243; _module_preset=\u00bbdefault\u00bb background_color=\u00bb#e8eaed\u00bb custom_padding=\u00bb|||0px||\u00bb hover_enabled=\u00bb0&#8243; custom_css_main_element=\u00bb\/* DESKTOP &#8211; Pantallas grandes *\/||\/* DESKTOP *\/||.et_pb_image {||    width: 600px;||    max-width: 100%;||    margin: 0 auto 30px auto;||}||||.et_pb_image_wrap {||    width: 100%;||    aspect-ratio: 3 \/ 2; \/* Proporci\u00f3n landscape 3:2 *\/||    border-radius: 20px;||    overflow: hidden;||}||||.et_pb_image_wrap img {||    width: 100%;||    height: 100%;||    object-fit: cover;||    object-position: center;||}||||\/* LAPTOPS 13%22 *\/||@media (max-width: 1366px) {||    .et_pb_image {||        width: 550px;||    }||    .et_pb_image_wrap {||        border-radius: 18px;||    }||}||||\/* LAPTOPS PEQUE\u00d1OS *\/||@media (max-width: 1024px) {||    .et_pb_image {||        width: 480px;||    }||    .et_pb_image_wrap {||        border-radius: 16px;||    }||}||||\/* TABLETS *\/||@media (max-width: 980px) {||    .et_pb_image {||        width: 100%;||        max-width: 500px;||    }||    .et_pb_image_wrap {||        border-radius: 14px;||    }||}||||\/* TABLETS PEQUE\u00d1AS *\/||@media (max-width: 768px) {||    .et_pb_image {||        width: 100%;||        max-width: 450px;||    }||    .et_pb_image_wrap {||        border-radius: 12px;||    }||}||||\/* M\u00d3VILES *\/||@media (max-width: 767px) {||    .et_pb_image {||        width: 100%;||    }||    .et_pb_image_wrap {||        border-radius: 10px;||    }||}||||\/* M\u00d3VILES PEQUE\u00d1OS *\/||@media (max-width: 480px) {||    .et_pb_image_wrap {||        border-radius: 8px;||    }||}\u00bb global_colors_info=\u00bb{}\u00bb sticky_enabled=\u00bb0&#8243;][et_pb_row column_structure=\u00bb1_2,1_2&#8243; _builder_version=\u00bb4.27.4&#8243; _module_preset=\u00bbdefault\u00bb width=\u00bb81.9%\u00bb custom_padding=\u00bb0px|0px|0px|0px|false|false\u00bb global_colors_info=\u00bb{}\u00bb][et_pb_column type=\u00bb1_2&#8243; _builder_version=\u00bb4.27.4&#8243; _module_preset=\u00bbdefault\u00bb global_colors_info=\u00bb{}\u00bb][et_pb_image src=\u00bbhttps:\/\/eon-sea.com\/wp-content\/uploads\/2025\/11\/I3FLOAT_Consortium-map-scaled.png\u00bb title_text=\u00bbI3FLOAT_Consortium map\u00bb _builder_version=\u00bb4.27.4&#8243; _module_preset=\u00bbdefault\u00bb width=\u00bb65%\u00bb custom_padding=\u00bb||0px|||\u00bb box_shadow_style=\u00bbpreset3&#8243; global_colors_info=\u00bb{}\u00bb][\/et_pb_image][\/et_pb_column][et_pb_column type=\u00bb1_2&#8243; _builder_version=\u00bb4.27.4&#8243; _module_preset=\u00bbdefault\u00bb global_colors_info=\u00bb{}\u00bb][et_pb_image src=\u00bbhttps:\/\/eon-sea.com\/wp-content\/uploads\/2025\/11\/I3FLOAT_Infographic-Overview-scaled.png\u00bb title_text=\u00bbI3FLOAT_Infographic &#8211; Overview\u00bb _builder_version=\u00bb4.27.4&#8243; _module_preset=\u00bbdefault\u00bb width=\u00bb65%\u00bb min_height=\u00bb235px\u00bb box_shadow_style=\u00bbpreset3&#8243; global_colors_info=\u00bb{}\u00bb][\/et_pb_image][\/et_pb_column][\/et_pb_row][\/et_pb_section][et_pb_section fb_built=\u00bb1&#8243; _builder_version=\u00bb4.27.4&#8243; _module_preset=\u00bbdefault\u00bb background_color=\u00bb#e8eaed\u00bb min_height=\u00bb61px\u00bb custom_margin=\u00bb||-46px|||\u00bb custom_padding=\u00bb0px|||||\u00bb hover_enabled=\u00bb0&#8243; global_colors_info=\u00bb{}\u00bb sticky_enabled=\u00bb0&#8243;][et_pb_row _builder_version=\u00bb4.27.4&#8243; _module_preset=\u00bbdefault\u00bb min_height=\u00bb76.7px\u00bb global_colors_info=\u00bb{}\u00bb][et_pb_column type=\u00bb4_4&#8243; _builder_version=\u00bb4.27.4&#8243; _module_preset=\u00bbdefault\u00bb global_colors_info=\u00bb{}\u00bb][et_pb_heading title=\u00bbSocios \u00bb _builder_version=\u00bb4.27.4&#8243; _module_preset=\u00bbdefault\u00bb title_level=\u00bbh2&#8243; title_text_align=\u00bbcenter\u00bb title_text_color=\u00bb#03163b\u00bb hover_enabled=\u00bb0&#8243; global_colors_info=\u00bb{}\u00bb sticky_enabled=\u00bb0&#8243;][\/et_pb_heading][\/et_pb_column][\/et_pb_row][et_pb_row _builder_version=\u00bb4.27.4&#8243; _module_preset=\u00bbdefault\u00bb global_colors_info=\u00bb{}\u00bb][et_pb_column type=\u00bb4_4&#8243; _builder_version=\u00bb4.27.4&#8243; _module_preset=\u00bbdefault\u00bb global_colors_info=\u00bb{}\u00bb][et_pb_text _builder_version=\u00bb4.27.4&#8243; _module_preset=\u00bbdefault\u00bb text_text_color=\u00bb#03163b\u00bb text_font_size=\u00bb18px\u00bb text_line_height=\u00bb1.5em\u00bb header_line_height=\u00bb1.5em\u00bb hover_enabled=\u00bb0&#8243; global_colors_info=\u00bb{}\u00bb sticky_enabled=\u00bb0&#8243;]<\/p>\n<p>Le Consortium est coordonn\u00e9 par le Cluster BASQUENERGY et est compos\u00e9 de 7 autres associations et clusters, Blue Italian Growth, Canary Islands Maritime Cluster, Claner, De Blauwe Cluster, Marine Cluster Bulgaria, Pole Mer Mediterranee et Wind Energy Hub ; 4 d\u00e9veloppeurs de plateformes flottantes, Enerocean, Eolink, Multi Engineering et Saitec ; 11 fournisseurs, 24Sea, Aventa, Core Marine Solutions, Eonsea, France Energies Marines, Geodis, Ghenova Marine Renewables, Haedes Engineering, Ingenieria Zero, Oceanide et Tetrace ; et Zabala qui soutient le projet.<\/p>\n<p>[\/et_pb_text][\/et_pb_column][\/et_pb_row][\/et_pb_section][et_pb_section fb_built=\u00bb1&#8243; _builder_version=\u00bb4.27.4&#8243; _module_preset=\u00bbdefault\u00bb background_color=\u00bb#03163b\u00bb min_height=\u00bb174px\u00bb custom_margin=\u00bb||-51px|||\u00bb custom_padding=\u00bb4px|||||\u00bb hover_enabled=\u00bb0&#8243; global_colors_info=\u00bb{}\u00bb sticky_enabled=\u00bb0&#8243;][et_pb_row _builder_version=\u00bb4.27.4&#8243; _module_preset=\u00bbdefault\u00bb custom_margin=\u00bb|auto|-22px|auto||\u00bb global_colors_info=\u00bb{}\u00bb][et_pb_column type=\u00bb4_4&#8243; _builder_version=\u00bb4.27.4&#8243; _module_preset=\u00bbdefault\u00bb global_colors_info=\u00bb{}\u00bb][et_pb_heading title=\u00bbFinanciado por:\u00bb _builder_version=\u00bb4.27.4&#8243; _module_preset=\u00bbdefault\u00bb title_level=\u00bbh2&#8243; title_text_align=\u00bbcenter\u00bb title_text_color=\u00bb#FFFFFF\u00bb global_colors_info=\u00bb{}\u00bb][\/et_pb_heading][\/et_pb_column][\/et_pb_row][\/et_pb_section][et_pb_section fb_built=\u00bb1&#8243; _builder_version=\u00bb4.27.4&#8243; _module_preset=\u00bbdefault\u00bb background_color=\u00bb#03163b\u00bb custom_padding=\u00bb12px|||||\u00bb hover_enabled=\u00bb0&#8243; global_colors_info=\u00bb{}\u00bb sticky_enabled=\u00bb0&#8243;][et_pb_row column_structure=\u00bb1_3,1_3,1_3&#8243; _builder_version=\u00bb4.27.4&#8243; _module_preset=\u00bbdefault\u00bb border_radii=\u00bbon|29px|29px|29px|29px\u00bb border_width_all=\u00bb2px\u00bb border_color_all=\u00bb#FFFFFF\u00bb global_colors_info=\u00bb{}\u00bb][et_pb_column type=\u00bb1_3&#8243; _builder_version=\u00bb4.27.4&#8243; _module_preset=\u00bbdefault\u00bb global_colors_info=\u00bb{}\u00bb][\/et_pb_column][et_pb_column type=\u00bb1_3&#8243; _builder_version=\u00bb4.27.4&#8243; _module_preset=\u00bbdefault\u00bb global_colors_info=\u00bb{}\u00bb][et_pb_image src=\u00bbhttps:\/\/eon-sea.com\/wp-content\/uploads\/2025\/11\/EN_Co-Funded-by-the-EU_Horizontal.png\u00bb title_text=\u00bbEN_Co-Funded by the EU_Horizontal\u00bb _builder_version=\u00bb4.27.4&#8243; _module_preset=\u00bbdefault\u00bb global_colors_info=\u00bb{}\u00bb][\/et_pb_image][\/et_pb_column][et_pb_column type=\u00bb1_3&#8243; _builder_version=\u00bb4.27.4&#8243; _module_preset=\u00bbdefault\u00bb global_colors_info=\u00bb{}\u00bb][\/et_pb_column][\/et_pb_row][\/et_pb_section]<\/p>","protected":false},"excerpt":{"rendered":"<p>DESARROLLO DE UNA CADENA INTERREGIONAL DEL SUR PARA CONSOLIDAR EL LIDERAZGO EUROPEO EN EL VIENTO FLOTANTE Y LA ACELERACI\u00d3N DEL TIEMPO DE COMERCIALIZACI\u00d3N DE LA INNOVACI\u00d3N.El proyecto europeo I3FLOAT, coordinado por BASQUENERGY Cluster, elaborar\u00e1 una hoja de ruta para la innovaci\u00f3n en Energia E\u00f3lica Flotante financiado en el marco del programa Interregional Innovation Investments (I3) [&hellip;]<\/p>","protected":false},"author":10,"featured_media":0,"parent":0,"menu_order":0,"comment_status":"closed","ping_status":"closed","template":"","meta":{"_acf_changed":false,"_et_pb_use_builder":"on","_et_pb_old_content":"","_et_gb_content_width":"","_monsterinsights_skip_tracking":false,"_monsterinsights_sitenote_active":false,"_monsterinsights_sitenote_note":"","_monsterinsights_sitenote_category":0,"footnotes":""},"class_list":["post-6334","page","type-page","status-publish","hentry"],"acf":[],"yoast_head":"<!-- This site is optimized with the Yoast SEO plugin v26.7 - https:\/\/yoast.com\/wordpress\/plugins\/seo\/ -->\n<title>I3FLOAT - EONSEA<\/title>\n<meta name=\"description\" content=\"El proyecto europeo I3FLOAT, coordinado por BASQUENERGY Cluster, elaborar\u00e1 una hoja de ruta para la innovaci\u00f3n en Energia E\u00f3lica Flotante.\" \/>\n<meta name=\"robots\" content=\"index, follow, max-snippet:-1, max-image-preview:large, max-video-preview:-1\" \/>\n<link rel=\"canonical\" href=\"https:\/\/eon-sea.com\/fr\/i3float\/\" \/>\n<meta property=\"og:locale\" content=\"fr_FR\" \/>\n<meta property=\"og:type\" content=\"article\" \/>\n<meta property=\"og:title\" content=\"I3FLOAT - EONSEA\" \/>\n<meta property=\"og:description\" content=\"El proyecto europeo I3FLOAT, coordinado por BASQUENERGY Cluster, elaborar\u00e1 una hoja de ruta para la innovaci\u00f3n en Energia E\u00f3lica Flotante.\" \/>\n<meta property=\"og:url\" content=\"https:\/\/eon-sea.com\/fr\/i3float\/\" \/>\n<meta property=\"og:site_name\" content=\"EONSEA\" \/>\n<meta property=\"article:modified_time\" content=\"2026-04-28T13:26:24+00:00\" \/>\n<meta name=\"twitter:card\" content=\"summary_large_image\" \/>\n<meta name=\"twitter:site\" content=\"@eon_sea\" \/>\n<meta name=\"twitter:label1\" content=\"Dur\u00e9e de lecture estim\u00e9e\" \/>\n\t<meta name=\"twitter:data1\" content=\"3 minutes\" \/>\n<script type=\"application\/ld+json\" class=\"yoast-schema-graph\">{\"@context\":\"https:\/\/schema.org\",\"@graph\":[{\"@type\":\"WebPage\",\"@id\":\"https:\/\/eon-sea.com\/i3float\/\",\"url\":\"https:\/\/eon-sea.com\/i3float\/\",\"name\":\"I3FLOAT - EONSEA\",\"isPartOf\":{\"@id\":\"https:\/\/seagreen-hawk-426743.hostingersite.com\/#website\"},\"datePublished\":\"2025-11-24T09:08:45+00:00\",\"dateModified\":\"2026-04-28T13:26:24+00:00\",\"description\":\"El proyecto europeo I3FLOAT, coordinado por BASQUENERGY Cluster, elaborar\u00e1 una hoja de ruta para la innovaci\u00f3n en Energia E\u00f3lica Flotante.\",\"breadcrumb\":{\"@id\":\"https:\/\/eon-sea.com\/i3float\/#breadcrumb\"},\"inLanguage\":\"fr-FR\",\"potentialAction\":[{\"@type\":\"ReadAction\",\"target\":[\"https:\/\/eon-sea.com\/i3float\/\"]}]},{\"@type\":\"BreadcrumbList\",\"@id\":\"https:\/\/eon-sea.com\/i3float\/#breadcrumb\",\"itemListElement\":[{\"@type\":\"ListItem\",\"position\":1,\"name\":\"Portada\",\"item\":\"https:\/\/eon-sea.com\/\"},{\"@type\":\"ListItem\",\"position\":2,\"name\":\"I3FLOAT\"}]},{\"@type\":\"WebSite\",\"@id\":\"https:\/\/seagreen-hawk-426743.hostingersite.com\/#website\",\"url\":\"https:\/\/seagreen-hawk-426743.hostingersite.com\/\",\"name\":\"EONSEA\",\"description\":\"Inspecci\u00f3n de embarcaciones con ROVs e IA\",\"potentialAction\":[{\"@type\":\"SearchAction\",\"target\":{\"@type\":\"EntryPoint\",\"urlTemplate\":\"https:\/\/seagreen-hawk-426743.hostingersite.com\/?s={search_term_string}\"},\"query-input\":{\"@type\":\"PropertyValueSpecification\",\"valueRequired\":true,\"valueName\":\"search_term_string\"}}],\"inLanguage\":\"fr-FR\"}]}<\/script>\n<!-- \/ Yoast SEO plugin. -->","yoast_head_json":{"title":"I3FLOAT - EONSEA","description":"El proyecto europeo I3FLOAT, coordinado por BASQUENERGY Cluster, elaborar\u00e1 una hoja de ruta para la innovaci\u00f3n en Energia E\u00f3lica Flotante.","robots":{"index":"index","follow":"follow","max-snippet":"max-snippet:-1","max-image-preview":"max-image-preview:large","max-video-preview":"max-video-preview:-1"},"canonical":"https:\/\/eon-sea.com\/fr\/i3float\/","og_locale":"fr_FR","og_type":"article","og_title":"I3FLOAT - EONSEA","og_description":"El proyecto europeo I3FLOAT, coordinado por BASQUENERGY Cluster, elaborar\u00e1 una hoja de ruta para la innovaci\u00f3n en Energia E\u00f3lica Flotante.","og_url":"https:\/\/eon-sea.com\/fr\/i3float\/","og_site_name":"EONSEA","article_modified_time":"2026-04-28T13:26:24+00:00","twitter_card":"summary_large_image","twitter_site":"@eon_sea","twitter_misc":{"Dur\u00e9e de lecture estim\u00e9e":"3 minutes"},"schema":{"@context":"https:\/\/schema.org","@graph":[{"@type":"WebPage","@id":"https:\/\/eon-sea.com\/i3float\/","url":"https:\/\/eon-sea.com\/i3float\/","name":"I3FLOAT - EONSEA","isPartOf":{"@id":"https:\/\/seagreen-hawk-426743.hostingersite.com\/#website"},"datePublished":"2025-11-24T09:08:45+00:00","dateModified":"2026-04-28T13:26:24+00:00","description":"El proyecto europeo I3FLOAT, coordinado por BASQUENERGY Cluster, elaborar\u00e1 una hoja de ruta para la innovaci\u00f3n en Energia E\u00f3lica Flotante.","breadcrumb":{"@id":"https:\/\/eon-sea.com\/i3float\/#breadcrumb"},"inLanguage":"fr-FR","potentialAction":[{"@type":"ReadAction","target":["https:\/\/eon-sea.com\/i3float\/"]}]},{"@type":"BreadcrumbList","@id":"https:\/\/eon-sea.com\/i3float\/#breadcrumb","itemListElement":[{"@type":"ListItem","position":1,"name":"Portada","item":"https:\/\/eon-sea.com\/"},{"@type":"ListItem","position":2,"name":"I3FLOAT"}]},{"@type":"WebSite","@id":"https:\/\/seagreen-hawk-426743.hostingersite.com\/#website","url":"https:\/\/seagreen-hawk-426743.hostingersite.com\/","name":"EONSEA","description":"Inspecci\u00f3n de embarcaciones con ROVs e IA","potentialAction":[{"@type":"SearchAction","target":{"@type":"EntryPoint","urlTemplate":"https:\/\/seagreen-hawk-426743.hostingersite.com\/?s={search_term_string}"},"query-input":{"@type":"PropertyValueSpecification","valueRequired":true,"valueName":"search_term_string"}}],"inLanguage":"fr-FR"}]}},"_links":{"self":[{"href":"https:\/\/eon-sea.com\/fr\/wp-json\/wp\/v2\/pages\/6334","targetHints":{"allow":["GET"]}}],"collection":[{"href":"https:\/\/eon-sea.com\/fr\/wp-json\/wp\/v2\/pages"}],"about":[{"href":"https:\/\/eon-sea.com\/fr\/wp-json\/wp\/v2\/types\/page"}],"author":[{"embeddable":true,"href":"https:\/\/eon-sea.com\/fr\/wp-json\/wp\/v2\/users\/10"}],"replies":[{"embeddable":true,"href":"https:\/\/eon-sea.com\/fr\/wp-json\/wp\/v2\/comments?post=6334"}],"version-history":[{"count":40,"href":"https:\/\/eon-sea.com\/fr\/wp-json\/wp\/v2\/pages\/6334\/revisions"}],"predecessor-version":[{"id":7438,"href":"https:\/\/eon-sea.com\/fr\/wp-json\/wp\/v2\/pages\/6334\/revisions\/7438"}],"wp:attachment":[{"href":"https:\/\/eon-sea.com\/fr\/wp-json\/wp\/v2\/media?parent=6334"}],"curies":[{"name":"wp","href":"https:\/\/api.w.org\/{rel}","templated":true}]}}