{"id":6637,"date":"2025-11-24T14:25:02","date_gmt":"2025-11-24T12:25:02","guid":{"rendered":"https:\/\/eon-sea.com\/?page_id=6637"},"modified":"2026-03-10T16:37:37","modified_gmt":"2026-03-10T14:37:37","slug":"proyecto-nexomar","status":"publish","type":"page","link":"https:\/\/eon-sea.com\/fr\/proyecto-nexomar\/","title":{"rendered":"NEXOMAR"},"content":{"rendered":"<p>[et_pb_section fb_built=\u00bb1&#8243; module_class=\u00bbsolicitor_sec\u00bb _builder_version=\u00bb4.27.4&#8243; _module_preset=\u00bbdefault\u00bb background_color=\u00bb#000000&#8243; use_background_color_gradient=\u00bbon\u00bb background_color_gradient_stops=\u00bb#000000 0%|rgba(0,0,0,0.5) 8%|rgba(0,0,0,0.6) 94%|#000000 100%\u00bb background_color_gradient_overlays_image=\u00bbon\u00bb background_image=\u00bbhttps:\/\/eon-sea.com\/wp-content\/uploads\/2025\/11\/pexels-thiagomobile-3343801-scaled.jpg\u00bb min_height=\u00bb312.1px\u00bb custom_margin=\u00bb||||false|false\u00bb custom_padding=\u00bb0px||0px|7px|false|false\u00bb custom_css_before=\u00bbborder-radius: 20px;||overflow: hidden;\u00bb locked=\u00bboff\u00bb global_colors_info=\u00bb{}\u00bb][et_pb_row column_structure=\u00bb1_3,1_3,1_3&#8243; _builder_version=\u00bb4.27.4&#8243; _module_preset=\u00bbdefault\u00bb min_height=\u00bb385.1px\u00bb global_colors_info=\u00bb{}\u00bb][et_pb_column type=\u00bb1_3&#8243; _builder_version=\u00bb4.27.4&#8243; _module_preset=\u00bbdefault\u00bb global_colors_info=\u00bb{}\u00bb][\/et_pb_column][et_pb_column type=\u00bb1_3&#8243; _builder_version=\u00bb4.27.4&#8243; _module_preset=\u00bbdefault\u00bb global_colors_info=\u00bb{}\u00bb][et_pb_image src=\u00bbhttps:\/\/eon-sea.com\/wp-content\/uploads\/2025\/11\/ChatGPT-Image-24-nov-2025-13_11_26.png\u00bb title_text=\u00bbChatGPT Image 24 nov 2025, 13_11_26&#8243; _builder_version=\u00bb4.27.4&#8243; _module_preset=\u00bbdefault\u00bb min_height=\u00bb312.1px\u00bb global_colors_info=\u00bb{}\u00bb][\/et_pb_image][\/et_pb_column][et_pb_column type=\u00bb1_3&#8243; _builder_version=\u00bb4.27.4&#8243; _module_preset=\u00bbdefault\u00bb global_colors_info=\u00bb{}\u00bb][\/et_pb_column][\/et_pb_row][\/et_pb_section][et_pb_section fb_built=\u00bb1&#8243; _builder_version=\u00bb4.27.4&#8243; _module_preset=\u00bbdefault\u00bb background_color=\u00bb#000000&#8243; min_height=\u00bb619.3px\u00bb custom_margin=\u00bb||-162px|||\u00bb global_colors_info=\u00bb{}\u00bb][et_pb_row _builder_version=\u00bb4.27.4&#8243; _module_preset=\u00bbdefault\u00bb module_alignment=\u00bbcenter\u00bb locked=\u00bboff\u00bb global_colors_info=\u00bb{}\u00bb][et_pb_column type=\u00bb4_4&#8243; _builder_version=\u00bb4.27.4&#8243; _module_preset=\u00bbdefault\u00bb global_colors_info=\u00bb{}\u00bb][et_pb_text _builder_version=\u00bb4.27.4&#8243; _module_preset=\u00bbdefault\u00bb text_text_color=\u00bb#0fd4c3&#8243; text_font_size=\u00bb18px\u00bb text_line_height=\u00bb1.5em\u00bb header_text_align=\u00bbcenter\u00bb text_orientation=\u00bbcenter\u00bb min_height=\u00bb52px\u00bb custom_padding=\u00bb||2px|||\u00bb global_colors_info=\u00bb{}\u00bb]<\/p>\n<p>UNE LIAISON TRANSFRONTALI\u00c8RE POUR STIMULER L'ACTIVIT\u00c9 LOGISTIQUE MARITIME<\/p>\n<p>[\/et_pb_text][\/et_pb_column][\/et_pb_row][et_pb_row _builder_version=\u00bb4.27.4&#8243; _module_preset=\u00bbdefault\u00bb min_height=\u00bb91.3px\u00bb custom_padding=\u00bb||12px|||\u00bb global_colors_info=\u00bb{}\u00bb][et_pb_column type=\u00bb4_4&#8243; _builder_version=\u00bb4.27.4&#8243; _module_preset=\u00bbdefault\u00bb global_colors_info=\u00bb{}\u00bb][et_pb_heading title=\u00bbObjetivos\u00bb _builder_version=\u00bb4.27.4&#8243; _module_preset=\u00bbdefault\u00bb title_level=\u00bbh2&#8243; title_font=\u00bb||||||||\u00bb title_text_align=\u00bbcenter\u00bb title_text_color=\u00bb#FFFFFF\u00bb global_colors_info=\u00bb{}\u00bb][\/et_pb_heading][et_pb_text _builder_version=\u00bb4.27.4&#8243; _module_preset=\u00bbdefault\u00bb text_text_color=\u00bb#FFFFFF\u00bb header_text_color=\u00bb#FFFFFF\u00bb header_font_size=\u00bb18px\u00bb header_line_height=\u00bb1.5em\u00bb header_font_size_last_edited=\u00bboff|desktop\u00bb custom_css_free_form=\u00bbselector {||    font-size: 18px;||    line-height: 1.5rem;||}\u00bb global_colors_info=\u00bb{}\u00bb header_font_size__hover_enabled=\u00bboff|desktop\u00bb]<\/p>\n<p>Le projet NEXOMAR est une initiative de coop\u00e9ration transfrontali\u00e8re entre l'Andalousie (Espagne) et la r\u00e9gion portugaise Alentejo-Algarve, cofinanc\u00e9e par l'Union europ\u00e9enne \u00e0 travers le programme INTERREG VI A Espagne-Portugal (POCTEP) 2021-2027, qui permet la promotion de l'activit\u00e9 logistique maritime. .<\/p>\n<p>Dans le cadre du projet NEXOMAR, plusieurs d\u00e9fis d'innovation ouverte ont \u00e9t\u00e9 d\u00e9finis, visant \u00e0 am\u00e9liorer les processus logistiques prioritaires. Plus pr\u00e9cis\u00e9ment, le d\u00e9fi 1 porte sur la mise en place de nouveaux syst\u00e8mes de dissuasion pour att\u00e9nuer l'impact des cormorans dans les installations de production aquacole.<\/p>\n<p>Les fermes aquacoles andalouses sont confront\u00e9es \u00e0 une d\u00e9pr\u00e9ciation importante caus\u00e9e par le grand cormoran. Dans la seule baie de Cadix, quelque 4 000 cormorans consomment 1,2 tonne de poissons par jour, ce qui entra\u00eene des pertes consid\u00e9rables. Au niveau europ\u00e9en, les cormorans pr\u00e9l\u00e8vent jusqu'\u00e0 330 000 tonnes de poissons par an et les moyens de dissuasion traditionnels ne suffisent pas.  Face \u00e0 cette situation, la <span dir=\"ltr\" role=\"presentation\">Association des entreprises Ac<\/span><span dir=\"ltr\" role=\"presentation\">uiculture Marine <\/span><span dir=\"ltr\" role=\"presentation\">Andalousie (ASEMA) propose<\/span> <span dir=\"ltr\" role=\"presentation\">conception<\/span> <span dir=\"ltr\" role=\"presentation\">et\/ou mettre en \u0153uvre<\/span> <span dir=\"ltr\" role=\"presentation\">a<\/span> <span dir=\"ltr\" role=\"presentation\">syst\u00e8me de dissuasion fond\u00e9 sur <\/span><span dir=\"ltr\" role=\"presentation\">\u00e0<\/span> <span dir=\"ltr\" role=\"presentation\">num\u00e9risation<\/span> <span dir=\"ltr\" role=\"presentation\">y<\/span> <span dir=\"ltr\" role=\"presentation\">la durabilit\u00e9<\/span> <span dir=\"ltr\" role=\"presentation\">l'environnement<\/span> <span dir=\"ltr\" role=\"presentation\">pour<\/span> <span dir=\"ltr\" role=\"presentation\">prot\u00e9ger<\/span> <span dir=\"ltr\" role=\"presentation\">les<\/span> <span dir=\"ltr\" role=\"presentation\">installations<\/span> <span dir=\"ltr\" role=\"presentation\">de <\/span><span dir=\"ltr\" role=\"presentation\">l'aquaculture dans l'Euror\u00e9gion.<\/span><\/p>\n<p>Le projet EONSEA combine la perception, l'intelligence artificielle et la robotique avec une gestion centralis\u00e9e.<\/p>\n<p>&nbsp;<\/p>\n<p>&nbsp;<\/p>\n<p>[\/et_pb_text][\/et_pb_column][\/et_pb_row][et_pb_row column_structure=\u00bb1_2,1_2&#8243; _builder_version=\u00bb4.27.4&#8243; _module_preset=\u00bbdefault\u00bb global_colors_info=\u00bb{}\u00bb][et_pb_column type=\u00bb1_2&#8243; _builder_version=\u00bb4.27.4&#8243; _module_preset=\u00bbdefault\u00bb global_colors_info=\u00bb{}\u00bb][et_pb_image src=\u00bbhttps:\/\/eon-sea.com\/wp-content\/uploads\/2025\/11\/imagen_546x546.png\u00bb title_text=\u00bbimagen_546x546&#8243; _builder_version=\u00bb4.27.4&#8243; _module_preset=\u00bbdefault\u00bb global_colors_info=\u00bb{}\u00bb][\/et_pb_image][\/et_pb_column][et_pb_column type=\u00bb1_2&#8243; _builder_version=\u00bb4.27.4&#8243; _module_preset=\u00bbdefault\u00bb global_colors_info=\u00bb{}\u00bb][et_pb_image src=\u00bbhttps:\/\/eon-sea.com\/wp-content\/uploads\/2025\/11\/image-2.png\u00bb title_text=\u00bbimage (2)\u00bb _builder_version=\u00bb4.27.4&#8243; _module_preset=\u00bbdefault\u00bb global_colors_info=\u00bb{}\u00bb][\/et_pb_image][\/et_pb_column][\/et_pb_row][\/et_pb_section][et_pb_section fb_built=\u00bb1&#8243; disabled_on=\u00bboff|off|off\u00bb _builder_version=\u00bb4.27.4&#8243; _module_preset=\u00bbdefault\u00bb background_color=\u00bb#000000&#8243; min_height=\u00bb264.3px\u00bb custom_padding=\u00bb60px||34px|||\u00bb global_colors_info=\u00bb{}\u00bb custom_margin=\u00bb114px|||||\u00bb][et_pb_row _builder_version=\u00bb4.27.4&#8243; _module_preset=\u00bbdefault\u00bb min_height=\u00bb100.7px\u00bb global_colors_info=\u00bb{}\u00bb][et_pb_column type=\u00bb4_4&#8243; _builder_version=\u00bb4.27.4&#8243; _module_preset=\u00bbdefault\u00bb global_colors_info=\u00bb{}\u00bb][et_pb_heading title=\u00bbSocios \u00bb _builder_version=\u00bb4.27.4&#8243; _module_preset=\u00bbdefault\u00bb title_level=\u00bbh2&#8243; title_text_align=\u00bbcenter\u00bb title_text_color=\u00bb#FFFFFF\u00bb global_colors_info=\u00bb{}\u00bb][\/et_pb_heading][\/et_pb_column][\/et_pb_row][et_pb_row _builder_version=\u00bb4.27.4&#8243; _module_preset=\u00bbdefault\u00bb custom_padding=\u00bb1px|||||\u00bb global_colors_info=\u00bb{}\u00bb][et_pb_column type=\u00bb4_4&#8243; _builder_version=\u00bb4.27.4&#8243; _module_preset=\u00bbdefault\u00bb global_colors_info=\u00bb{}\u00bb][et_pb_text _builder_version=\u00bb4.27.4&#8243; _module_preset=\u00bbdefault\u00bb text_text_color=\u00bb#FFFFFF\u00bb header_font_size=\u00bb18px\u00bb header_line_height=\u00bb1.5em\u00bb custom_css_free_form=\u00bbselector {||    font-size: 18px;||    line-height: 1.5rem;||}\u00bb global_colors_info=\u00bb{}\u00bb]<\/p>\n<p>Conseil andalou des chambres officielles de commerce, d'industrie, de services et de navigation, chambre officielle de commerce, d'industrie, de services et de navigation de Campo de Gibraltar, chambre officielle de commerce, d'industrie, de services et de navigation de Huelva, chambre officielle de commerce, d'industrie et de services de Jerez de La Frontera, chambre officielle de commerce, d'industrie, Services et Navigation de S\u00e9ville, la Fundaci\u00f3n Bah\u00eda de C\u00e1diz para el Desarrollo Econ\u00f3mico, la Confederaci\u00f3n de Empresarios de C\u00e1diz, l'Instituto de Empleo y Desarrollo Socioecon\u00f3mico y Tecnol\u00f3gico (IEDT), SINES TECNOPOLO - Associa\u00e7\u00e3o centro de incuba\u00e7\u00e3o de empresas de base tecnol\u00f3gica Vasco de Gama (Portugal) et l'Universidade de \u00c9vora (Portugal).<\/p>\n<p>[\/et_pb_text][\/et_pb_column][\/et_pb_row][\/et_pb_section][et_pb_section fb_built=\u00bb1&#8243; _builder_version=\u00bb4.27.4&#8243; _module_preset=\u00bbdefault\u00bb background_color=\u00bb#000000&#8243; min_height=\u00bb168px\u00bb custom_margin=\u00bb||-51px|||\u00bb global_colors_info=\u00bb{}\u00bb][et_pb_row _builder_version=\u00bb4.27.4&#8243; _module_preset=\u00bbdefault\u00bb custom_margin=\u00bb|auto|-22px|auto||\u00bb global_colors_info=\u00bb{}\u00bb][et_pb_column type=\u00bb4_4&#8243; _builder_version=\u00bb4.27.4&#8243; _module_preset=\u00bbdefault\u00bb global_colors_info=\u00bb{}\u00bb][et_pb_heading title=\u00bbFinanciado por:\u00bb _builder_version=\u00bb4.27.4&#8243; _module_preset=\u00bbdefault\u00bb title_level=\u00bbh2&#8243; title_text_align=\u00bbcenter\u00bb title_text_color=\u00bb#FFFFFF\u00bb global_colors_info=\u00bb{}\u00bb][\/et_pb_heading][\/et_pb_column][\/et_pb_row][\/et_pb_section][et_pb_section fb_built=\u00bb1&#8243; _builder_version=\u00bb4.27.4&#8243; _module_preset=\u00bbdefault\u00bb background_color=\u00bb#000000&#8243; global_colors_info=\u00bb{}\u00bb][et_pb_row column_structure=\u00bb1_3,1_3,1_3&#8243; _builder_version=\u00bb4.27.4&#8243; _module_preset=\u00bbdefault\u00bb border_radii=\u00bbon|29px|29px|29px|29px\u00bb border_width_all=\u00bb2px\u00bb border_color_all=\u00bb#FFFFFF\u00bb global_colors_info=\u00bb{}\u00bb][et_pb_column type=\u00bb1_3&#8243; _builder_version=\u00bb4.27.4&#8243; _module_preset=\u00bbdefault\u00bb global_colors_info=\u00bb{}\u00bb][\/et_pb_column][et_pb_column type=\u00bb1_3&#8243; _builder_version=\u00bb4.27.4&#8243; _module_preset=\u00bbdefault\u00bb global_colors_info=\u00bb{}\u00bb][et_pb_image src=\u00bbhttps:\/\/eon-sea.com\/wp-content\/uploads\/2025\/11\/EN_Co-Funded-by-the-EU_Horizontal.png\u00bb title_text=\u00bbEN_Co-Funded by the EU_Horizontal\u00bb _builder_version=\u00bb4.27.4&#8243; _module_preset=\u00bbdefault\u00bb global_colors_info=\u00bb{}\u00bb][\/et_pb_image][\/et_pb_column][et_pb_column type=\u00bb1_3&#8243; _builder_version=\u00bb4.27.4&#8243; _module_preset=\u00bbdefault\u00bb global_colors_info=\u00bb{}\u00bb][\/et_pb_column][\/et_pb_row][\/et_pb_section]<\/p>","protected":false},"excerpt":{"rendered":"<p>NEXO TRANSFRONTERIZO PARA IMPULSAR LA ACTIVIDAD LOG\u00cdSTICA MAR\u00cdTIMAEl proyecto NEXOMAR es una iniciativa de cooperacion transfronteriza entre Andalucia (Espa\u00f1a) y la regi\u00f3n portuguesa Alentejo-Algarve, cofinanciado por la Uni\u00f3n Europea a trav\u00e9s del programa INTERREG VI A Espa\u00f1a-Portugal (POCTEP) 2021-2027, que permite el impulso de la actividad log\u00edstica mar\u00edtima . Dentro del proyecto NEXOMAR, se han [&hellip;]<\/p>","protected":false},"author":9,"featured_media":0,"parent":0,"menu_order":0,"comment_status":"closed","ping_status":"closed","template":"","meta":{"_acf_changed":false,"_et_pb_use_builder":"on","_et_pb_old_content":"","_et_gb_content_width":"","_monsterinsights_skip_tracking":false,"_monsterinsights_sitenote_active":false,"_monsterinsights_sitenote_note":"","_monsterinsights_sitenote_category":0,"footnotes":""},"class_list":["post-6637","page","type-page","status-publish","hentry"],"acf":[],"yoast_head":"<!-- This site is optimized with the Yoast SEO plugin v26.7 - https:\/\/yoast.com\/wordpress\/plugins\/seo\/ -->\n<title>NEXOMAR - EONSEA<\/title>\n<meta name=\"description\" content=\"NEXOMAR es un nexo trasnfronterizo para impulsar la actividad log\u00edstica , un proyecto de cooperaci\u00f3n entre Andaluc\u00eda y Alentejo-Algarve.\" \/>\n<meta name=\"robots\" content=\"index, follow, max-snippet:-1, max-image-preview:large, max-video-preview:-1\" \/>\n<link rel=\"canonical\" href=\"https:\/\/eon-sea.com\/fr\/proyecto-nexomar\/\" \/>\n<meta property=\"og:locale\" content=\"fr_FR\" \/>\n<meta property=\"og:type\" content=\"article\" \/>\n<meta property=\"og:title\" content=\"NEXOMAR - EONSEA\" \/>\n<meta property=\"og:description\" content=\"NEXOMAR es un nexo trasnfronterizo para impulsar la actividad log\u00edstica , un proyecto de cooperaci\u00f3n entre Andaluc\u00eda y Alentejo-Algarve.\" \/>\n<meta property=\"og:url\" content=\"https:\/\/eon-sea.com\/fr\/proyecto-nexomar\/\" \/>\n<meta property=\"og:site_name\" content=\"EONSEA\" \/>\n<meta property=\"article:modified_time\" content=\"2026-03-10T14:37:37+00:00\" \/>\n<meta name=\"twitter:card\" content=\"summary_large_image\" \/>\n<meta name=\"twitter:site\" content=\"@eon_sea\" \/>\n<meta name=\"twitter:label1\" content=\"Dur\u00e9e de lecture estim\u00e9e\" \/>\n\t<meta name=\"twitter:data1\" content=\"3 minutes\" \/>\n<script type=\"application\/ld+json\" class=\"yoast-schema-graph\">{\"@context\":\"https:\/\/schema.org\",\"@graph\":[{\"@type\":\"WebPage\",\"@id\":\"https:\/\/eon-sea.com\/proyecto-nexomar\/\",\"url\":\"https:\/\/eon-sea.com\/proyecto-nexomar\/\",\"name\":\"NEXOMAR - EONSEA\",\"isPartOf\":{\"@id\":\"https:\/\/seagreen-hawk-426743.hostingersite.com\/#website\"},\"datePublished\":\"2025-11-24T12:25:02+00:00\",\"dateModified\":\"2026-03-10T14:37:37+00:00\",\"description\":\"NEXOMAR es un nexo trasnfronterizo para impulsar la actividad log\u00edstica , un proyecto de cooperaci\u00f3n entre Andaluc\u00eda y Alentejo-Algarve.\",\"breadcrumb\":{\"@id\":\"https:\/\/eon-sea.com\/proyecto-nexomar\/#breadcrumb\"},\"inLanguage\":\"fr-FR\",\"potentialAction\":[{\"@type\":\"ReadAction\",\"target\":[\"https:\/\/eon-sea.com\/proyecto-nexomar\/\"]}]},{\"@type\":\"BreadcrumbList\",\"@id\":\"https:\/\/eon-sea.com\/proyecto-nexomar\/#breadcrumb\",\"itemListElement\":[{\"@type\":\"ListItem\",\"position\":1,\"name\":\"Portada\",\"item\":\"https:\/\/eon-sea.com\/\"},{\"@type\":\"ListItem\",\"position\":2,\"name\":\"NEXOMAR\"}]},{\"@type\":\"WebSite\",\"@id\":\"https:\/\/seagreen-hawk-426743.hostingersite.com\/#website\",\"url\":\"https:\/\/seagreen-hawk-426743.hostingersite.com\/\",\"name\":\"EONSEA\",\"description\":\"Inspecci\u00f3n de embarcaciones con ROVs e IA\",\"potentialAction\":[{\"@type\":\"SearchAction\",\"target\":{\"@type\":\"EntryPoint\",\"urlTemplate\":\"https:\/\/seagreen-hawk-426743.hostingersite.com\/?s={search_term_string}\"},\"query-input\":{\"@type\":\"PropertyValueSpecification\",\"valueRequired\":true,\"valueName\":\"search_term_string\"}}],\"inLanguage\":\"fr-FR\"}]}<\/script>\n<!-- \/ Yoast SEO plugin. -->","yoast_head_json":{"title":"NEXOMAR - EONSEA","description":"NEXOMAR es un nexo trasnfronterizo para impulsar la actividad log\u00edstica , un proyecto de cooperaci\u00f3n entre Andaluc\u00eda y Alentejo-Algarve.","robots":{"index":"index","follow":"follow","max-snippet":"max-snippet:-1","max-image-preview":"max-image-preview:large","max-video-preview":"max-video-preview:-1"},"canonical":"https:\/\/eon-sea.com\/fr\/proyecto-nexomar\/","og_locale":"fr_FR","og_type":"article","og_title":"NEXOMAR - EONSEA","og_description":"NEXOMAR es un nexo trasnfronterizo para impulsar la actividad log\u00edstica , un proyecto de cooperaci\u00f3n entre Andaluc\u00eda y Alentejo-Algarve.","og_url":"https:\/\/eon-sea.com\/fr\/proyecto-nexomar\/","og_site_name":"EONSEA","article_modified_time":"2026-03-10T14:37:37+00:00","twitter_card":"summary_large_image","twitter_site":"@eon_sea","twitter_misc":{"Dur\u00e9e de lecture estim\u00e9e":"3 minutes"},"schema":{"@context":"https:\/\/schema.org","@graph":[{"@type":"WebPage","@id":"https:\/\/eon-sea.com\/proyecto-nexomar\/","url":"https:\/\/eon-sea.com\/proyecto-nexomar\/","name":"NEXOMAR - EONSEA","isPartOf":{"@id":"https:\/\/seagreen-hawk-426743.hostingersite.com\/#website"},"datePublished":"2025-11-24T12:25:02+00:00","dateModified":"2026-03-10T14:37:37+00:00","description":"NEXOMAR es un nexo trasnfronterizo para impulsar la actividad log\u00edstica , un proyecto de cooperaci\u00f3n entre Andaluc\u00eda y Alentejo-Algarve.","breadcrumb":{"@id":"https:\/\/eon-sea.com\/proyecto-nexomar\/#breadcrumb"},"inLanguage":"fr-FR","potentialAction":[{"@type":"ReadAction","target":["https:\/\/eon-sea.com\/proyecto-nexomar\/"]}]},{"@type":"BreadcrumbList","@id":"https:\/\/eon-sea.com\/proyecto-nexomar\/#breadcrumb","itemListElement":[{"@type":"ListItem","position":1,"name":"Portada","item":"https:\/\/eon-sea.com\/"},{"@type":"ListItem","position":2,"name":"NEXOMAR"}]},{"@type":"WebSite","@id":"https:\/\/seagreen-hawk-426743.hostingersite.com\/#website","url":"https:\/\/seagreen-hawk-426743.hostingersite.com\/","name":"EONSEA","description":"Inspecci\u00f3n de embarcaciones con ROVs e IA","potentialAction":[{"@type":"SearchAction","target":{"@type":"EntryPoint","urlTemplate":"https:\/\/seagreen-hawk-426743.hostingersite.com\/?s={search_term_string}"},"query-input":{"@type":"PropertyValueSpecification","valueRequired":true,"valueName":"search_term_string"}}],"inLanguage":"fr-FR"}]}},"_links":{"self":[{"href":"https:\/\/eon-sea.com\/fr\/wp-json\/wp\/v2\/pages\/6637","targetHints":{"allow":["GET"]}}],"collection":[{"href":"https:\/\/eon-sea.com\/fr\/wp-json\/wp\/v2\/pages"}],"about":[{"href":"https:\/\/eon-sea.com\/fr\/wp-json\/wp\/v2\/types\/page"}],"author":[{"embeddable":true,"href":"https:\/\/eon-sea.com\/fr\/wp-json\/wp\/v2\/users\/9"}],"replies":[{"embeddable":true,"href":"https:\/\/eon-sea.com\/fr\/wp-json\/wp\/v2\/comments?post=6637"}],"version-history":[{"count":25,"href":"https:\/\/eon-sea.com\/fr\/wp-json\/wp\/v2\/pages\/6637\/revisions"}],"predecessor-version":[{"id":6900,"href":"https:\/\/eon-sea.com\/fr\/wp-json\/wp\/v2\/pages\/6637\/revisions\/6900"}],"wp:attachment":[{"href":"https:\/\/eon-sea.com\/fr\/wp-json\/wp\/v2\/media?parent=6637"}],"curies":[{"name":"wp","href":"https:\/\/api.w.org\/{rel}","templated":true}]}}