{"id":6667,"date":"2025-11-24T14:30:37","date_gmt":"2025-11-24T12:30:37","guid":{"rendered":"https:\/\/eon-sea.com\/?page_id=6667"},"modified":"2025-11-26T13:54:54","modified_gmt":"2025-11-26T11:54:54","slug":"proyecto-neotec","status":"publish","type":"page","link":"https:\/\/eon-sea.com\/fr\/proyecto-neotec\/","title":{"rendered":"Proyecto NEOTEC"},"content":{"rendered":"<p>[et_pb_section fb_built=\u00bb1&#8243; module_class=\u00bbsolicitor_sec\u00bb _builder_version=\u00bb4.27.4&#8243; _module_preset=\u00bbdefault\u00bb background_color=\u00bb#000000&#8243; use_background_color_gradient=\u00bbon\u00bb background_color_gradient_stops=\u00bb#000000 0%|rgba(0,0,0,0.5) 8%|rgba(0,0,0,0.6) 94%|#000000 100%\u00bb background_color_gradient_overlays_image=\u00bbon\u00bb background_image=\u00bbhttps:\/\/eon-sea.com\/wp-content\/uploads\/2025\/11\/pexels-thiagomobile-3343801-scaled.jpg\u00bb min_height=\u00bb312.1px\u00bb custom_margin=\u00bb||||false|false\u00bb custom_padding=\u00bb172px||150px|7px|false|false\u00bb custom_css_before=\u00bbborder-radius: 20px;||overflow: hidden;\u00bb locked=\u00bboff\u00bb global_colors_info=\u00bb{}\u00bb][et_pb_row column_structure=\u00bb1_3,1_3,1_3&#8243; _builder_version=\u00bb4.27.4&#8243; _module_preset=\u00bbdefault\u00bb global_colors_info=\u00bb{}\u00bb][et_pb_column type=\u00bb1_3&#8243; _builder_version=\u00bb4.27.4&#8243; _module_preset=\u00bbdefault\u00bb global_colors_info=\u00bb{}\u00bb][\/et_pb_column][et_pb_column type=\u00bb1_3&#8243; _builder_version=\u00bb4.27.4&#8243; _module_preset=\u00bbdefault\u00bb global_colors_info=\u00bb{}\u00bb][et_pb_image src=\u00bbhttps:\/\/eon-sea.com\/wp-content\/uploads\/2025\/11\/Imagen-3-1.jpeg\u00bb title_text=\u00bbImagen 3&#8243; _builder_version=\u00bb4.27.4&#8243; _module_preset=\u00bbdefault\u00bb border_radii=\u00bbon|18px|18px|18px|18px\u00bb global_colors_info=\u00bb{}\u00bb][\/et_pb_image][\/et_pb_column][et_pb_column type=\u00bb1_3&#8243; _builder_version=\u00bb4.27.4&#8243; _module_preset=\u00bbdefault\u00bb global_colors_info=\u00bb{}\u00bb][\/et_pb_column][\/et_pb_row][\/et_pb_section][et_pb_section fb_built=\u00bb1&#8243; _builder_version=\u00bb4.27.4&#8243; _module_preset=\u00bbdefault\u00bb background_color=\u00bb#000000&#8243; min_height=\u00bb537.3px\u00bb hover_enabled=\u00bb0&#8243; global_colors_info=\u00bb{}\u00bb sticky_enabled=\u00bb0&#8243;][et_pb_row _builder_version=\u00bb4.27.4&#8243; _module_preset=\u00bbdefault\u00bb global_colors_info=\u00bb{}\u00bb][et_pb_column type=\u00bb4_4&#8243; _builder_version=\u00bb4.27.4&#8243; _module_preset=\u00bbdefault\u00bb global_colors_info=\u00bb{}\u00bb][et_pb_text _builder_version=\u00bb4.27.4&#8243; _module_preset=\u00bbdefault\u00bb header_text_align=\u00bbcenter\u00bb min_height=\u00bb52px\u00bb custom_padding=\u00bb||0px|||\u00bb hover_enabled=\u00bb0&#8243; global_colors_info=\u00bb{}\u00bb sticky_enabled=\u00bb0&#8243;]<\/p>\n<p style=\"text-align: center;\">PLAN NATIONAL POUR LA RECHERCHE SCIENTIFIQUE ET TECHNIQUE ET L'INNOVATION 2024-2027<\/p>\n<p>[\/et_pb_text][\/et_pb_column][\/et_pb_row][et_pb_row _builder_version=\u00bb4.27.4&#8243; _module_preset=\u00bbdefault\u00bb min_height=\u00bb91.3px\u00bb custom_padding=\u00bb||12px|||\u00bb global_colors_info=\u00bb{}\u00bb][et_pb_column type=\u00bb4_4&#8243; _builder_version=\u00bb4.27.4&#8243; _module_preset=\u00bbdefault\u00bb global_colors_info=\u00bb{}\u00bb][et_pb_heading title=\u00bbObjetivos\u00bb _builder_version=\u00bb4.27.4&#8243; _module_preset=\u00bbdefault\u00bb title_font=\u00bb||||||||\u00bb title_text_align=\u00bbcenter\u00bb title_text_color=\u00bb#FFFFFF\u00bb hover_enabled=\u00bb0&#8243; global_colors_info=\u00bb{}\u00bb title_level=\u00bbh2&#8243; sticky_enabled=\u00bb0&#8243;][\/et_pb_heading][et_pb_text _builder_version=\u00bb4.27.4&#8243; _module_preset=\u00bbdefault\u00bb global_colors_info=\u00bb{}\u00bb custom_margin=\u00bb||-1699px|||\u00bb]<\/p>\n<p>NEXOMAR est un projet financ\u00e9 par l'Union europ\u00e9enne dans le cadre du programme INTERREG VI A Espagne-Portugal (POCTEP) 2021-2027, qui permet la promotion de l'activit\u00e9 logistique maritime sur le territoire \u00e0 travers la valorisation de l'Alentejo, de l'Algarve et de l'Andalousie.\u00a0<\/p>\n<ul>\n<li aria-level=\"1\">Cr\u00e9ation d'un observatoire pour analyser les performances logistiques.<\/li>\n<li aria-level=\"1\">Conception d'un syst\u00e8me de veille concurrentielle pour le secteur de la logistique.<\/li>\n<li aria-level=\"1\">Conception de syst\u00e8mes d'intelligence \u00e9conomique pour am\u00e9liorer l'internationalisation des entreprises et analyse des cha\u00eenes de valeur des secteurs strat\u00e9giques de l'Euror\u00e9gion (50 enqu\u00eates aupr\u00e8s des entreprises).<\/li>\n<li aria-level=\"1\">Services de soutien visant \u00e0 promouvoir la comp\u00e9titivit\u00e9 des entreprises pour le d\u00e9veloppement de services avanc\u00e9s en encourageant les actions de marketing et de promotion.<\/li>\n<\/ul>\n<p>&nbsp;<\/p>\n<p>[\/et_pb_text][\/et_pb_column][\/et_pb_row][\/et_pb_section][et_pb_section fb_built=\u00bb1&#8243; _builder_version=\u00bb4.27.4&#8243; _module_preset=\u00bbdefault\u00bb background_color=\u00bb#000000&#8243; min_height=\u00bb265px\u00bb global_colors_info=\u00bb{}\u00bb][et_pb_row _builder_version=\u00bb4.27.4&#8243; _module_preset=\u00bbdefault\u00bb min_height=\u00bb76.7px\u00bb global_colors_info=\u00bb{}\u00bb][et_pb_column type=\u00bb4_4&#8243; _builder_version=\u00bb4.27.4&#8243; _module_preset=\u00bbdefault\u00bb global_colors_info=\u00bb{}\u00bb][et_pb_heading title=\u00bbSocios \u00bb _builder_version=\u00bb4.27.4&#8243; _module_preset=\u00bbdefault\u00bb title_text_align=\u00bbcenter\u00bb title_text_color=\u00bb#FFFFFF\u00bb hover_enabled=\u00bb0&#8243; global_colors_info=\u00bb{}\u00bb title_level=\u00bbh2&#8243; sticky_enabled=\u00bb0&#8243;][\/et_pb_heading][\/et_pb_column][\/et_pb_row][et_pb_row _builder_version=\u00bb4.27.4&#8243; _module_preset=\u00bbdefault\u00bb custom_padding=\u00bb1px|||||\u00bb global_colors_info=\u00bb{}\u00bb][et_pb_column type=\u00bb4_4&#8243; _builder_version=\u00bb4.27.4&#8243; _module_preset=\u00bbdefault\u00bb global_colors_info=\u00bb{}\u00bb][et_pb_text _builder_version=\u00bb4.27.4&#8243; _module_preset=\u00bbdefault\u00bb global_colors_info=\u00bb{}\u00bb]<\/p>\n<p>Conseil andalou des chambres officielles de commerce, d'industrie, de services et de navigation, chambre officielle de commerce, d'industrie, de services et de navigation de Campo de Gibraltar, chambre officielle de commerce, d'industrie, de services et de navigation de Huelva, chambre officielle de commerce, d'industrie et de services de Jerez de La Frontera, chambre officielle de commerce, d'industrie, Services et Navigation de S\u00e9ville, la Fundaci\u00f3n Bah\u00eda de C\u00e1diz para el Desarrollo Econ\u00f3mico, la Confederaci\u00f3n de Empresarios de C\u00e1diz, l'Instituto de Empleo y Desarrollo Socioecon\u00f3mico y Tecnol\u00f3gico (IEDT), SINES TECNOPOLO - Associa\u00e7\u00e3o centro de incuba\u00e7\u00e3o de empresas de base tecnol\u00f3gica Vasco de Gama (Portugal) et l'Universidade de \u00c9vora (Portugal).<\/p>\n<p>[\/et_pb_text][\/et_pb_column][\/et_pb_row][\/et_pb_section][et_pb_section fb_built=\u00bb1&#8243; _builder_version=\u00bb4.27.4&#8243; _module_preset=\u00bbdefault\u00bb background_color=\u00bb#000000&#8243; min_height=\u00bb190px\u00bb custom_margin=\u00bb||-51px|||\u00bb global_colors_info=\u00bb{}\u00bb][et_pb_row _builder_version=\u00bb4.27.4&#8243; _module_preset=\u00bbdefault\u00bb custom_margin=\u00bb|auto|-22px|auto||\u00bb global_colors_info=\u00bb{}\u00bb][et_pb_column type=\u00bb4_4&#8243; _builder_version=\u00bb4.27.4&#8243; _module_preset=\u00bbdefault\u00bb global_colors_info=\u00bb{}\u00bb][et_pb_heading title=\u00bbFinanciado por:\u00bb _builder_version=\u00bb4.27.4&#8243; _module_preset=\u00bbdefault\u00bb title_text_align=\u00bbcenter\u00bb title_text_color=\u00bb#FFFFFF\u00bb hover_enabled=\u00bb0&#8243; global_colors_info=\u00bb{}\u00bb title_level=\u00bbh2&#8243; sticky_enabled=\u00bb0&#8243;][\/et_pb_heading][\/et_pb_column][\/et_pb_row][\/et_pb_section][et_pb_section fb_built=\u00bb1&#8243; _builder_version=\u00bb4.27.4&#8243; _module_preset=\u00bbdefault\u00bb background_color=\u00bb#000000&#8243; global_colors_info=\u00bb{}\u00bb][et_pb_row column_structure=\u00bb1_3,1_3,1_3&#8243; _builder_version=\u00bb4.27.4&#8243; _module_preset=\u00bbdefault\u00bb border_radii=\u00bbon|29px|29px|29px|29px\u00bb border_width_all=\u00bb2px\u00bb border_color_all=\u00bb#FFFFFF\u00bb global_colors_info=\u00bb{}\u00bb][et_pb_column type=\u00bb1_3&#8243; _builder_version=\u00bb4.27.4&#8243; _module_preset=\u00bbdefault\u00bb global_colors_info=\u00bb{}\u00bb][\/et_pb_column][et_pb_column type=\u00bb1_3&#8243; _builder_version=\u00bb4.27.4&#8243; _module_preset=\u00bbdefault\u00bb global_colors_info=\u00bb{}\u00bb][et_pb_image src=\u00bbhttps:\/\/eon-sea.com\/wp-content\/uploads\/2025\/11\/Imagen-1-scaled.jpeg\u00bb _builder_version=\u00bb4.27.4&#8243; _module_preset=\u00bbdefault\u00bb title_text=\u00bbImagen\u00bb hover_enabled=\u00bb0&#8243; sticky_enabled=\u00bb0&#8243;][\/et_pb_image][\/et_pb_column][et_pb_column type=\u00bb1_3&#8243; _builder_version=\u00bb4.27.4&#8243; _module_preset=\u00bbdefault\u00bb global_colors_info=\u00bb{}\u00bb][\/et_pb_column][\/et_pb_row][\/et_pb_section]<\/p>","protected":false},"excerpt":{"rendered":"<p>PLAN ESTATAL DE INVESTIGACI\u00d3N CIENT\u00cdFICA Y T\u00c9CNICA Y DE INNOVACI\u00d3N 2024-2027NEXOMAR es un proyecto financiado por la Uni\u00f3n Europea a trav\u00e9s del Programa INTERREG VI A Espa\u00f1a-Portugal (POCTEP) 2021-2027, que permite el impulso de la actividad log\u00edstica mar\u00edtima en el territorio a trav\u00e9s de la potenciaci\u00f3n de Alentejo.Algarve y Andaluc\u00eda.\u00a0 Creaci\u00f3n de un observatorio que [&hellip;]<\/p>","protected":false},"author":9,"featured_media":0,"parent":0,"menu_order":0,"comment_status":"closed","ping_status":"closed","template":"","meta":{"_acf_changed":false,"_et_pb_use_builder":"on","_et_pb_old_content":"","_et_gb_content_width":"","_monsterinsights_skip_tracking":false,"_monsterinsights_sitenote_active":false,"_monsterinsights_sitenote_note":"","_monsterinsights_sitenote_category":0,"footnotes":""},"class_list":["post-6667","page","type-page","status-publish","hentry"],"acf":[],"yoast_head":"<!-- This site is optimized with the Yoast SEO plugin v26.7 - https:\/\/yoast.com\/wordpress\/plugins\/seo\/ -->\n<title>Proyecto NEOTEC - EONSEA<\/title>\n<meta name=\"robots\" content=\"index, follow, max-snippet:-1, max-image-preview:large, max-video-preview:-1\" \/>\n<link rel=\"canonical\" href=\"https:\/\/seagreen-hawk-426743.hostingersite.com\/proyecto-neotec\/\" \/>\n<meta property=\"og:locale\" content=\"fr_FR\" \/>\n<meta property=\"og:type\" content=\"article\" \/>\n<meta property=\"og:title\" content=\"Proyecto NEOTEC - EONSEA\" \/>\n<meta property=\"og:description\" content=\"PLAN ESTATAL DE INVESTIGACI\u00d3N CIENT\u00cdFICA Y T\u00c9CNICA Y DE INNOVACI\u00d3N 2024-2027NEXOMAR es un proyecto financiado por la Uni\u00f3n Europea a trav\u00e9s del Programa INTERREG VI A Espa\u00f1a-Portugal (POCTEP) 2021-2027, que permite el impulso de la actividad log\u00edstica mar\u00edtima en el territorio a trav\u00e9s de la potenciaci\u00f3n de Alentejo.Algarve y Andaluc\u00eda.\u00a0 Creaci\u00f3n de un observatorio que [&hellip;]\" \/>\n<meta property=\"og:url\" content=\"https:\/\/seagreen-hawk-426743.hostingersite.com\/proyecto-neotec\/\" \/>\n<meta property=\"og:site_name\" content=\"EONSEA\" \/>\n<meta property=\"article:modified_time\" content=\"2025-11-26T11:54:54+00:00\" \/>\n<meta name=\"twitter:card\" content=\"summary_large_image\" \/>\n<meta name=\"twitter:site\" content=\"@eon_sea\" \/>\n<meta name=\"twitter:label1\" content=\"Dur\u00e9e de lecture estim\u00e9e\" \/>\n\t<meta name=\"twitter:data1\" content=\"2 minutes\" \/>\n<script type=\"application\/ld+json\" class=\"yoast-schema-graph\">{\"@context\":\"https:\/\/schema.org\",\"@graph\":[{\"@type\":\"WebPage\",\"@id\":\"https:\/\/seagreen-hawk-426743.hostingersite.com\/proyecto-neotec\/\",\"url\":\"https:\/\/seagreen-hawk-426743.hostingersite.com\/proyecto-neotec\/\",\"name\":\"Proyecto NEOTEC - EONSEA\",\"isPartOf\":{\"@id\":\"https:\/\/seagreen-hawk-426743.hostingersite.com\/#website\"},\"datePublished\":\"2025-11-24T12:30:37+00:00\",\"dateModified\":\"2025-11-26T11:54:54+00:00\",\"breadcrumb\":{\"@id\":\"https:\/\/seagreen-hawk-426743.hostingersite.com\/proyecto-neotec\/#breadcrumb\"},\"inLanguage\":\"fr-FR\",\"potentialAction\":[{\"@type\":\"ReadAction\",\"target\":[\"https:\/\/seagreen-hawk-426743.hostingersite.com\/proyecto-neotec\/\"]}]},{\"@type\":\"BreadcrumbList\",\"@id\":\"https:\/\/seagreen-hawk-426743.hostingersite.com\/proyecto-neotec\/#breadcrumb\",\"itemListElement\":[{\"@type\":\"ListItem\",\"position\":1,\"name\":\"Portada\",\"item\":\"https:\/\/eon-sea.com\/\"},{\"@type\":\"ListItem\",\"position\":2,\"name\":\"Proyecto NEOTEC\"}]},{\"@type\":\"WebSite\",\"@id\":\"https:\/\/seagreen-hawk-426743.hostingersite.com\/#website\",\"url\":\"https:\/\/seagreen-hawk-426743.hostingersite.com\/\",\"name\":\"EONSEA\",\"description\":\"Inspecci\u00f3n de embarcaciones con ROVs e IA\",\"potentialAction\":[{\"@type\":\"SearchAction\",\"target\":{\"@type\":\"EntryPoint\",\"urlTemplate\":\"https:\/\/seagreen-hawk-426743.hostingersite.com\/?s={search_term_string}\"},\"query-input\":{\"@type\":\"PropertyValueSpecification\",\"valueRequired\":true,\"valueName\":\"search_term_string\"}}],\"inLanguage\":\"fr-FR\"}]}<\/script>\n<!-- \/ Yoast SEO plugin. -->","yoast_head_json":{"title":"Proyecto NEOTEC - EONSEA","robots":{"index":"index","follow":"follow","max-snippet":"max-snippet:-1","max-image-preview":"max-image-preview:large","max-video-preview":"max-video-preview:-1"},"canonical":"https:\/\/seagreen-hawk-426743.hostingersite.com\/proyecto-neotec\/","og_locale":"fr_FR","og_type":"article","og_title":"Proyecto NEOTEC - EONSEA","og_description":"PLAN ESTATAL DE INVESTIGACI\u00d3N CIENT\u00cdFICA Y T\u00c9CNICA Y DE INNOVACI\u00d3N 2024-2027NEXOMAR es un proyecto financiado por la Uni\u00f3n Europea a trav\u00e9s del Programa INTERREG VI A Espa\u00f1a-Portugal (POCTEP) 2021-2027, que permite el impulso de la actividad log\u00edstica mar\u00edtima en el territorio a trav\u00e9s de la potenciaci\u00f3n de Alentejo.Algarve y Andaluc\u00eda.\u00a0 Creaci\u00f3n de un observatorio que [&hellip;]","og_url":"https:\/\/seagreen-hawk-426743.hostingersite.com\/proyecto-neotec\/","og_site_name":"EONSEA","article_modified_time":"2025-11-26T11:54:54+00:00","twitter_card":"summary_large_image","twitter_site":"@eon_sea","twitter_misc":{"Dur\u00e9e de lecture estim\u00e9e":"2 minutes"},"schema":{"@context":"https:\/\/schema.org","@graph":[{"@type":"WebPage","@id":"https:\/\/seagreen-hawk-426743.hostingersite.com\/proyecto-neotec\/","url":"https:\/\/seagreen-hawk-426743.hostingersite.com\/proyecto-neotec\/","name":"Proyecto NEOTEC - EONSEA","isPartOf":{"@id":"https:\/\/seagreen-hawk-426743.hostingersite.com\/#website"},"datePublished":"2025-11-24T12:30:37+00:00","dateModified":"2025-11-26T11:54:54+00:00","breadcrumb":{"@id":"https:\/\/seagreen-hawk-426743.hostingersite.com\/proyecto-neotec\/#breadcrumb"},"inLanguage":"fr-FR","potentialAction":[{"@type":"ReadAction","target":["https:\/\/seagreen-hawk-426743.hostingersite.com\/proyecto-neotec\/"]}]},{"@type":"BreadcrumbList","@id":"https:\/\/seagreen-hawk-426743.hostingersite.com\/proyecto-neotec\/#breadcrumb","itemListElement":[{"@type":"ListItem","position":1,"name":"Portada","item":"https:\/\/eon-sea.com\/"},{"@type":"ListItem","position":2,"name":"Proyecto NEOTEC"}]},{"@type":"WebSite","@id":"https:\/\/seagreen-hawk-426743.hostingersite.com\/#website","url":"https:\/\/seagreen-hawk-426743.hostingersite.com\/","name":"EONSEA","description":"Inspecci\u00f3n de embarcaciones con ROVs e IA","potentialAction":[{"@type":"SearchAction","target":{"@type":"EntryPoint","urlTemplate":"https:\/\/seagreen-hawk-426743.hostingersite.com\/?s={search_term_string}"},"query-input":{"@type":"PropertyValueSpecification","valueRequired":true,"valueName":"search_term_string"}}],"inLanguage":"fr-FR"}]}},"_links":{"self":[{"href":"https:\/\/eon-sea.com\/fr\/wp-json\/wp\/v2\/pages\/6667","targetHints":{"allow":["GET"]}}],"collection":[{"href":"https:\/\/eon-sea.com\/fr\/wp-json\/wp\/v2\/pages"}],"about":[{"href":"https:\/\/eon-sea.com\/fr\/wp-json\/wp\/v2\/types\/page"}],"author":[{"embeddable":true,"href":"https:\/\/eon-sea.com\/fr\/wp-json\/wp\/v2\/users\/9"}],"replies":[{"embeddable":true,"href":"https:\/\/eon-sea.com\/fr\/wp-json\/wp\/v2\/comments?post=6667"}],"version-history":[{"count":5,"href":"https:\/\/eon-sea.com\/fr\/wp-json\/wp\/v2\/pages\/6667\/revisions"}],"predecessor-version":[{"id":6723,"href":"https:\/\/eon-sea.com\/fr\/wp-json\/wp\/v2\/pages\/6667\/revisions\/6723"}],"wp:attachment":[{"href":"https:\/\/eon-sea.com\/fr\/wp-json\/wp\/v2\/media?parent=6667"}],"curies":[{"name":"wp","href":"https:\/\/api.w.org\/{rel}","templated":true}]}}