{"id":6692,"date":"2025-11-24T17:06:30","date_gmt":"2025-11-24T15:06:30","guid":{"rendered":"https:\/\/eon-sea.com\/?page_id=6692"},"modified":"2025-11-24T17:06:33","modified_gmt":"2025-11-24T15:06:33","slug":"proyecto-ocean-e-clean","status":"publish","type":"page","link":"https:\/\/eon-sea.com\/fr\/proyecto-ocean-e-clean\/","title":{"rendered":"OCEAN E-CLEAN"},"content":{"rendered":"<p>[et_pb_section fb_built=\u00bb1&#8243; module_class=\u00bbsolicitor_sec\u00bb _builder_version=\u00bb4.27.4&#8243; _module_preset=\u00bbdefault\u00bb background_color=\u00bb#000000&#8243; use_background_color_gradient=\u00bbon\u00bb background_color_gradient_stops=\u00bb#000000 0%|rgba(0,0,0,0.5) 8%|rgba(0,0,0,0.6) 94%|#000000 100%\u00bb background_color_gradient_overlays_image=\u00bbon\u00bb background_image=\u00bbhttps:\/\/eon-sea.com\/wp-content\/uploads\/2025\/11\/pexels-thiagomobile-3343801-scaled.jpg\u00bb min_height=\u00bb487.1px\u00bb custom_margin=\u00bb||117px||false|false\u00bb custom_padding=\u00bb164px||150px|7px|false|false\u00bb custom_css_before=\u00bbborder-radius: 20px;||overflow: hidden;\u00bb locked=\u00bboff\u00bb global_colors_info=\u00bb{}\u00bb][et_pb_row column_structure=\u00bb1_3,1_3,1_3&#8243; _builder_version=\u00bb4.27.4&#8243; _module_preset=\u00bbdefault\u00bb global_colors_info=\u00bb{}\u00bb][et_pb_column type=\u00bb1_3&#8243; _builder_version=\u00bb4.27.4&#8243; _module_preset=\u00bbdefault\u00bb global_colors_info=\u00bb{}\u00bb][\/et_pb_column][et_pb_column type=\u00bb1_3&#8243; _builder_version=\u00bb4.27.4&#8243; _module_preset=\u00bbdefault\u00bb global_colors_info=\u00bb{}\u00bb][\/et_pb_column][et_pb_column type=\u00bb1_3&#8243; _builder_version=\u00bb4.27.4&#8243; _module_preset=\u00bbdefault\u00bb global_colors_info=\u00bb{}\u00bb][\/et_pb_column][\/et_pb_row][\/et_pb_section][et_pb_section fb_built=\u00bb1&#8243; _builder_version=\u00bb4.27.4&#8243; _module_preset=\u00bbdefault\u00bb background_color=\u00bb#000000&#8243; min_height=\u00bb487.3px\u00bb custom_margin=\u00bb-135px|||||\u00bb custom_padding=\u00bb||0px|||\u00bb global_colors_info=\u00bb{}\u00bb][et_pb_row _builder_version=\u00bb4.27.4&#8243; _module_preset=\u00bbdefault\u00bb global_colors_info=\u00bb{}\u00bb][et_pb_column type=\u00bb4_4&#8243; _builder_version=\u00bb4.27.4&#8243; _module_preset=\u00bbdefault\u00bb global_colors_info=\u00bb{}\u00bb][et_pb_text _builder_version=\u00bb4.27.4&#8243; _module_preset=\u00bbdefault\u00bb text_text_color=\u00bb#0fd4c3&#8243; text_font_size=\u00bb18px\u00bb text_line_height=\u00bb1.5em\u00bb min_height=\u00bb52px\u00bb custom_padding=\u00bb||2px|||\u00bb global_colors_info=\u00bb{}\u00bb]<\/p>\n<p style=\"text-align: center;\">LA GESTION DES D\u00c9CHETS TOURISTIQUES DANS LES ZONES C\u00d4TI\u00c8RES\u00a0<\/p>\n<p>[\/et_pb_text][\/et_pb_column][\/et_pb_row][et_pb_row _builder_version=\u00bb4.27.4&#8243; _module_preset=\u00bbdefault\u00bb min_height=\u00bb117.3px\u00bb hover_enabled=\u00bb0&#8243; global_colors_info=\u00bb{}\u00bb sticky_enabled=\u00bb0&#8243;][et_pb_column type=\u00bb4_4&#8243; _builder_version=\u00bb4.27.4&#8243; _module_preset=\u00bbdefault\u00bb global_colors_info=\u00bb{}\u00bb][et_pb_heading title=\u00bbObjetivos\u00bb _builder_version=\u00bb4.27.4&#8243; _module_preset=\u00bbdefault\u00bb title_font=\u00bb||||||||\u00bb title_text_align=\u00bbcenter\u00bb title_text_color=\u00bb#FFFFFF\u00bb global_colors_info=\u00bb{}\u00bb][\/et_pb_heading][et_pb_text _builder_version=\u00bb4.27.4&#8243; _module_preset=\u00bbdefault\u00bb text_text_color=\u00bb#FFFFFF\u00bb text_font_size=\u00bb18px\u00bb text_line_height=\u00bb1.5em\u00bb global_colors_info=\u00bb{}\u00bb text_text_color__hover_enabled=\u00bbon|desktop\u00bb text_text_color__hover=\u00bb#FFFFFF\u00bb]<\/p>\n<p>L'activit\u00e9 touristique g\u00e9n\u00e8re une grande quantit\u00e9 de d\u00e9chets urbains qui ont un impact n\u00e9gatif sur les \u00e9cosyst\u00e8mes marins et sur la qualit\u00e9 de vie des r\u00e9sidents et des visiteurs. Ce d\u00e9fi implique le d\u00e9veloppement d'une solution pratique et pr\u00e9ventive qui agit avant que les d\u00e9chets n'atteignent l'environnement naturel.<\/p>\n<p>C'est pour r\u00e9pondre \u00e0 ce besoin qu'est n\u00e9 OCEAN E-CLEAN, un projet qui offre une solution autonome et circulaire pour lutter contre les mar\u00e9es noires dans les ports et les zones c\u00f4ti\u00e8res.<\/p>\n<p>&nbsp;<\/p>\n<p>[\/et_pb_text][\/et_pb_column][\/et_pb_row][\/et_pb_section][et_pb_section fb_built=\u00bb1&#8243; _builder_version=\u00bb4.27.4&#8243; _module_preset=\u00bbdefault\u00bb background_color=\u00bb#000000&#8243; min_height=\u00bb61px\u00bb custom_margin=\u00bb||-46px|||\u00bb custom_padding=\u00bb0px|||||\u00bb global_colors_info=\u00bb{}\u00bb][et_pb_row _builder_version=\u00bb4.27.4&#8243; _module_preset=\u00bbdefault\u00bb min_height=\u00bb76.7px\u00bb global_colors_info=\u00bb{}\u00bb][et_pb_column type=\u00bb4_4&#8243; _builder_version=\u00bb4.27.4&#8243; _module_preset=\u00bbdefault\u00bb global_colors_info=\u00bb{}\u00bb][et_pb_heading title=\u00bbSocios \u00bb _builder_version=\u00bb4.27.4&#8243; _module_preset=\u00bbdefault\u00bb title_text_align=\u00bbcenter\u00bb title_text_color=\u00bb#FFFFFF\u00bb global_colors_info=\u00bb{}\u00bb][\/et_pb_heading][\/et_pb_column][\/et_pb_row][et_pb_row _builder_version=\u00bb4.27.4&#8243; _module_preset=\u00bbdefault\u00bb global_colors_info=\u00bb{}\u00bb][et_pb_column type=\u00bb4_4&#8243; _builder_version=\u00bb4.27.4&#8243; _module_preset=\u00bbdefault\u00bb global_colors_info=\u00bb{}\u00bb][et_pb_text _builder_version=\u00bb4.27.4&#8243; _module_preset=\u00bbdefault\u00bb text_text_color=\u00bb#FFFFFF\u00bb text_font_size=\u00bb18px\u00bb text_line_height=\u00bb1.5em\u00bb header_line_height=\u00bb1.5em\u00bb global_colors_info=\u00bb{}\u00bb]<\/p>\n<p>Le Consortium est coordonn\u00e9 par le Cluster BASQUENERGY et est compos\u00e9 de 7 autres associations et clusters, Blue Italian Growth, Canary Islands Maritime Cluster, Claner, De Blauwe Cluster, Marine Cluster Bulgaria, Pole Mer Mediterranee et Wind Energy Hub ; 4 d\u00e9veloppeurs de plateformes flottantes, Enerocean, Eolink, Multi Engineering et Saitec ; 11 fournisseurs, 24Sea, Aventa, Core Marine Solutions, Eonsea, France Energies Marines, Geodis, Ghenova Marine Renewables, Haedes Engineering, Ingenieria Zero, Oceanide et Tetrace ; et Zabala qui soutient le projet.<\/p>\n<p>[\/et_pb_text][\/et_pb_column][\/et_pb_row][\/et_pb_section][et_pb_section fb_built=\u00bb1&#8243; _builder_version=\u00bb4.27.4&#8243; _module_preset=\u00bbdefault\u00bb background_color=\u00bb#000000&#8243; min_height=\u00bb174px\u00bb custom_margin=\u00bb||-51px|||\u00bb custom_padding=\u00bb4px|||||\u00bb global_colors_info=\u00bb{}\u00bb][et_pb_row _builder_version=\u00bb4.27.4&#8243; _module_preset=\u00bbdefault\u00bb custom_margin=\u00bb|auto|-22px|auto||\u00bb global_colors_info=\u00bb{}\u00bb][et_pb_column type=\u00bb4_4&#8243; _builder_version=\u00bb4.27.4&#8243; _module_preset=\u00bbdefault\u00bb global_colors_info=\u00bb{}\u00bb][et_pb_heading title=\u00bbFinanciado por:\u00bb _builder_version=\u00bb4.27.4&#8243; _module_preset=\u00bbdefault\u00bb title_text_align=\u00bbcenter\u00bb title_text_color=\u00bb#FFFFFF\u00bb global_colors_info=\u00bb{}\u00bb][\/et_pb_heading][\/et_pb_column][\/et_pb_row][\/et_pb_section][et_pb_section fb_built=\u00bb1&#8243; _builder_version=\u00bb4.27.4&#8243; _module_preset=\u00bbdefault\u00bb background_color=\u00bb#000000&#8243; custom_padding=\u00bb12px|||||\u00bb global_colors_info=\u00bb{}\u00bb][et_pb_row column_structure=\u00bb1_3,1_3,1_3&#8243; _builder_version=\u00bb4.27.4&#8243; _module_preset=\u00bbdefault\u00bb border_radii=\u00bbon|29px|29px|29px|29px\u00bb border_width_all=\u00bb2px\u00bb border_color_all=\u00bb#FFFFFF\u00bb global_colors_info=\u00bb{}\u00bb][et_pb_column type=\u00bb1_3&#8243; _builder_version=\u00bb4.27.4&#8243; _module_preset=\u00bbdefault\u00bb global_colors_info=\u00bb{}\u00bb][\/et_pb_column][et_pb_column type=\u00bb1_3&#8243; _builder_version=\u00bb4.27.4&#8243; _module_preset=\u00bbdefault\u00bb global_colors_info=\u00bb{}\u00bb][et_pb_image src=\u00bbhttps:\/\/eon-sea.com\/wp-content\/uploads\/2025\/11\/EN_Co-Funded-by-the-EU_Horizontal.png\u00bb title_text=\u00bbEN_Co-Funded by the EU_Horizontal\u00bb _builder_version=\u00bb4.27.4&#8243; _module_preset=\u00bbdefault\u00bb global_colors_info=\u00bb{}\u00bb][\/et_pb_image][\/et_pb_column][et_pb_column type=\u00bb1_3&#8243; _builder_version=\u00bb4.27.4&#8243; _module_preset=\u00bbdefault\u00bb global_colors_info=\u00bb{}\u00bb][\/et_pb_column][\/et_pb_row][\/et_pb_section]<\/p>","protected":false},"excerpt":{"rendered":"<p>GESTI\u00d3N DE RESIDUOS TUR\u00cdSTICOS EN LAS ZONAS COSTERAS\u00a0La actividad turistica genera una gran cantidad de residuos urbanos que impactan negativamente en los ecosistema marinos y en la calidad de vida de residentes y visitantes. Este reto plantea el desarrollo de una solucion pr\u00e1ctica y preventiva que actue antes de que los residuos lleguen al entorno [&hellip;]<\/p>","protected":false},"author":9,"featured_media":0,"parent":0,"menu_order":0,"comment_status":"closed","ping_status":"closed","template":"","meta":{"_acf_changed":false,"_et_pb_use_builder":"on","_et_pb_old_content":"","_et_gb_content_width":"","_monsterinsights_skip_tracking":false,"_monsterinsights_sitenote_active":false,"_monsterinsights_sitenote_note":"","_monsterinsights_sitenote_category":0,"footnotes":""},"class_list":["post-6692","page","type-page","status-publish","hentry"],"acf":[],"yoast_head":"<!-- This site is optimized with the Yoast SEO plugin v26.7 - https:\/\/yoast.com\/wordpress\/plugins\/seo\/ -->\n<title>OCEAN E-CLEAN - EONSEA<\/title>\n<meta name=\"robots\" content=\"index, follow, max-snippet:-1, max-image-preview:large, max-video-preview:-1\" \/>\n<link rel=\"canonical\" href=\"https:\/\/eon-sea.com\/fr\/proyecto-ocean-e-clean\/\" \/>\n<meta property=\"og:locale\" content=\"fr_FR\" \/>\n<meta property=\"og:type\" content=\"article\" \/>\n<meta property=\"og:title\" content=\"OCEAN E-CLEAN - EONSEA\" \/>\n<meta property=\"og:description\" content=\"GESTI\u00d3N DE RESIDUOS TUR\u00cdSTICOS EN LAS ZONAS COSTERAS\u00a0La actividad turistica genera una gran cantidad de residuos urbanos que impactan negativamente en los ecosistema marinos y en la calidad de vida de residentes y visitantes. Este reto plantea el desarrollo de una solucion pr\u00e1ctica y preventiva que actue antes de que los residuos lleguen al entorno [&hellip;]\" \/>\n<meta property=\"og:url\" content=\"https:\/\/eon-sea.com\/fr\/proyecto-ocean-e-clean\/\" \/>\n<meta property=\"og:site_name\" content=\"EONSEA\" \/>\n<meta property=\"article:modified_time\" content=\"2025-11-24T15:06:33+00:00\" \/>\n<meta name=\"twitter:card\" content=\"summary_large_image\" \/>\n<meta name=\"twitter:site\" content=\"@eon_sea\" \/>\n<meta name=\"twitter:label1\" content=\"Dur\u00e9e de lecture estim\u00e9e\" \/>\n\t<meta name=\"twitter:data1\" content=\"1 minute\" \/>\n<script type=\"application\/ld+json\" class=\"yoast-schema-graph\">{\"@context\":\"https:\/\/schema.org\",\"@graph\":[{\"@type\":\"WebPage\",\"@id\":\"https:\/\/eon-sea.com\/proyecto-ocean-e-clean\/\",\"url\":\"https:\/\/eon-sea.com\/proyecto-ocean-e-clean\/\",\"name\":\"OCEAN E-CLEAN - EONSEA\",\"isPartOf\":{\"@id\":\"https:\/\/seagreen-hawk-426743.hostingersite.com\/#website\"},\"datePublished\":\"2025-11-24T15:06:30+00:00\",\"dateModified\":\"2025-11-24T15:06:33+00:00\",\"breadcrumb\":{\"@id\":\"https:\/\/eon-sea.com\/proyecto-ocean-e-clean\/#breadcrumb\"},\"inLanguage\":\"fr-FR\",\"potentialAction\":[{\"@type\":\"ReadAction\",\"target\":[\"https:\/\/eon-sea.com\/proyecto-ocean-e-clean\/\"]}]},{\"@type\":\"BreadcrumbList\",\"@id\":\"https:\/\/eon-sea.com\/proyecto-ocean-e-clean\/#breadcrumb\",\"itemListElement\":[{\"@type\":\"ListItem\",\"position\":1,\"name\":\"Portada\",\"item\":\"https:\/\/eon-sea.com\/\"},{\"@type\":\"ListItem\",\"position\":2,\"name\":\"OCEAN E-CLEAN\"}]},{\"@type\":\"WebSite\",\"@id\":\"https:\/\/seagreen-hawk-426743.hostingersite.com\/#website\",\"url\":\"https:\/\/seagreen-hawk-426743.hostingersite.com\/\",\"name\":\"EONSEA\",\"description\":\"Inspecci\u00f3n de embarcaciones con ROVs e IA\",\"potentialAction\":[{\"@type\":\"SearchAction\",\"target\":{\"@type\":\"EntryPoint\",\"urlTemplate\":\"https:\/\/seagreen-hawk-426743.hostingersite.com\/?s={search_term_string}\"},\"query-input\":{\"@type\":\"PropertyValueSpecification\",\"valueRequired\":true,\"valueName\":\"search_term_string\"}}],\"inLanguage\":\"fr-FR\"}]}<\/script>\n<!-- \/ Yoast SEO plugin. -->","yoast_head_json":{"title":"OCEAN E-CLEAN - EONSEA","robots":{"index":"index","follow":"follow","max-snippet":"max-snippet:-1","max-image-preview":"max-image-preview:large","max-video-preview":"max-video-preview:-1"},"canonical":"https:\/\/eon-sea.com\/fr\/proyecto-ocean-e-clean\/","og_locale":"fr_FR","og_type":"article","og_title":"OCEAN E-CLEAN - EONSEA","og_description":"GESTI\u00d3N DE RESIDUOS TUR\u00cdSTICOS EN LAS ZONAS COSTERAS\u00a0La actividad turistica genera una gran cantidad de residuos urbanos que impactan negativamente en los ecosistema marinos y en la calidad de vida de residentes y visitantes. Este reto plantea el desarrollo de una solucion pr\u00e1ctica y preventiva que actue antes de que los residuos lleguen al entorno [&hellip;]","og_url":"https:\/\/eon-sea.com\/fr\/proyecto-ocean-e-clean\/","og_site_name":"EONSEA","article_modified_time":"2025-11-24T15:06:33+00:00","twitter_card":"summary_large_image","twitter_site":"@eon_sea","twitter_misc":{"Dur\u00e9e de lecture estim\u00e9e":"1 minute"},"schema":{"@context":"https:\/\/schema.org","@graph":[{"@type":"WebPage","@id":"https:\/\/eon-sea.com\/proyecto-ocean-e-clean\/","url":"https:\/\/eon-sea.com\/proyecto-ocean-e-clean\/","name":"OCEAN E-CLEAN - EONSEA","isPartOf":{"@id":"https:\/\/seagreen-hawk-426743.hostingersite.com\/#website"},"datePublished":"2025-11-24T15:06:30+00:00","dateModified":"2025-11-24T15:06:33+00:00","breadcrumb":{"@id":"https:\/\/eon-sea.com\/proyecto-ocean-e-clean\/#breadcrumb"},"inLanguage":"fr-FR","potentialAction":[{"@type":"ReadAction","target":["https:\/\/eon-sea.com\/proyecto-ocean-e-clean\/"]}]},{"@type":"BreadcrumbList","@id":"https:\/\/eon-sea.com\/proyecto-ocean-e-clean\/#breadcrumb","itemListElement":[{"@type":"ListItem","position":1,"name":"Portada","item":"https:\/\/eon-sea.com\/"},{"@type":"ListItem","position":2,"name":"OCEAN E-CLEAN"}]},{"@type":"WebSite","@id":"https:\/\/seagreen-hawk-426743.hostingersite.com\/#website","url":"https:\/\/seagreen-hawk-426743.hostingersite.com\/","name":"EONSEA","description":"Inspecci\u00f3n de embarcaciones con ROVs e IA","potentialAction":[{"@type":"SearchAction","target":{"@type":"EntryPoint","urlTemplate":"https:\/\/seagreen-hawk-426743.hostingersite.com\/?s={search_term_string}"},"query-input":{"@type":"PropertyValueSpecification","valueRequired":true,"valueName":"search_term_string"}}],"inLanguage":"fr-FR"}]}},"_links":{"self":[{"href":"https:\/\/eon-sea.com\/fr\/wp-json\/wp\/v2\/pages\/6692","targetHints":{"allow":["GET"]}}],"collection":[{"href":"https:\/\/eon-sea.com\/fr\/wp-json\/wp\/v2\/pages"}],"about":[{"href":"https:\/\/eon-sea.com\/fr\/wp-json\/wp\/v2\/types\/page"}],"author":[{"embeddable":true,"href":"https:\/\/eon-sea.com\/fr\/wp-json\/wp\/v2\/users\/9"}],"replies":[{"embeddable":true,"href":"https:\/\/eon-sea.com\/fr\/wp-json\/wp\/v2\/comments?post=6692"}],"version-history":[{"count":3,"href":"https:\/\/eon-sea.com\/fr\/wp-json\/wp\/v2\/pages\/6692\/revisions"}],"predecessor-version":[{"id":6708,"href":"https:\/\/eon-sea.com\/fr\/wp-json\/wp\/v2\/pages\/6692\/revisions\/6708"}],"wp:attachment":[{"href":"https:\/\/eon-sea.com\/fr\/wp-json\/wp\/v2\/media?parent=6692"}],"curies":[{"name":"wp","href":"https:\/\/api.w.org\/{rel}","templated":true}]}}