{"id":1244,"date":"2024-03-12T16:59:19","date_gmt":"2024-03-12T16:59:19","guid":{"rendered":"https:\/\/eon-sea.com\/?page_id=1244"},"modified":"2025-06-20T14:52:40","modified_gmt":"2025-06-20T12:52:40","slug":"politica-de-cookies","status":"publish","type":"page","link":"https:\/\/eon-sea.com\/pt\/politica-de-cookies\/","title":{"rendered":"Pol\u00edtica de cookies"},"content":{"rendered":"<p>[et_pb_section fb_built=\u00bb1&#8243; admin_label=\u00bbsection\u00bb _builder_version=\u00bb4.27.4&#8243; custom_padding=\u00bb200px||||false|false\u00bb global_colors_info=\u00bb{}\u00bb][et_pb_row admin_label=\u00bbrow\u00bb _builder_version=\u00bb4.16&#8243; background_size=\u00bbinitial\u00bb background_position=\u00bbtop_left\u00bb background_repeat=\u00bbrepeat\u00bb global_colors_info=\u00bb{}\u00bb][et_pb_column type=\u00bb4_4&#8243; _builder_version=\u00bb4.16&#8243; custom_padding=\u00bb|||\u00bb global_colors_info=\u00bb{}\u00bb custom_padding__hover=\u00bb|||\u00bb][et_pb_text _builder_version=\u00bb4.24.0&#8243; _module_preset=\u00bbdefault\u00bb global_colors_info=\u00bb{}\u00bb]<\/p>\n<h1>Pol\u00edtica de cookies<\/h1>\n<p>[\/et_pb_text][et_pb_text _builder_version=\u00bb4.27.4&#8243; _module_preset=\u00bbdefault\u00bb hover_enabled=\u00bb0&#8243; global_colors_info=\u00bb{}\u00bb sticky_enabled=\u00bb0&#8243;]En EONSEA, con sitio web en <a href=\"https:\/\/eon-sea.com\/pt\/\">https:\/\/eon-sea.com\/<\/a>, Utilizamos cookies para melhorar a sua experi\u00eancia de navega\u00e7\u00e3o e fornecer-lhe conte\u00fados personalizados. Um cookie \u00e9 um peda\u00e7o de informa\u00e7\u00e3o que \u00e9 armazenado no seu dispositivo quando visita determinadas p\u00e1ginas web. Estes cookies permitem-nos compreender a forma como o utilizador interage com o nosso s\u00edtio e ajudam-nos a melhorar a sua experi\u00eancia em futuras visitas.<\/p>\n<h2>Tipos de cookies utilizados<\/h2>\n<p>Utilizamos v\u00e1rios tipos de cookies no nosso s\u00edtio Web:<\/p>\n<ul>\n<li><strong>Cookies necess\u00e1rios:<\/strong>\u00a0S\u00e3o essenciais para o funcionamento do s\u00edtio Web e n\u00e3o podem ser desactivadas nos nossos sistemas.<\/li>\n<li><strong>Cookies de desempenho e anal\u00edticos:<\/strong>\u00a0Permitem-nos reconhecer e contar o n\u00famero de visitantes, bem como ver como se movimentam no s\u00edtio enquanto o utilizam. Isto ajuda-nos a melhorar o funcionamento do nosso s\u00edtio Web, por exemplo, assegurando que os utilizadores encontram facilmente o que procuram.<\/li>\n<li><strong>Cookies de funcionalidade:<\/strong>\u00a0S\u00e3o utilizados para reconhecer o utilizador quando este regressa ao nosso s\u00edtio Web. Isto permite-nos personalizar o nosso conte\u00fado para o utilizador, saud\u00e1-lo pelo nome e recordar as suas prefer\u00eancias (por exemplo, a sua escolha de l\u00edngua ou regi\u00e3o).<\/li>\n<li><strong>Cookies de publicidade:<\/strong>\u00a0Registamos a sua visita ao nosso s\u00edtio Web, as p\u00e1ginas que visitou e as liga\u00e7\u00f5es que seguiu. Utilizaremos estas informa\u00e7\u00f5es para tornar o nosso s\u00edtio Web e a publicidade nele apresentada mais relevantes para os interesses do utilizador.<\/li>\n<\/ul>\n<h2>O seu consentimento<\/h2>\n<p>Ao utilizar o nosso s\u00edtio Web, o utilizador concorda com a utiliza\u00e7\u00e3o de cookies de acordo com a presente Pol\u00edtica de Cookies. Se optar por n\u00e3o aceitar os nossos cookies, algumas partes do nosso s\u00edtio Web poder\u00e3o n\u00e3o funcionar como esperado.<\/p>\n<table border=\"1\">\n<thead>\n<tr>\n<th>Nome<\/th>\n<th>Dom\u00ednio<\/th>\n<th>Tipo<\/th>\n<th>Dura\u00e7\u00e3o<\/th>\n<th>Descri\u00e7\u00e3o<\/th>\n<\/tr>\n<\/thead>\n<tbody>\n<tr>\n<td>olhos conscientes<\/td>\n<td>eon-sea.com<\/td>\n<td>Necess\u00e1rio<\/td>\n<td>1 ano<\/td>\n<td>Gere o consentimento do utilizador em rela\u00e7\u00e3o aos cookies.<\/td>\n<\/tr>\n<tr>\n<td>et-editor-available-post-1236-bb<\/td>\n<td>eon-sea.com<\/td>\n<td>Funcional<\/td>\n<td>1 ano<\/td>\n<td>Identifica se o editor est\u00e1 dispon\u00edvel para a publica\u00e7\u00e3o.<\/td>\n<\/tr>\n<tr>\n<td>et-editor-available-post-1236-fb<\/td>\n<td>eon-sea.com<\/td>\n<td>Funcional<\/td>\n<td>1 ano<\/td>\n<td>Identificar se o editor do Facebook est\u00e1 dispon\u00edvel para a publica\u00e7\u00e3o.<\/td>\n<\/tr>\n<tr>\n<td>et-editor-available-post-1244-fb<\/td>\n<td>eon-sea.com<\/td>\n<td>Funcional<\/td>\n<td>1 ano<\/td>\n<td>Identificar se o editor do Facebook est\u00e1 dispon\u00edvel para outra publica\u00e7\u00e3o.<\/td>\n<\/tr>\n<tr>\n<td>et-editor-available-post-1249-fb<\/td>\n<td>eon-sea.com<\/td>\n<td>Funcional<\/td>\n<td>1 ano<\/td>\n<td>Identificar se o editor do Facebook est\u00e1 dispon\u00edvel para uma publica\u00e7\u00e3o diferente.<\/td>\n<\/tr>\n<tr>\n<td>et-saved-post-1236-bb<\/td>\n<td>eon-sea.com<\/td>\n<td>Funcional<\/td>\n<td>1 ano<\/td>\n<td>Guarda informa\u00e7\u00f5es de mensagens guardadas.<\/td>\n<\/tr>\n<tr>\n<td>sbjs_current<\/td>\n<td>.eon-sea.com<\/td>\n<td>Funcional<\/td>\n<td>Sess\u00e3o<\/td>\n<td>Guarda os dados da sess\u00e3o atual do utilizador para an\u00e1lise de tr\u00e1fego.<\/td>\n<\/tr>\n<tr>\n<td>sbjs_current_add<\/td>\n<td>.eon-sea.com<\/td>\n<td>Funcional<\/td>\n<td>Sess\u00e3o<\/td>\n<td>Adiciona dados adicionais \u00e0 sess\u00e3o atual do utilizador.<\/td>\n<\/tr>\n<tr>\n<td>sbjs_first<\/td>\n<td>.eon-sea.com<\/td>\n<td>Funcional<\/td>\n<td>Sess\u00e3o<\/td>\n<td>Armazena informa\u00e7\u00f5es desde a primeira visita do utilizador ao s\u00edtio.<\/td>\n<\/tr>\n<tr>\n<td>sbjs_first_add<\/td>\n<td>.eon-sea.com<\/td>\n<td>Funcional<\/td>\n<td>Sess\u00e3o<\/td>\n<td>Adiciona dados adicionais \u00e0 primeira visita do utilizador.<\/td>\n<\/tr>\n<tr>\n<td>sbjs_migrations<\/td>\n<td>.eon-sea.com<\/td>\n<td>Funcional<\/td>\n<td>Sess\u00e3o<\/td>\n<td>Guardar vers\u00f5es migradas para an\u00e1lise do utilizador.<\/td>\n<\/tr>\n<tr>\n<td>sbjs_session<\/td>\n<td>.eon-sea.com<\/td>\n<td>Funcional<\/td>\n<td>1 dia<\/td>\n<td>Guarda os dados da sess\u00e3o de navega\u00e7\u00e3o atual.<\/td>\n<\/tr>\n<tr>\n<td>sbjs_udata<\/td>\n<td>.eon-sea.com<\/td>\n<td>Funcional<\/td>\n<td>Sess\u00e3o<\/td>\n<td>Guarda os dados do utilizador para melhorar a experi\u00eancia do utilizador.<\/td>\n<\/tr>\n<tr>\n<td>tk_ai<\/td>\n<td>eon-sea.com<\/td>\n<td>Funcional<\/td>\n<td>Sess\u00e3o<\/td>\n<td>Utilizado como ID an\u00f3nimo se o utilizador com sess\u00e3o iniciada n\u00e3o tiver sess\u00e3o iniciada no WordPress.com.<\/td>\n<\/tr>\n<tr>\n<td>woocommerce_cart_hash<\/td>\n<td>eon-sea.com<\/td>\n<td>Funcional<\/td>\n<td>Sess\u00e3o<\/td>\n<td>Ajuda o WooCommerce a determinar quando o conte\u00fado\/dados do carrinho s\u00e3o alterados.<\/td>\n<\/tr>\n<tr>\n<td>woocommerce_items_in_cart<\/td>\n<td>eon-sea.com<\/td>\n<td>Funcional<\/td>\n<td>Sess\u00e3o<\/td>\n<td>Guardar os produtos que est\u00e3o no carrinho de compras.<\/td>\n<\/tr>\n<tr>\n<td>wordpress_logged_in<\/td>\n<td>eon-sea.com<\/td>\n<td>Necess\u00e1rio<\/td>\n<td>Sess\u00e3o<\/td>\n<td>Indica quando tem sess\u00e3o iniciada e quem \u00e9 o utilizador, sendo utilizado para a interface do WordPress.<\/td>\n<\/tr>\n<tr>\n<td>wordpress_sec<\/td>\n<td>eon-sea.com<\/td>\n<td>Necess\u00e1rio<\/td>\n<td>Sess\u00e3o<\/td>\n<td>\u00c9 utilizado como medida de seguran\u00e7a para os utilizadores com sess\u00e3o iniciada.<\/td>\n<\/tr>\n<tr>\n<td>wordpress_test_cookie<\/td>\n<td>eon-sea.com<\/td>\n<td>Necess\u00e1rio<\/td>\n<td>Sess\u00e3o<\/td>\n<td>Utilizado para verificar se o browser do utilizador suporta cookies.<\/td>\n<\/tr>\n<tr>\n<td>wp-settings-3<\/td>\n<td>eon-sea.com<\/td>\n<td>Funcional<\/td>\n<td>1 ano<\/td>\n<td>Personalizar a visualiza\u00e7\u00e3o da interface de administra\u00e7\u00e3o e a visualiza\u00e7\u00e3o do s\u00edtio principal.<\/td>\n<\/tr>\n<tr>\n<td>wp-settings-time-3<\/td>\n<td>eon-sea.com<\/td>\n<td>Funcional<\/td>\n<td>1 ano<\/td>\n<td>Guarda o tempo em que o wp-settings-3 foi definido.<\/td>\n<\/tr>\n<\/tbody>\n<\/table>\n<h2>Como gerir os cookies<\/h2>\n<p>O utilizador pode gerir e\/ou eliminar cookies como desejar. Para mais informa\u00e7\u00f5es, visite aboutcookies.org. Pode apagar todos os cookies que j\u00e1 se encontram no seu computador e pode configurar a maioria dos browsers para impedir a sua instala\u00e7\u00e3o. No entanto, se o fizer, poder\u00e1 ter de ajustar manualmente algumas prefer\u00eancias sempre que visitar um s\u00edtio e alguns servi\u00e7os e funcionalidades poder\u00e3o n\u00e3o funcionar.<\/p>\n<h2>Contacto<\/h2>\n<p>Se tiver alguma d\u00favida sobre a nossa pol\u00edtica de cookies, pode contactar-nos em <a href=\"mailto:support@eonsea.com\">apoio@<span data-teams=\"true\"><\/span><\/a><a aria-label=\"Liga\u00e7\u00e3o https:\/\/eon-sea.com\/\" id=\"menur15v\" href=\"https:\/\/eon-sea.com\/pt\/\" rel=\"noreferrer noopener\" target=\"_blank\" class=\"fui-Link ___1q1shib f2hkw1w f3rmtva f1ewtqcl fyind8e f1k6fduh f1w7gpdv fk6fouc fjoy568 figsok6 f1s184ao f1mk8lai fnbmjn9 f1o700av f13mvf36 f1cmlufx f9n3di6 f1ids18y f1tx3yz7 f1deo86v f1eh06m1 f1iescvh fhgqx19 f1olyrje f1p93eir f1nev41a f1h8hb77 f1lqvz6u f10aw75t fsle3fq f17ae5zn\" title=\"https:\/\/eon-sea.com\/\">eonsea.com<\/a>[\/et_pb_text][\/et_pb_column][\/et_pb_row][\/et_pb_section]<\/p>","protected":false},"excerpt":{"rendered":"<p>Pol\u00edtica de CookiesEn EONSEA, con sitio web en https:\/\/eon-sea.com\/, utilizamos cookies para mejorar tu experiencia de navegaci\u00f3n y ofrecerte contenidos personalizados. Una cookie es un archivo de informaci\u00f3n que se guarda en tu dispositivo cuando visitas ciertas p\u00e1ginas web. Estas cookies nos permiten entender c\u00f3mo interact\u00faas con nuestro sitio y nos ayudan a mejorar tu [&hellip;]<\/p>","protected":false},"author":9,"featured_media":0,"parent":0,"menu_order":0,"comment_status":"closed","ping_status":"closed","template":"","meta":{"_acf_changed":false,"_et_pb_use_builder":"on","_et_pb_old_content":"","_et_gb_content_width":"","_monsterinsights_skip_tracking":false,"_monsterinsights_sitenote_active":false,"_monsterinsights_sitenote_note":"","_monsterinsights_sitenote_category":0,"footnotes":""},"class_list":["post-1244","page","type-page","status-publish","hentry"],"acf":[],"yoast_head":"<!-- This site is optimized with the Yoast SEO plugin v26.7 - https:\/\/yoast.com\/wordpress\/plugins\/seo\/ -->\n<title>Pol\u00edtica de Cookies - EONSEA<\/title>\n<meta name=\"description\" content=\"Pol\u00edtica de cookies de EONSEA. Conoce c\u00f3mo utilizamos cookies, c\u00f3mo afectan tu experiencia y c\u00f3mo puedes gestionarlas seg\u00fan tus preferencias.\" \/>\n<meta name=\"robots\" content=\"index, follow, max-snippet:-1, max-image-preview:large, max-video-preview:-1\" \/>\n<link rel=\"canonical\" href=\"https:\/\/eon-sea.com\/pt\/politica-de-cookies\/\" \/>\n<meta property=\"og:locale\" content=\"pt_PT\" \/>\n<meta property=\"og:type\" content=\"article\" \/>\n<meta property=\"og:title\" content=\"Pol\u00edtica de Cookies - EONSEA\" \/>\n<meta property=\"og:description\" content=\"Pol\u00edtica de cookies de EONSEA. Conoce c\u00f3mo utilizamos cookies, c\u00f3mo afectan tu experiencia y c\u00f3mo puedes gestionarlas seg\u00fan tus preferencias.\" \/>\n<meta property=\"og:url\" content=\"https:\/\/eon-sea.com\/pt\/politica-de-cookies\/\" \/>\n<meta property=\"og:site_name\" content=\"EONSEA\" \/>\n<meta property=\"article:modified_time\" content=\"2025-06-20T12:52:40+00:00\" \/>\n<meta name=\"twitter:card\" content=\"summary_large_image\" \/>\n<meta name=\"twitter:site\" content=\"@eon_sea\" \/>\n<meta name=\"twitter:label1\" content=\"Tempo estimado de leitura\" \/>\n\t<meta name=\"twitter:data1\" content=\"3 minutos\" \/>\n<script type=\"application\/ld+json\" class=\"yoast-schema-graph\">{\"@context\":\"https:\/\/schema.org\",\"@graph\":[{\"@type\":\"WebPage\",\"@id\":\"https:\/\/eon-sea.com\/politica-de-cookies\/\",\"url\":\"https:\/\/eon-sea.com\/politica-de-cookies\/\",\"name\":\"Pol\u00edtica de Cookies - EONSEA\",\"isPartOf\":{\"@id\":\"https:\/\/seagreen-hawk-426743.hostingersite.com\/#website\"},\"datePublished\":\"2024-03-12T16:59:19+00:00\",\"dateModified\":\"2025-06-20T12:52:40+00:00\",\"description\":\"Pol\u00edtica de cookies de EONSEA. Conoce c\u00f3mo utilizamos cookies, c\u00f3mo afectan tu experiencia y c\u00f3mo puedes gestionarlas seg\u00fan tus preferencias.\",\"breadcrumb\":{\"@id\":\"https:\/\/eon-sea.com\/politica-de-cookies\/#breadcrumb\"},\"inLanguage\":\"pt-PT\",\"potentialAction\":[{\"@type\":\"ReadAction\",\"target\":[\"https:\/\/eon-sea.com\/politica-de-cookies\/\"]}]},{\"@type\":\"BreadcrumbList\",\"@id\":\"https:\/\/eon-sea.com\/politica-de-cookies\/#breadcrumb\",\"itemListElement\":[{\"@type\":\"ListItem\",\"position\":1,\"name\":\"Portada\",\"item\":\"https:\/\/eon-sea.com\/\"},{\"@type\":\"ListItem\",\"position\":2,\"name\":\"Pol\u00edtica de Cookies\"}]},{\"@type\":\"WebSite\",\"@id\":\"https:\/\/seagreen-hawk-426743.hostingersite.com\/#website\",\"url\":\"https:\/\/seagreen-hawk-426743.hostingersite.com\/\",\"name\":\"EONSEA\",\"description\":\"Inspecci\u00f3n de embarcaciones con ROVs e IA\",\"potentialAction\":[{\"@type\":\"SearchAction\",\"target\":{\"@type\":\"EntryPoint\",\"urlTemplate\":\"https:\/\/seagreen-hawk-426743.hostingersite.com\/?s={search_term_string}\"},\"query-input\":{\"@type\":\"PropertyValueSpecification\",\"valueRequired\":true,\"valueName\":\"search_term_string\"}}],\"inLanguage\":\"pt-PT\"}]}<\/script>\n<!-- \/ Yoast SEO plugin. -->","yoast_head_json":{"title":"Pol\u00edtica de Cookies - EONSEA","description":"Pol\u00edtica de cookies de EONSEA. Conoce c\u00f3mo utilizamos cookies, c\u00f3mo afectan tu experiencia y c\u00f3mo puedes gestionarlas seg\u00fan tus preferencias.","robots":{"index":"index","follow":"follow","max-snippet":"max-snippet:-1","max-image-preview":"max-image-preview:large","max-video-preview":"max-video-preview:-1"},"canonical":"https:\/\/eon-sea.com\/pt\/politica-de-cookies\/","og_locale":"pt_PT","og_type":"article","og_title":"Pol\u00edtica de Cookies - EONSEA","og_description":"Pol\u00edtica de cookies de EONSEA. Conoce c\u00f3mo utilizamos cookies, c\u00f3mo afectan tu experiencia y c\u00f3mo puedes gestionarlas seg\u00fan tus preferencias.","og_url":"https:\/\/eon-sea.com\/pt\/politica-de-cookies\/","og_site_name":"EONSEA","article_modified_time":"2025-06-20T12:52:40+00:00","twitter_card":"summary_large_image","twitter_site":"@eon_sea","twitter_misc":{"Tempo estimado de leitura":"3 minutos"},"schema":{"@context":"https:\/\/schema.org","@graph":[{"@type":"WebPage","@id":"https:\/\/eon-sea.com\/politica-de-cookies\/","url":"https:\/\/eon-sea.com\/politica-de-cookies\/","name":"Pol\u00edtica de Cookies - EONSEA","isPartOf":{"@id":"https:\/\/seagreen-hawk-426743.hostingersite.com\/#website"},"datePublished":"2024-03-12T16:59:19+00:00","dateModified":"2025-06-20T12:52:40+00:00","description":"Pol\u00edtica de cookies de EONSEA. Conoce c\u00f3mo utilizamos cookies, c\u00f3mo afectan tu experiencia y c\u00f3mo puedes gestionarlas seg\u00fan tus preferencias.","breadcrumb":{"@id":"https:\/\/eon-sea.com\/politica-de-cookies\/#breadcrumb"},"inLanguage":"pt-PT","potentialAction":[{"@type":"ReadAction","target":["https:\/\/eon-sea.com\/politica-de-cookies\/"]}]},{"@type":"BreadcrumbList","@id":"https:\/\/eon-sea.com\/politica-de-cookies\/#breadcrumb","itemListElement":[{"@type":"ListItem","position":1,"name":"Portada","item":"https:\/\/eon-sea.com\/"},{"@type":"ListItem","position":2,"name":"Pol\u00edtica de Cookies"}]},{"@type":"WebSite","@id":"https:\/\/seagreen-hawk-426743.hostingersite.com\/#website","url":"https:\/\/seagreen-hawk-426743.hostingersite.com\/","name":"EONSEA","description":"Inspecci\u00f3n de embarcaciones con ROVs e IA","potentialAction":[{"@type":"SearchAction","target":{"@type":"EntryPoint","urlTemplate":"https:\/\/seagreen-hawk-426743.hostingersite.com\/?s={search_term_string}"},"query-input":{"@type":"PropertyValueSpecification","valueRequired":true,"valueName":"search_term_string"}}],"inLanguage":"pt-PT"}]}},"_links":{"self":[{"href":"https:\/\/eon-sea.com\/pt\/wp-json\/wp\/v2\/pages\/1244","targetHints":{"allow":["GET"]}}],"collection":[{"href":"https:\/\/eon-sea.com\/pt\/wp-json\/wp\/v2\/pages"}],"about":[{"href":"https:\/\/eon-sea.com\/pt\/wp-json\/wp\/v2\/types\/page"}],"author":[{"embeddable":true,"href":"https:\/\/eon-sea.com\/pt\/wp-json\/wp\/v2\/users\/9"}],"replies":[{"embeddable":true,"href":"https:\/\/eon-sea.com\/pt\/wp-json\/wp\/v2\/comments?post=1244"}],"version-history":[{"count":12,"href":"https:\/\/eon-sea.com\/pt\/wp-json\/wp\/v2\/pages\/1244\/revisions"}],"predecessor-version":[{"id":5817,"href":"https:\/\/eon-sea.com\/pt\/wp-json\/wp\/v2\/pages\/1244\/revisions\/5817"}],"wp:attachment":[{"href":"https:\/\/eon-sea.com\/pt\/wp-json\/wp\/v2\/media?parent=1244"}],"curies":[{"name":"wp","href":"https:\/\/api.w.org\/{rel}","templated":true}]}}