{"id":1249,"date":"2024-03-12T17:01:02","date_gmt":"2024-03-12T17:01:02","guid":{"rendered":"https:\/\/eon-sea.com\/?page_id=1249"},"modified":"2025-06-02T12:19:43","modified_gmt":"2025-06-02T10:19:43","slug":"aviso-legal","status":"publish","type":"page","link":"https:\/\/eon-sea.com\/pt\/aviso-legal\/","title":{"rendered":"Aviso legal"},"content":{"rendered":"<p>[et_pb_section fb_built=\u00bb1&#8243; admin_label=\u00bbsection\u00bb _builder_version=\u00bb4.27.4&#8243; hover_enabled=\u00bb0&#8243; global_colors_info=\u00bb{}\u00bb custom_padding=\u00bb200px||||false|false\u00bb sticky_enabled=\u00bb0&#8243;][et_pb_row admin_label=\u00bbrow\u00bb _builder_version=\u00bb4.16&#8243; background_size=\u00bbinitial\u00bb background_position=\u00bbtop_left\u00bb background_repeat=\u00bbrepeat\u00bb global_colors_info=\u00bb{}\u00bb][et_pb_column type=\u00bb4_4&#8243; _builder_version=\u00bb4.16&#8243; custom_padding=\u00bb|||\u00bb global_colors_info=\u00bb{}\u00bb custom_padding__hover=\u00bb|||\u00bb][et_pb_text _builder_version=\u00bb4.24.0&#8243; _module_preset=\u00bbdefault\u00bb global_colors_info=\u00bb{}\u00bb]<\/p>\n<h1>Aviso legal<\/h1>\n<p>[\/et_pb_text][et_pb_text _builder_version=\u00bb4.24.3&#8243; _module_preset=\u00bbdefault\u00bb global_colors_info=\u00bb{}\u00bb]<\/p>\n<p>As presentes condi\u00e7\u00f5es de utiliza\u00e7\u00e3o do s\u00edtio Web regulam as condi\u00e7\u00f5es de acesso e utiliza\u00e7\u00e3o deste s\u00edtio Web, propriedade da EONSEA Sociedad Limitada, doravante designada \u201ca Empresa\u201d, que o utilizador do portal deve aceitar para poder utilizar todos os servi\u00e7os e informa\u00e7\u00f5es disponibilizados pelo portal.<\/p>\n<p>O utilizador e a Empresa, propriet\u00e1ria do portal, poder\u00e3o ser designados conjuntamente como as partes. O simples acesso ou utiliza\u00e7\u00e3o do portal, da totalidade ou de parte dos seus conte\u00fados e servi\u00e7os implica a aceita\u00e7\u00e3o plena das presentes condi\u00e7\u00f5es de utiliza\u00e7\u00e3o. A disponibiliza\u00e7\u00e3o e utiliza\u00e7\u00e3o do portal entende-se sujeita ao estrito cumprimento dos termos estabelecidos nas presentes condi\u00e7\u00f5es de utiliza\u00e7\u00e3o do portal.<\/p>\n<p>Os utilizadores podem aceder a diferentes tipos de informa\u00e7\u00f5es e servi\u00e7os atrav\u00e9s do portal. O portal reserva-se o direito de modificar, em qualquer momento e sem aviso pr\u00e9vio, a apresenta\u00e7\u00e3o e configura\u00e7\u00e3o das informa\u00e7\u00f5es e servi\u00e7os oferecidos no portal. O utilizador reconhece e aceita expressamente que o portal pode, a qualquer momento, interromper, desativar e\/ou cancelar qualquer informa\u00e7\u00e3o ou servi\u00e7o. O portal envidar\u00e1 os seus melhores esfor\u00e7os para tentar garantir a disponibilidade e acessibilidade do s\u00edtio Web. No entanto, por vezes, por motivos de manuten\u00e7\u00e3o, atualiza\u00e7\u00e3o, mudan\u00e7a de localiza\u00e7\u00e3o, etc., o acesso ao portal pode ser interrompido.<\/p>\n<p>A aplica\u00e7\u00e3o n\u00e3o interv\u00e9m na cria\u00e7\u00e3o desses conte\u00fados e\/ou servi\u00e7os fornecidos ou prestados por terceiros na e\/ou atrav\u00e9s da aplica\u00e7\u00e3o, nem controla a sua legalidade. Em qualquer caso, n\u00e3o oferece qualquer tipo de garantia sobre os mesmos. O utilizador reconhece que a aplica\u00e7\u00e3o n\u00e3o \u00e9 nem ser\u00e1 respons\u00e1vel pelos conte\u00fados e\/ou servi\u00e7os fornecidos ou prestados por terceiros na e\/ou atrav\u00e9s da aplica\u00e7\u00e3o. O utilizador aceita que a aplica\u00e7\u00e3o n\u00e3o assumir\u00e1 qualquer responsabilidade por qualquer dano ou preju\u00edzo produzido como consequ\u00eancia da utiliza\u00e7\u00e3o destas informa\u00e7\u00f5es ou servi\u00e7os de terceiros.<\/p>\n<p>A empresa respons\u00e1vel pelo s\u00edtio Web n\u00e3o pode assumir qualquer responsabilidade decorrente da utiliza\u00e7\u00e3o incorrecta, inadequada ou ilegal das informa\u00e7\u00f5es contidas neste s\u00edtio Web.<\/p>\n<p>Dentro dos limites estabelecidos pela lei, a empresa n\u00e3o assume qualquer responsabilidade pela falta de veracidade, exaustividade, atualiza\u00e7\u00e3o e exatid\u00e3o dos dados ou informa\u00e7\u00f5es contidas nas suas p\u00e1ginas da Internet.<\/p>\n<p>Os conte\u00fados e informa\u00e7\u00f5es n\u00e3o s\u00e3o vinculativos para a empresa e n\u00e3o constituem opini\u00f5es, conselhos ou aconselhamento jur\u00eddico de qualquer tipo, uma vez que se trata apenas de um servi\u00e7o oferecido para fins informativos e de divulga\u00e7\u00e3o.<\/p>\n<p>O s\u00edtio Web da empresa pode conter liga\u00e7\u00f5es para outros s\u00edtios Web de terceiros que a empresa n\u00e3o pode controlar. Por conseguinte, a empresa n\u00e3o pode assumir a responsabilidade pelo conte\u00fado que possa aparecer em s\u00edtios de terceiros.<\/p>\n<p>Os textos, imagens, sons, anima\u00e7\u00f5es, software e outros conte\u00fados inclu\u00eddos neste s\u00edtio Web s\u00e3o propriedade exclusiva da empresa ou dos seus licenciantes. Qualquer ato de transmiss\u00e3o, distribui\u00e7\u00e3o, transfer\u00eancia, reprodu\u00e7\u00e3o, armazenamento ou comunica\u00e7\u00e3o p\u00fablica total ou parcial deve ter o consentimento expresso da empresa.<\/p>\n<p>O utilizador deve respeitar sempre os termos e condi\u00e7\u00f5es estabelecidos no presente aviso legal. O utilizador declara expressamente que utilizar\u00e1 o portal de forma diligente e assume qualquer responsabilidade que possa resultar do incumprimento das regras.<\/p>\n<p>O utilizador compromete-se, nos casos em que lhe sejam solicitados dados ou informa\u00e7\u00f5es, a n\u00e3o falsificar a sua identidade fazendo-se passar por outra pessoa. O utilizador n\u00e3o poder\u00e1 utilizar o portal para actividades contr\u00e1rias \u00e0 lei, \u00e0 moral e \u00e0 ordem p\u00fablica, nem para fins proibidos ou que violem ou infrinjam os direitos de terceiros. Do mesmo modo, \u00e9 igualmente proibida a difus\u00e3o, armazenamento e\/ou gest\u00e3o de dados ou conte\u00fados que violem os direitos de terceiros ou qualquer norma que regule os direitos de propriedade intelectual ou industrial.<\/p>\n<p>Do mesmo modo, o utilizador n\u00e3o poder\u00e1 utilizar o portal para transmitir, armazenar, difundir, promover ou distribuir dados ou conte\u00fados que contenham v\u00edrus ou qualquer outro c\u00f3digo inform\u00e1tico, ficheiros ou programas concebidos para interromper, destruir ou danificar o funcionamento de qualquer programa ou equipamento inform\u00e1tico ou de telecomunica\u00e7\u00f5es.<\/p>\n<p>O utilizador compromete-se a indemnizar e a isentar o portal de qualquer dano, preju\u00edzo, san\u00e7\u00e3o, multa, san\u00e7\u00e3o ou indemniza\u00e7\u00e3o que o portal possa ter de suportar.<\/p>\n<p>Tamb\u00e9m pode consultar a nossa\u00a0<a href=\"https:\/\/eon-sea.com\/pt\/politica-de-privacidad\/\">Pol\u00edtica de privacidade<\/a>\u00a0e o nosso\u00a0<a href=\"https:\/\/eon-sea.com\/pt\/politica-de-cookies\/\">Pol\u00edtica de cookies<\/a>, clicando nas hiperliga\u00e7\u00f5es.<\/p>\n<p>[\/et_pb_text][\/et_pb_column][\/et_pb_row][\/et_pb_section]<\/p>","protected":false},"excerpt":{"rendered":"<p>Aviso LegalLas presentes condiciones de uso de la p\u00e1gina web, regulan los t\u00e9rminos de acceso y uso de esta p\u00e1gina web, propiedad de EONSEA Sociedad Limitada, en adelante, \u201cla Empresa\u201d, que el usuario del portal deber\u00e1 aceptar para usar todos los servicios e informaci\u00f3n que se facilitan desde el portal. El usuario as\u00ed como la [&hellip;]<\/p>","protected":false},"author":9,"featured_media":0,"parent":0,"menu_order":0,"comment_status":"closed","ping_status":"closed","template":"","meta":{"_acf_changed":false,"_et_pb_use_builder":"on","_et_pb_old_content":"","_et_gb_content_width":"","_monsterinsights_skip_tracking":false,"_monsterinsights_sitenote_active":false,"_monsterinsights_sitenote_note":"","_monsterinsights_sitenote_category":0,"footnotes":""},"class_list":["post-1249","page","type-page","status-publish","hentry"],"acf":[],"yoast_head":"<!-- This site is optimized with the Yoast SEO plugin v26.7 - https:\/\/yoast.com\/wordpress\/plugins\/seo\/ -->\n<title>Aviso Legal - EONSEA<\/title>\n<meta name=\"description\" content=\"Aviso legal EONSEA. T\u00e9rminos y condiciones de uso, derechos de propiedad intelectual, y responsabilidades del acceso y uso de nuestra web.\" \/>\n<meta name=\"robots\" content=\"index, follow, max-snippet:-1, max-image-preview:large, max-video-preview:-1\" \/>\n<link rel=\"canonical\" href=\"https:\/\/eon-sea.com\/pt\/aviso-legal\/\" \/>\n<meta property=\"og:locale\" content=\"pt_PT\" \/>\n<meta property=\"og:type\" content=\"article\" \/>\n<meta property=\"og:title\" content=\"Aviso Legal - EONSEA\" \/>\n<meta property=\"og:description\" content=\"Aviso legal EONSEA. T\u00e9rminos y condiciones de uso, derechos de propiedad intelectual, y responsabilidades del acceso y uso de nuestra web.\" \/>\n<meta property=\"og:url\" content=\"https:\/\/eon-sea.com\/pt\/aviso-legal\/\" \/>\n<meta property=\"og:site_name\" content=\"EONSEA\" \/>\n<meta property=\"article:modified_time\" content=\"2025-06-02T10:19:43+00:00\" \/>\n<meta name=\"twitter:card\" content=\"summary_large_image\" \/>\n<meta name=\"twitter:site\" content=\"@eon_sea\" \/>\n<meta name=\"twitter:label1\" content=\"Tempo estimado de leitura\" \/>\n\t<meta name=\"twitter:data1\" content=\"4 minutos\" \/>\n<script type=\"application\/ld+json\" class=\"yoast-schema-graph\">{\"@context\":\"https:\/\/schema.org\",\"@graph\":[{\"@type\":\"WebPage\",\"@id\":\"https:\/\/eon-sea.com\/en\/aviso-legal\/\",\"url\":\"https:\/\/eon-sea.com\/en\/aviso-legal\/\",\"name\":\"Aviso Legal - EONSEA\",\"isPartOf\":{\"@id\":\"https:\/\/seagreen-hawk-426743.hostingersite.com\/#website\"},\"datePublished\":\"2024-03-12T17:01:02+00:00\",\"dateModified\":\"2025-06-02T10:19:43+00:00\",\"description\":\"Aviso legal EONSEA. T\u00e9rminos y condiciones de uso, derechos de propiedad intelectual, y responsabilidades del acceso y uso de nuestra web.\",\"breadcrumb\":{\"@id\":\"https:\/\/eon-sea.com\/en\/aviso-legal\/#breadcrumb\"},\"inLanguage\":\"pt-PT\",\"potentialAction\":[{\"@type\":\"ReadAction\",\"target\":[\"https:\/\/eon-sea.com\/en\/aviso-legal\/\"]}]},{\"@type\":\"BreadcrumbList\",\"@id\":\"https:\/\/eon-sea.com\/en\/aviso-legal\/#breadcrumb\",\"itemListElement\":[{\"@type\":\"ListItem\",\"position\":1,\"name\":\"Portada\",\"item\":\"https:\/\/eon-sea.com\/\"},{\"@type\":\"ListItem\",\"position\":2,\"name\":\"Aviso Legal\"}]},{\"@type\":\"WebSite\",\"@id\":\"https:\/\/seagreen-hawk-426743.hostingersite.com\/#website\",\"url\":\"https:\/\/seagreen-hawk-426743.hostingersite.com\/\",\"name\":\"EONSEA\",\"description\":\"Inspecci\u00f3n de embarcaciones con ROVs e IA\",\"potentialAction\":[{\"@type\":\"SearchAction\",\"target\":{\"@type\":\"EntryPoint\",\"urlTemplate\":\"https:\/\/seagreen-hawk-426743.hostingersite.com\/?s={search_term_string}\"},\"query-input\":{\"@type\":\"PropertyValueSpecification\",\"valueRequired\":true,\"valueName\":\"search_term_string\"}}],\"inLanguage\":\"pt-PT\"}]}<\/script>\n<!-- \/ Yoast SEO plugin. -->","yoast_head_json":{"title":"Aviso Legal - EONSEA","description":"Aviso legal EONSEA. T\u00e9rminos y condiciones de uso, derechos de propiedad intelectual, y responsabilidades del acceso y uso de nuestra web.","robots":{"index":"index","follow":"follow","max-snippet":"max-snippet:-1","max-image-preview":"max-image-preview:large","max-video-preview":"max-video-preview:-1"},"canonical":"https:\/\/eon-sea.com\/pt\/aviso-legal\/","og_locale":"pt_PT","og_type":"article","og_title":"Aviso Legal - EONSEA","og_description":"Aviso legal EONSEA. T\u00e9rminos y condiciones de uso, derechos de propiedad intelectual, y responsabilidades del acceso y uso de nuestra web.","og_url":"https:\/\/eon-sea.com\/pt\/aviso-legal\/","og_site_name":"EONSEA","article_modified_time":"2025-06-02T10:19:43+00:00","twitter_card":"summary_large_image","twitter_site":"@eon_sea","twitter_misc":{"Tempo estimado de leitura":"4 minutos"},"schema":{"@context":"https:\/\/schema.org","@graph":[{"@type":"WebPage","@id":"https:\/\/eon-sea.com\/en\/aviso-legal\/","url":"https:\/\/eon-sea.com\/en\/aviso-legal\/","name":"Aviso Legal - EONSEA","isPartOf":{"@id":"https:\/\/seagreen-hawk-426743.hostingersite.com\/#website"},"datePublished":"2024-03-12T17:01:02+00:00","dateModified":"2025-06-02T10:19:43+00:00","description":"Aviso legal EONSEA. T\u00e9rminos y condiciones de uso, derechos de propiedad intelectual, y responsabilidades del acceso y uso de nuestra web.","breadcrumb":{"@id":"https:\/\/eon-sea.com\/en\/aviso-legal\/#breadcrumb"},"inLanguage":"pt-PT","potentialAction":[{"@type":"ReadAction","target":["https:\/\/eon-sea.com\/en\/aviso-legal\/"]}]},{"@type":"BreadcrumbList","@id":"https:\/\/eon-sea.com\/en\/aviso-legal\/#breadcrumb","itemListElement":[{"@type":"ListItem","position":1,"name":"Portada","item":"https:\/\/eon-sea.com\/"},{"@type":"ListItem","position":2,"name":"Aviso Legal"}]},{"@type":"WebSite","@id":"https:\/\/seagreen-hawk-426743.hostingersite.com\/#website","url":"https:\/\/seagreen-hawk-426743.hostingersite.com\/","name":"EONSEA","description":"Inspecci\u00f3n de embarcaciones con ROVs e IA","potentialAction":[{"@type":"SearchAction","target":{"@type":"EntryPoint","urlTemplate":"https:\/\/seagreen-hawk-426743.hostingersite.com\/?s={search_term_string}"},"query-input":{"@type":"PropertyValueSpecification","valueRequired":true,"valueName":"search_term_string"}}],"inLanguage":"pt-PT"}]}},"_links":{"self":[{"href":"https:\/\/eon-sea.com\/pt\/wp-json\/wp\/v2\/pages\/1249","targetHints":{"allow":["GET"]}}],"collection":[{"href":"https:\/\/eon-sea.com\/pt\/wp-json\/wp\/v2\/pages"}],"about":[{"href":"https:\/\/eon-sea.com\/pt\/wp-json\/wp\/v2\/types\/page"}],"author":[{"embeddable":true,"href":"https:\/\/eon-sea.com\/pt\/wp-json\/wp\/v2\/users\/9"}],"replies":[{"embeddable":true,"href":"https:\/\/eon-sea.com\/pt\/wp-json\/wp\/v2\/comments?post=1249"}],"version-history":[{"count":7,"href":"https:\/\/eon-sea.com\/pt\/wp-json\/wp\/v2\/pages\/1249\/revisions"}],"predecessor-version":[{"id":5769,"href":"https:\/\/eon-sea.com\/pt\/wp-json\/wp\/v2\/pages\/1249\/revisions\/5769"}],"wp:attachment":[{"href":"https:\/\/eon-sea.com\/pt\/wp-json\/wp\/v2\/media?parent=1249"}],"curies":[{"name":"wp","href":"https:\/\/api.w.org\/{rel}","templated":true}]}}