{"id":6131,"date":"2025-11-04T17:03:59","date_gmt":"2025-11-04T15:03:59","guid":{"rendered":"https:\/\/eon-sea.com\/?page_id=6131"},"modified":"2025-11-18T15:00:00","modified_gmt":"2025-11-18T13:00:00","slug":"inspeccion-subacuatica-rov","status":"publish","type":"page","link":"https:\/\/eon-sea.com\/pt\/inspeccion-subacuatica-rov\/","title":{"rendered":"Inspecci\u00f3n subacu\u00e1tica con ROVs new"},"content":{"rendered":"<p>[et_pb_section fb_built=\u00bb1&#8243; module_class=\u00bbsolicitor_sec\u00bb _builder_version=\u00bb4.27.4&#8243; _module_preset=\u00bbdefault\u00bb use_background_color_gradient=\u00bbon\u00bb background_color_gradient_stops=\u00bb#000000 7%|rgba(0,0,0,0.5) 25%|rgba(0,0,0,0.6) 90%|#000000 100%\u00bb background_color_gradient_overlays_image=\u00bbon\u00bb background_image=\u00bbhttps:\/\/eon-sea.com\/wp-content\/uploads\/2025\/05\/fish-lagoon-sunlight-exotic2.jpg\u00bb custom_margin=\u00bb||||false|false\u00bb custom_padding=\u00bb200px||150px|7px|false|false\u00bb custom_css_before=\u00bbborder-radius: 20px;||overflow: hidden;\u00bb locked=\u00bboff\u00bb global_colors_info=\u00bb{}\u00bb][et_pb_row column_structure=\u00bb1_2,1_2&#8243; _builder_version=\u00bb4.27.4&#8243; _module_preset=\u00bbdefault\u00bb min_height=\u00bb88px\u00bb custom_margin=\u00bb||||false|false\u00bb custom_padding=\u00bb||6px||false|false\u00bb global_colors_info=\u00bb{}\u00bb][et_pb_column type=\u00bb1_2&#8243; _builder_version=\u00bb4.27.4&#8243; _module_preset=\u00bbdefault\u00bb global_colors_info=\u00bb{}\u00bb][et_pb_text admin_label=\u00bbTexto\u00bb _builder_version=\u00bb4.27.4&#8243; _module_preset=\u00bbdefault\u00bb header_font=\u00bbSuiGenerisLight|100||on|||||\u00bb header_text_align=\u00bbleft\u00bb header_text_color=\u00bb#09fdf4&#8243; header_line_height=\u00bb1.2em\u00bb header_2_font=\u00bbSuiGenerisLight|300|||||||\u00bb min_height=\u00bb0px\u00bb custom_margin=\u00bb25px||||false|false\u00bb hover_enabled=\u00bb0&#8243; header_text_align_tablet=\u00bbcenter\u00bb header_text_align_phone=\u00bbcenter\u00bb header_text_align_last_edited=\u00bbon|phone\u00bb global_colors_info=\u00bb{}\u00bb sticky_enabled=\u00bb0&#8243;]<\/p>\n<h1 style=\"text-align: center;\">INSPEC\u00c7\u00c3O SUBAQU\u00c1TICA COM ROV<\/h1>\n<p>[\/et_pb_text][\/et_pb_column][et_pb_column type=\u00bb1_2&#8243; _builder_version=\u00bb4.27.4&#8243; _module_preset=\u00bbdefault\u00bb z_index=\u00bb11&#8243; global_colors_info=\u00bb{}\u00bb][et_pb_text admin_label=\u00bbTexto\u00bb _builder_version=\u00bb4.27.4&#8243; _module_preset=\u00bbdefault\u00bb text_text_color=\u00bb#FFFFFF\u00bb text_font_size=\u00bb40px\u00bb text_line_height=\u00bb1.5em\u00bb header_font_size=\u00bb12px\u00bb background_layout=\u00bbdark\u00bb custom_padding=\u00bb||0px|||\u00bb hover_enabled=\u00bb0&#8243; custom_css_free_form=\u00bbh2 {||    font-size: 20px !important;||    line-height: 1.5 !important;||}\u00bb global_colors_info=\u00bb{}\u00bb sticky_enabled=\u00bb0&#8243;]<\/p>\n<h2 style=\"text-align: left;\"><strong>A EONSEA oferece servi\u00e7os de inspe\u00e7\u00e3o subaqu\u00e1tica por ROV para navios, cais, estacas e estruturas submersas. Captamos imagens e dados em tempo real, garantindo resultados exactos e seguros.<\/strong><\/h2>\n<p>[\/et_pb_text][\/et_pb_column][\/et_pb_row][\/et_pb_section][et_pb_section fb_built=\u00bb1&#8243; module_class=\u00bbmethodology_sec\u00bb _builder_version=\u00bb4.27.4&#8243; _module_preset=\u00bbdefault\u00bb background_color=\u00bb#000000&#8243; module_alignment=\u00bbcenter\u00bb custom_margin=\u00bb0px||0px||true|false\u00bb custom_padding=\u00bb0px||0px||true|false\u00bb border_color_all=\u00bb#FFFFFF\u00bb locked=\u00bboff\u00bb global_colors_info=\u00bb{}\u00bb][et_pb_row module_class=\u00bborder_list_row\u00bb _builder_version=\u00bb4.27.4&#8243; _module_preset=\u00bbdefault\u00bb width=\u00bb98%\u00bb custom_padding=\u00bb9px||7px|||\u00bb border_radii=\u00bboff||||\u00bb border_color_top=\u00bb#FFFFFF\u00bb global_colors_info=\u00bb{}\u00bb][et_pb_column type=\u00bb4_4&#8243; _builder_version=\u00bb4.27.4&#8243; _module_preset=\u00bbdefault\u00bb global_colors_info=\u00bb{}\u00bb][et_pb_heading title=\u00bbMETODOLOG\u00cdA\u00bb _builder_version=\u00bb4.27.4&#8243; _module_preset=\u00bbdefault\u00bb title_level=\u00bbh2&#8243; title_font=\u00bbSuiGenerisLight|100||on|||||\u00bb title_text_align=\u00bbleft\u00bb title_text_color=\u00bb#FFFFFF\u00bb title_line_height=\u00bb35px\u00bb custom_margin=\u00bb||0px||false|false\u00bb custom_padding=\u00bb||0px||false|false\u00bb custom_padding_tablet=\u00bb\u00bb custom_padding_phone=\u00bb0px|20px|0px|20px|false|false\u00bb custom_padding_last_edited=\u00bbon|phone\u00bb title_text_align_tablet=\u00bbcenter\u00bb title_text_align_phone=\u00bbcenter\u00bb title_text_align_last_edited=\u00bbon|phone\u00bb locked=\u00bboff\u00bb global_colors_info=\u00bb{}\u00bb][\/et_pb_heading][et_pb_text _builder_version=\u00bb4.27.4&#8243; _module_preset=\u00bbdefault\u00bb global_colors_info=\u00bb{}\u00bb]<\/p>\n<ol class=\"ak-ol\">\n<li>\n<p class=\"p1\"><span class=\"s1\"><b>Planeamento do controlo:<\/b><\/span><br \/><span style=\"font-size: 14px;\">Recolhemos informa\u00e7\u00f5es sobre a estrutura a inspecionar e definimos a \u00e1rea de a\u00e7\u00e3o. Esta fase permite-nos planear a inspe\u00e7\u00e3o subaqu\u00e1tica de forma eficiente, adaptando-nos \u00e0s condi\u00e7\u00f5es do ambiente e ao tipo de bem submerso.<\/span><\/p>\n<\/li>\n<li>\n<p class=\"p1\"><span class=\"s1\"><b>Opera\u00e7\u00e3o do ROV a partir da superf\u00edcie:<\/b><\/span><br \/><span style=\"font-size: 14px;\">A nossa equipa de especialistas realiza a inspe\u00e7\u00e3o utilizando ve\u00edculos subaqu\u00e1ticos rob\u00f3ticos (ROV) controlados \u00e0 superf\u00edcie. O ROV capta imagens e v\u00eddeos de alta resolu\u00e7\u00e3o para documentar o estado real dos activos.\u00a0<\/span><\/p>\n<\/li>\n<li>\n<p class=\"p1\"><span class=\"s1\"><b>Recolha e armazenamento de material:<\/b><\/span><br \/><span style=\"font-size: 14px;\">Todo o conte\u00fado visual obtido pelo ROV \u00e9 armazenado de forma segura e posteriormente analisado.\u00a0<\/span><\/p>\n<\/li>\n<li>\n<p class=\"p1\"><span class=\"s1\"><b>An\u00e1lise avan\u00e7ada:<\/b><\/span><br \/><span style=\"font-size: 14px;\">Os dados obtidos s\u00e3o processados na nossa plataforma com algoritmos de intelig\u00eancia artificial que nos permitem determinar o estado das infra-estruturas submersas e identificar poss\u00edveis patologias.\u00a0<\/span><\/p>\n<\/li>\n<li>\n<p class=\"p1\"><span class=\"s1\"><b>Entrega do relat\u00f3rio t\u00e9cnico:<\/b><\/span><br \/><span style=\"font-size: 14px;\">O cliente recebe um relat\u00f3rio t\u00e9cnico completo com os resultados processados pela nossa plataforma. O documento inclui conclus\u00f5es detalhadas, provas visuais e uma descri\u00e7\u00e3o do estado, que servem de base objetiva para a tomada de decis\u00f5es e o planeamento da manuten\u00e7\u00e3o.<\/span><\/p>\n<\/li>\n<\/ol>\n<p>[\/et_pb_text][\/et_pb_column][\/et_pb_row][et_pb_row column_structure=\u00bb2_3,1_3&#8243; use_custom_gutter=\u00bbon\u00bb gutter_width=\u00bb2&#8243; make_equal=\u00bbon\u00bb module_class=\u00bbbutton_row btn_mobile_classs\u00bb _builder_version=\u00bb4.27.4&#8243; _module_preset=\u00bbdefault\u00bb width=\u00bb98%\u00bb custom_padding=\u00bb6px||25px||false|false\u00bb global_colors_info=\u00bb{}\u00bb][et_pb_column type=\u00bb2_3&#8243; _builder_version=\u00bb4.27.4&#8243; _module_preset=\u00bbdefault\u00bb global_colors_info=\u00bb{}\u00bb][et_pb_text _builder_version=\u00bb4.27.4&#8243; _module_preset=\u00bbdefault\u00bb text_font=\u00bb&#8211;et_global_body_font||||||||\u00bb text_text_color=\u00bb#FFFFFF\u00bb text_font_size=\u00bb14px\u00bb text_orientation=\u00bbright\u00bb width=\u00bb830px\u00bb module_alignment=\u00bbcenter\u00bb custom_margin=\u00bb0px||0px||false|false\u00bb custom_padding=\u00bb0px||0px||false|false\u00bb text_orientation_tablet=\u00bbcenter\u00bb text_orientation_phone=\u00bbcenter\u00bb text_orientation_last_edited=\u00bbon|tablet\u00bb global_colors_info=\u00bb{}\u00bb]<\/p>\n<p>Descubra como podemos reduzir os riscos e os custos das suas inspec\u00e7\u00f5es.<\/p>\n<p>[\/et_pb_text][\/et_pb_column][et_pb_column type=\u00bb1_3&#8243; _builder_version=\u00bb4.27.4&#8243; _module_preset=\u00bbdefault\u00bb global_colors_info=\u00bb{}\u00bb][et_pb_button button_url=\u00bbhttps:\/\/eon-sea.com\/contacto-2\/\u00bb button_text=\u00bbContacta con nosotros\u00bb button_alignment=\u00bbcenter\u00bb button_alignment_phone=\u00bbcenter\u00bb button_alignment_last_edited=\u00bboff|desktop\u00bb module_class=\u00bbbanner-btn\u00bb _builder_version=\u00bb4.27.4&#8243; _module_preset=\u00bbdefault\u00bb custom_button=\u00bbon\u00bb button_text_size=\u00bb14px\u00bb button_text_color=\u00bb#000000&#8243; button_bg_color=\u00bb#08fdf4&#8243; button_border_width=\u00bb0px\u00bb button_border_radius=\u00bb30px\u00bb button_font=\u00bb&#8211;et_global_body_font|700|||||||\u00bb button_use_icon=\u00bboff\u00bb custom_margin=\u00bb10px||||false|false\u00bb custom_margin_tablet=\u00bb10px||||false|false\u00bb custom_margin_phone=\u00bb10px||30px||false|false\u00bb custom_margin_last_edited=\u00bboff|desktop\u00bb custom_padding=\u00bb10px|40px|10px|40px|true|true\u00bb custom_css_free_form=\u00bbbody #page-container .et_pb_section .et_pb_button_0:hover{||  background-color:black !important;||  color:white !important;||}\u00bb locked=\u00bboff\u00bb global_colors_info=\u00bb{}\u00bb button_text_color__hover_enabled=\u00bbon|desktop\u00bb button_bg_color__hover_enabled=\u00bbon|hover\u00bb button_bg_color__hover=\u00bb#ffffff\u00bb button_bg_enable_color__hover=\u00bbon\u00bb button_text_color__hover=\u00bb#000000&#8243;][\/et_pb_button][\/et_pb_column][\/et_pb_row][et_pb_row module_class=\u00bbhome_gallery_row\u00bb _builder_version=\u00bb4.27.4&#8243; _module_preset=\u00bbdefault\u00bb width=\u00bb100%\u00bb max_width=\u00bb100%\u00bb custom_padding=\u00bb0px||0px||true|false\u00bb global_colors_info=\u00bb{}\u00bb][et_pb_column type=\u00bb4_4&#8243; _builder_version=\u00bb4.27.4&#8243; _module_preset=\u00bbdefault\u00bb global_colors_info=\u00bb{}\u00bb][ba_image_carousel content_alignment=\u00bbcenter\u00bb use_nav=\u00bboff\u00bb is_variable_width=\u00bbon\u00bb slide_spacing=\u00bb15px\u00bb use_both_side_spacing=\u00bboff\u00bb nav_height=\u00bb48px\u00bb nav_width=\u00bb48px\u00bb nav_color=\u00bb#ffffff\u00bb nav_bg=\u00bb#3979ff\u00bb icon_left=\u00bb&#xf104;||fa||900&#8243; icon_right=\u00bb&#xf105;||fa||900&#8243; module_class=\u00bbhome_gallery_slider\u00bb _builder_version=\u00bb4.27.4&#8243; _module_preset=\u00bbdefault\u00bb global_colors_info=\u00bb{}\u00bb][ba_image_carousel_child photo=\u00bbhttps:\/\/eon-sea.com\/wp-content\/uploads\/2025\/05\/g11.png\u00bb _builder_version=\u00bb4.27.4&#8243; border_radii_item=\u00bbon|25px|25px|25px|25px\u00bb global_colors_info=\u00bb{}\u00bb][\/ba_image_carousel_child][ba_image_carousel_child photo=\u00bbhttps:\/\/eon-sea.com\/wp-content\/uploads\/2025\/05\/g2.png\u00bb _builder_version=\u00bb4.27.4&#8243; border_radii_item=\u00bbon|25px|25px|25px|25px\u00bb global_colors_info=\u00bb{}\u00bb][\/ba_image_carousel_child][ba_image_carousel_child photo=\u00bbhttps:\/\/eon-sea.com\/wp-content\/uploads\/2025\/05\/g3.png\u00bb _builder_version=\u00bb4.27.4&#8243; border_radii_item=\u00bbon|25px|25px|25px|25px\u00bb global_colors_info=\u00bb{}\u00bb][\/ba_image_carousel_child][ba_image_carousel_child photo=\u00bbhttps:\/\/eon-sea.com\/wp-content\/uploads\/2025\/05\/g4.png\u00bb _builder_version=\u00bb4.27.4&#8243; border_radii_item=\u00bbon|25px|25px|25px|25px\u00bb global_colors_info=\u00bb{}\u00bb][\/ba_image_carousel_child][ba_image_carousel_child photo=\u00bbhttps:\/\/eon-sea.com\/wp-content\/uploads\/2025\/05\/g5.png\u00bb _builder_version=\u00bb4.27.4&#8243; border_radii_item=\u00bbon|25px|25px|25px|25px\u00bb global_colors_info=\u00bb{}\u00bb][\/ba_image_carousel_child][\/ba_image_carousel][\/et_pb_column][\/et_pb_row][et_pb_row use_custom_gutter=\u00bbon\u00bb gutter_width=\u00bb1&#8243; module_class=\u00bbindica_para_row\u00bb _builder_version=\u00bb4.27.4&#8243; _module_preset=\u00bbdefault\u00bb background_enable_image=\u00bboff\u00bb width=\u00bb98%\u00bb custom_padding=\u00bb50px||70px||false|false\u00bb global_colors_info=\u00bb{}\u00bb][et_pb_column type=\u00bb4_4&#8243; module_class=\u00bbindica_para_left\u00bb _builder_version=\u00bb4.27.4&#8243; _module_preset=\u00bbdefault\u00bb background_image=\u00bbhttps:\/\/eon-sea.com\/wp-content\/uploads\/2025\/05\/stillness.png\u00bb global_colors_info=\u00bb{}\u00bb][et_pb_heading title=\u00bbSECTORES EN LOS QUE TRABAJAMOS \u00bb _builder_version=\u00bb4.27.4&#8243; _module_preset=\u00bbdefault\u00bb title_level=\u00bbh5&#8243; title_font=\u00bbSuiGenerisLight|100||on|||||\u00bb title_text_align=\u00bbcenter\u00bb title_text_color=\u00bb#09fdf4&#8243; title_font_size=\u00bb24px\u00bb title_line_height=\u00bb24px\u00bb custom_margin=\u00bb0px||0px||false|false\u00bb custom_padding=\u00bb0px||3px||false|false\u00bb custom_padding_tablet=\u00bb\u00bb custom_padding_phone=\u00bb0px|20px|0px|20px|false|false\u00bb custom_padding_last_edited=\u00bbon|phone\u00bb title_text_align_tablet=\u00bbcenter\u00bb title_text_align_phone=\u00bbcenter\u00bb title_text_align_last_edited=\u00bbon|phone\u00bb locked=\u00bboff\u00bb global_colors_info=\u00bb{}\u00bb][\/et_pb_heading][et_pb_heading title=\u00bbSECTORES PRINCIPALES: PUERTOS, EMBARCACIONES Y ESTACIONES OFFSHORE\u00bb _builder_version=\u00bb4.27.4&#8243; _module_preset=\u00bbdefault\u00bb title_level=\u00bbh5&#8243; title_font=\u00bbSuiGenerisLight|100||on|||||\u00bb title_text_align=\u00bbcenter\u00bb title_text_color=\u00bb#ffffff\u00bb title_font_size=\u00bb16px\u00bb custom_margin=\u00bb5px||0px||false|false\u00bb custom_padding=\u00bb0px||||false|false\u00bb custom_padding_tablet=\u00bb\u00bb custom_padding_phone=\u00bb0px|20px|0px|20px|false|false\u00bb custom_padding_last_edited=\u00bbon|phone\u00bb title_text_align_tablet=\u00bbcenter\u00bb title_text_align_phone=\u00bbcenter\u00bb title_text_align_last_edited=\u00bbon|phone\u00bb locked=\u00bboff\u00bb global_colors_info=\u00bb{}\u00bb][\/et_pb_heading][et_pb_text _builder_version=\u00bb4.27.4&#8243; _module_preset=\u00bbdefault\u00bb custom_css_free_form=\u00bb.indica_box {||    display: flex;||    flex-direction: column;||    align-items: center;||    min-height: 200px;||    margin: 0 10px;||}||||.indica-iconbox__title {||    background: rgba(255, 255, 255, 0.08);||    backdrop-filter: blur(2px);||    -webkit-backdrop-filter: blur(1px);||    padding: 15px 20px;||    border-radius: 8px;||    border: 1px solid rgba(255, 255, 255, 0.1);||    width: 320px;||    max-width: 100%; ||    height: auto; ||    min-height: 110px; ||    display: flex;||    align-items: center;||    justify-content: center;||    text-align: center;||    line-height: 1.4;||}||||\/* Contenedor padre responsive *\/||.indica-iconbox-inner {||    display: flex;||    flex-wrap: wrap; ||    justify-content: center;||    gap: 20px; ||}||||\/* Tablets y pantallas medianas *\/||@media (max-width: 1024px) {||    .indica-iconbox__title {||        width: 280px;||        padding: 12px 15px;||        font-size: 0.95em;||    }||    ||    .indica_box {||        margin: 0 5px;||        min-height: 180px;||    }||}||||\/* Port\u00e1tiles peque\u00f1os y tablets en horizontal *\/||@media (max-width: 768px) {||    .indica-iconbox__title {||        width: 250px;||        padding: 12px 15px;||        min-height: 100px;||    }||    ||    .indica_box {||        margin: 10px 5px;||        min-height: 160px;||    }||    ||    .indica-iconbox-inner {||        gap: 15px;||    }||}||||\/* M\u00f3viles *\/||@media (max-width: 480px) {||    .indica-iconbox-inner {||        flex-direction: column;||        align-items: center;||    }||    ||    .indica_box {||        margin: 10px 0;||        min-height: auto;||        width: 100%;||    }||    ||    .indica-iconbox__title {||        width: 90%;||        max-width: 320px;||        padding: 15px;||        min-height: 90px;||        font-size: 0.9em;||    }||    ||    .indica_box img {||        max-width: 50px; ||    }||}\u00bb global_colors_info=\u00bb{}\u00bb]<\/p>\n<div class=\"indica-iconbox-inner\">\n<div class=\"indica_box\">\n<p><img decoding=\"async\" src=\"https:\/\/eon-sea.com\/wp-content\/uploads\/2025\/05\/check-mark.png\" alt=\"\" \/><\/p>\n<h5 class=\"indica-iconbox__title\">Inspe\u00e7\u00e3o de cascos, portos e plataformas offshore<\/h5>\n<\/div>\n<div class=\"indica_box\">\n<p><img decoding=\"async\" src=\"https:\/\/eon-sea.com\/wp-content\/uploads\/2025\/05\/check-mark.png\" alt=\"\" \/><\/p>\n<h5 class=\"indica-iconbox__title\">Monitoriza\u00e7\u00e3o da corros\u00e3o, da bioincrusta\u00e7\u00e3o e da incrusta\u00e7\u00e3o<\/h5>\n<\/div>\n<div class=\"indica_box\">\n<p><img decoding=\"async\" src=\"https:\/\/eon-sea.com\/wp-content\/uploads\/2025\/05\/check-mark.png\" alt=\"\" \/><\/p>\n<h5 class=\"indica-iconbox__title\">Tecnologia de fotogrametria subaqu\u00e1tica para medi\u00e7\u00f5es exactas<\/h5>\n<\/div>\n<\/div>\n<p>[\/et_pb_text][\/et_pb_column][\/et_pb_row][\/et_pb_section]<\/p>","protected":false},"excerpt":{"rendered":"<p>INSPECCI\u00d3N SUBACU\u00c1TICA CON ROVEn EONSEA ofrecemos servicios de inspecci\u00f3n subacu\u00e1tica con ROV para embarcaciones, muelles, pilotes y estructuras sumergidas. Capturamos im\u00e1genes y datos en tiempo real \u00a0garantizando resultados precisos y seguros. Planificaci\u00f3n de la inspecci\u00f3n:Recogemos informaci\u00f3n sobre la estructura a inspeccionar y definimos el \u00e1rea de actuaci\u00f3n. Esta fase permite planificar la inspecci\u00f3n subacu\u00e1tica de [&hellip;]<\/p>","protected":false},"author":10,"featured_media":0,"parent":0,"menu_order":0,"comment_status":"closed","ping_status":"closed","template":"","meta":{"_acf_changed":false,"_et_pb_use_builder":"on","_et_pb_old_content":"","_et_gb_content_width":"","_monsterinsights_skip_tracking":false,"_monsterinsights_sitenote_active":false,"_monsterinsights_sitenote_note":"","_monsterinsights_sitenote_category":0,"footnotes":""},"class_list":["post-6131","page","type-page","status-publish","hentry"],"acf":[],"yoast_head":"<!-- This site is optimized with the Yoast SEO plugin v26.7 - https:\/\/yoast.com\/wordpress\/plugins\/seo\/ -->\n<title>Inspecci\u00f3n subacu\u00e1tica con ROVs new - EONSEA<\/title>\n<meta name=\"description\" content=\"Eonsea realiza inspecciones subacu\u00e1ticas de infraestructuras marinas utilizando ROV para evaluar el estado real de las infraestructuras.\" \/>\n<meta name=\"robots\" content=\"index, follow, max-snippet:-1, max-image-preview:large, max-video-preview:-1\" \/>\n<link rel=\"canonical\" href=\"https:\/\/eon-sea.com\/pt\/inspeccion-subacuatica-rov\/\" \/>\n<meta property=\"og:locale\" content=\"pt_PT\" \/>\n<meta property=\"og:type\" content=\"article\" \/>\n<meta property=\"og:title\" content=\"Inspecci\u00f3n subacu\u00e1tica con ROVs new - EONSEA\" \/>\n<meta property=\"og:description\" content=\"Eonsea realiza inspecciones subacu\u00e1ticas de infraestructuras marinas utilizando ROV para evaluar el estado real de las infraestructuras.\" \/>\n<meta property=\"og:url\" content=\"https:\/\/eon-sea.com\/pt\/inspeccion-subacuatica-rov\/\" \/>\n<meta property=\"og:site_name\" content=\"EONSEA\" \/>\n<meta property=\"article:modified_time\" content=\"2025-11-18T13:00:00+00:00\" \/>\n<meta property=\"og:image\" content=\"https:\/\/eon-sea.com\/wp-content\/uploads\/2025\/05\/check-mark.png\" \/>\n<meta name=\"twitter:card\" content=\"summary_large_image\" \/>\n<meta name=\"twitter:site\" content=\"@eon_sea\" \/>\n<meta name=\"twitter:label1\" content=\"Tempo estimado de leitura\" \/>\n\t<meta name=\"twitter:data1\" content=\"3 minutos\" \/>\n<script type=\"application\/ld+json\" class=\"yoast-schema-graph\">{\"@context\":\"https:\/\/schema.org\",\"@graph\":[{\"@type\":\"WebPage\",\"@id\":\"https:\/\/eon-sea.com\/en\/inspeccion-subacuatica-rov\/\",\"url\":\"https:\/\/eon-sea.com\/en\/inspeccion-subacuatica-rov\/\",\"name\":\"Inspecci\u00f3n subacu\u00e1tica con ROVs new - EONSEA\",\"isPartOf\":{\"@id\":\"https:\/\/seagreen-hawk-426743.hostingersite.com\/#website\"},\"primaryImageOfPage\":{\"@id\":\"https:\/\/eon-sea.com\/en\/inspeccion-subacuatica-rov\/#primaryimage\"},\"image\":{\"@id\":\"https:\/\/eon-sea.com\/en\/inspeccion-subacuatica-rov\/#primaryimage\"},\"thumbnailUrl\":\"https:\/\/eon-sea.com\/wp-content\/uploads\/2025\/05\/check-mark.png\",\"datePublished\":\"2025-11-04T15:03:59+00:00\",\"dateModified\":\"2025-11-18T13:00:00+00:00\",\"description\":\"Eonsea realiza inspecciones subacu\u00e1ticas de infraestructuras marinas utilizando ROV para evaluar el estado real de las infraestructuras.\",\"breadcrumb\":{\"@id\":\"https:\/\/eon-sea.com\/en\/inspeccion-subacuatica-rov\/#breadcrumb\"},\"inLanguage\":\"pt-PT\",\"potentialAction\":[{\"@type\":\"ReadAction\",\"target\":[\"https:\/\/eon-sea.com\/en\/inspeccion-subacuatica-rov\/\"]}]},{\"@type\":\"ImageObject\",\"inLanguage\":\"pt-PT\",\"@id\":\"https:\/\/eon-sea.com\/en\/inspeccion-subacuatica-rov\/#primaryimage\",\"url\":\"https:\/\/eon-sea.com\/wp-content\/uploads\/2025\/05\/check-mark.png\",\"contentUrl\":\"https:\/\/eon-sea.com\/wp-content\/uploads\/2025\/05\/check-mark.png\"},{\"@type\":\"BreadcrumbList\",\"@id\":\"https:\/\/eon-sea.com\/en\/inspeccion-subacuatica-rov\/#breadcrumb\",\"itemListElement\":[{\"@type\":\"ListItem\",\"position\":1,\"name\":\"Portada\",\"item\":\"https:\/\/eon-sea.com\/\"},{\"@type\":\"ListItem\",\"position\":2,\"name\":\"Inspecci\u00f3n subacu\u00e1tica con ROVs new\"}]},{\"@type\":\"WebSite\",\"@id\":\"https:\/\/seagreen-hawk-426743.hostingersite.com\/#website\",\"url\":\"https:\/\/seagreen-hawk-426743.hostingersite.com\/\",\"name\":\"EONSEA\",\"description\":\"Inspecci\u00f3n de embarcaciones con ROVs e IA\",\"potentialAction\":[{\"@type\":\"SearchAction\",\"target\":{\"@type\":\"EntryPoint\",\"urlTemplate\":\"https:\/\/seagreen-hawk-426743.hostingersite.com\/?s={search_term_string}\"},\"query-input\":{\"@type\":\"PropertyValueSpecification\",\"valueRequired\":true,\"valueName\":\"search_term_string\"}}],\"inLanguage\":\"pt-PT\"}]}<\/script>\n<!-- \/ Yoast SEO plugin. -->","yoast_head_json":{"title":"Inspecci\u00f3n subacu\u00e1tica con ROVs new - EONSEA","description":"Eonsea realiza inspecciones subacu\u00e1ticas de infraestructuras marinas utilizando ROV para evaluar el estado real de las infraestructuras.","robots":{"index":"index","follow":"follow","max-snippet":"max-snippet:-1","max-image-preview":"max-image-preview:large","max-video-preview":"max-video-preview:-1"},"canonical":"https:\/\/eon-sea.com\/pt\/inspeccion-subacuatica-rov\/","og_locale":"pt_PT","og_type":"article","og_title":"Inspecci\u00f3n subacu\u00e1tica con ROVs new - EONSEA","og_description":"Eonsea realiza inspecciones subacu\u00e1ticas de infraestructuras marinas utilizando ROV para evaluar el estado real de las infraestructuras.","og_url":"https:\/\/eon-sea.com\/pt\/inspeccion-subacuatica-rov\/","og_site_name":"EONSEA","article_modified_time":"2025-11-18T13:00:00+00:00","og_image":[{"url":"https:\/\/eon-sea.com\/wp-content\/uploads\/2025\/05\/check-mark.png","type":"","width":"","height":""}],"twitter_card":"summary_large_image","twitter_site":"@eon_sea","twitter_misc":{"Tempo estimado de leitura":"3 minutos"},"schema":{"@context":"https:\/\/schema.org","@graph":[{"@type":"WebPage","@id":"https:\/\/eon-sea.com\/en\/inspeccion-subacuatica-rov\/","url":"https:\/\/eon-sea.com\/en\/inspeccion-subacuatica-rov\/","name":"Inspecci\u00f3n subacu\u00e1tica con ROVs new - EONSEA","isPartOf":{"@id":"https:\/\/seagreen-hawk-426743.hostingersite.com\/#website"},"primaryImageOfPage":{"@id":"https:\/\/eon-sea.com\/en\/inspeccion-subacuatica-rov\/#primaryimage"},"image":{"@id":"https:\/\/eon-sea.com\/en\/inspeccion-subacuatica-rov\/#primaryimage"},"thumbnailUrl":"https:\/\/eon-sea.com\/wp-content\/uploads\/2025\/05\/check-mark.png","datePublished":"2025-11-04T15:03:59+00:00","dateModified":"2025-11-18T13:00:00+00:00","description":"Eonsea realiza inspecciones subacu\u00e1ticas de infraestructuras marinas utilizando ROV para evaluar el estado real de las infraestructuras.","breadcrumb":{"@id":"https:\/\/eon-sea.com\/en\/inspeccion-subacuatica-rov\/#breadcrumb"},"inLanguage":"pt-PT","potentialAction":[{"@type":"ReadAction","target":["https:\/\/eon-sea.com\/en\/inspeccion-subacuatica-rov\/"]}]},{"@type":"ImageObject","inLanguage":"pt-PT","@id":"https:\/\/eon-sea.com\/en\/inspeccion-subacuatica-rov\/#primaryimage","url":"https:\/\/eon-sea.com\/wp-content\/uploads\/2025\/05\/check-mark.png","contentUrl":"https:\/\/eon-sea.com\/wp-content\/uploads\/2025\/05\/check-mark.png"},{"@type":"BreadcrumbList","@id":"https:\/\/eon-sea.com\/en\/inspeccion-subacuatica-rov\/#breadcrumb","itemListElement":[{"@type":"ListItem","position":1,"name":"Portada","item":"https:\/\/eon-sea.com\/"},{"@type":"ListItem","position":2,"name":"Inspecci\u00f3n subacu\u00e1tica con ROVs new"}]},{"@type":"WebSite","@id":"https:\/\/seagreen-hawk-426743.hostingersite.com\/#website","url":"https:\/\/seagreen-hawk-426743.hostingersite.com\/","name":"EONSEA","description":"Inspecci\u00f3n de embarcaciones con ROVs e IA","potentialAction":[{"@type":"SearchAction","target":{"@type":"EntryPoint","urlTemplate":"https:\/\/seagreen-hawk-426743.hostingersite.com\/?s={search_term_string}"},"query-input":{"@type":"PropertyValueSpecification","valueRequired":true,"valueName":"search_term_string"}}],"inLanguage":"pt-PT"}]}},"_links":{"self":[{"href":"https:\/\/eon-sea.com\/pt\/wp-json\/wp\/v2\/pages\/6131","targetHints":{"allow":["GET"]}}],"collection":[{"href":"https:\/\/eon-sea.com\/pt\/wp-json\/wp\/v2\/pages"}],"about":[{"href":"https:\/\/eon-sea.com\/pt\/wp-json\/wp\/v2\/types\/page"}],"author":[{"embeddable":true,"href":"https:\/\/eon-sea.com\/pt\/wp-json\/wp\/v2\/users\/10"}],"replies":[{"embeddable":true,"href":"https:\/\/eon-sea.com\/pt\/wp-json\/wp\/v2\/comments?post=6131"}],"version-history":[{"count":25,"href":"https:\/\/eon-sea.com\/pt\/wp-json\/wp\/v2\/pages\/6131\/revisions"}],"predecessor-version":[{"id":6571,"href":"https:\/\/eon-sea.com\/pt\/wp-json\/wp\/v2\/pages\/6131\/revisions\/6571"}],"wp:attachment":[{"href":"https:\/\/eon-sea.com\/pt\/wp-json\/wp\/v2\/media?parent=6131"}],"curies":[{"name":"wp","href":"https:\/\/api.w.org\/{rel}","templated":true}]}}