{"id":6826,"date":"2026-03-10T12:25:18","date_gmt":"2026-03-10T10:25:18","guid":{"rendered":"https:\/\/eon-sea.com\/?page_id=6826"},"modified":"2026-04-28T16:27:25","modified_gmt":"2026-04-28T14:27:25","slug":"neotec","status":"publish","type":"page","link":"https:\/\/eon-sea.com\/pt\/neotec\/","title":{"rendered":"NEOTEC"},"content":{"rendered":"<p>[et_pb_section fb_built=\u00bb1&#8243; module_class=\u00bbsolicitor_sec\u00bb _builder_version=\u00bb4.27.4&#8243; _module_preset=\u00bbdefault\u00bb background_color=\u00bbRGBA(255,255,255,0)\u00bb background_image=\u00bbhttps:\/\/eon-sea.com\/wp-content\/uploads\/2025\/11\/pexels-ian-panelo-14657160-scaled.jpg\u00bb min_height=\u00bb312.1px\u00bb custom_margin=\u00bb||||false|false\u00bb custom_padding=\u00bb0px||0px|7px|false|false\u00bb custom_css_before=\u00bbborder-radius: 20px;||overflow: hidden;\u00bb locked=\u00bboff\u00bb global_colors_info=\u00bb{}\u00bb][et_pb_row column_structure=\u00bb1_3,1_3,1_3&#8243; _builder_version=\u00bb4.27.4&#8243; _module_preset=\u00bbdefault\u00bb min_height=\u00bb385.1px\u00bb global_colors_info=\u00bb{}\u00bb][et_pb_column type=\u00bb1_3&#8243; _builder_version=\u00bb4.27.4&#8243; _module_preset=\u00bbdefault\u00bb global_colors_info=\u00bb{}\u00bb][\/et_pb_column][et_pb_column type=\u00bb1_3&#8243; _builder_version=\u00bb4.27.4&#8243; _module_preset=\u00bbdefault\u00bb global_colors_info=\u00bb{}\u00bb][et_pb_image src=\u00bbhttps:\/\/eon-sea.com\/wp-content\/uploads\/2026\/04\/mareablanco.png\u00bb title_text=\u00bbmareablanco\u00bb _builder_version=\u00bb4.27.4&#8243; _module_preset=\u00bbdefault\u00bb min_height=\u00bb312.1px\u00bb global_colors_info=\u00bb{}\u00bb][\/et_pb_image][\/et_pb_column][et_pb_column type=\u00bb1_3&#8243; _builder_version=\u00bb4.27.4&#8243; _module_preset=\u00bbdefault\u00bb global_colors_info=\u00bb{}\u00bb][\/et_pb_column][\/et_pb_row][\/et_pb_section][et_pb_section fb_built=\u00bb1&#8243; _builder_version=\u00bb4.27.4&#8243; _module_preset=\u00bbdefault\u00bb background_color=\u00bb#e8eaed\u00bb min_height=\u00bb619.3px\u00bb custom_margin=\u00bb||-162px|||\u00bb global_colors_info=\u00bb{}\u00bb][et_pb_row _builder_version=\u00bb4.27.4&#8243; _module_preset=\u00bbdefault\u00bb module_alignment=\u00bbcenter\u00bb locked=\u00bboff\u00bb global_colors_info=\u00bb{}\u00bb][et_pb_column type=\u00bb4_4&#8243; _builder_version=\u00bb4.27.4&#8243; _module_preset=\u00bbdefault\u00bb global_colors_info=\u00bb{}\u00bb][et_pb_text _builder_version=\u00bb4.27.4&#8243; _module_preset=\u00bbdefault\u00bb text_text_color=\u00bb#03163b\u00bb text_font_size=\u00bb18px\u00bb text_line_height=\u00bb1.5em\u00bb header_text_align=\u00bbcenter\u00bb text_orientation=\u00bbcenter\u00bb min_height=\u00bb52px\u00bb custom_padding=\u00bb||2px|||\u00bb global_colors_info=\u00bb{}\u00bb]<\/p>\n<p>Monitoreo Aut\u00f3nomo y Revisi\u00f3n de Estructuras Acu\u00e1ticas<\/p>\n<p>[\/et_pb_text][\/et_pb_column][\/et_pb_row][et_pb_row _builder_version=\u00bb4.27.4&#8243; _module_preset=\u00bbdefault\u00bb min_height=\u00bb91.3px\u00bb custom_padding=\u00bb||12px|||\u00bb global_colors_info=\u00bb{}\u00bb][et_pb_column type=\u00bb4_4&#8243; _builder_version=\u00bb4.27.4&#8243; _module_preset=\u00bbdefault\u00bb global_colors_info=\u00bb{}\u00bb][et_pb_heading title=\u00bbObjetivos\u00bb _builder_version=\u00bb4.27.4&#8243; _module_preset=\u00bbdefault\u00bb title_level=\u00bbh2&#8243; title_font=\u00bb||||||||\u00bb title_text_align=\u00bbcenter\u00bb title_text_color=\u00bb#000000&#8243; global_colors_info=\u00bb{}\u00bb][\/et_pb_heading][et_pb_text _builder_version=\u00bb4.27.4&#8243; _module_preset=\u00bbdefault\u00bb text_text_color=\u00bb#000000&#8243; header_text_align=\u00bbjustify\u00bb header_text_color=\u00bb#FFFFFF\u00bb header_font_size=\u00bb18px\u00bb header_line_height=\u00bb1.5em\u00bb text_orientation=\u00bbjustified\u00bb header_font_size_last_edited=\u00bboff|desktop\u00bb custom_css_free_form=\u00bbselector {||    font-size: 18px;||    line-height: 1.5rem;||}\u00bb global_colors_info=\u00bb{}\u00bb header_font_size__hover_enabled=\u00bboff|desktop\u00bb]<\/p>\n<p>Este projeto visa o desenvolvimento de uma solu\u00e7\u00e3o avan\u00e7ada para a inspe\u00e7\u00e3o e diagn\u00f3stico estrutural de infra-estruturas mar\u00edtimo-portu\u00e1rias, baseada na integra\u00e7\u00e3o de rob\u00f3tica, intelig\u00eancia artificial e gest\u00e3o digital de dados. A iniciativa visa refor\u00e7ar a seguran\u00e7a, a efici\u00eancia operacional e a sustentabilidade dos trabalhos de inspe\u00e7\u00e3o subaqu\u00e1tica atrav\u00e9s de uma abordagem tecnol\u00f3gica orientada para a automa\u00e7\u00e3o, monitoriza\u00e7\u00e3o remota e tomada de decis\u00e3o baseada em dados.<\/p>\n<p>Neste contexto, o projeto prev\u00ea o desenvolvimento coordenado de um ve\u00edculo subaqu\u00e1tico operado remotamente (ROV) e de um ve\u00edculo de superf\u00edcie n\u00e3o tripulado (USV), de modo a que o sistema possa abordar tanto a recolha de informa\u00e7\u00f5es subaqu\u00e1ticas como a navega\u00e7\u00e3o, o apoio log\u00edstico, a implanta\u00e7\u00e3o e as fun\u00e7\u00f5es de recupera\u00e7\u00e3o \u00e0 superf\u00edcie. Esta arquitetura integrada permitir\u00e1 avan\u00e7ar para opera\u00e7\u00f5es mais aut\u00f3nomas, mais seguras e mais eficientes em ambientes portu\u00e1rios e costeiros complexos.<\/p>\n<p>A solu\u00e7\u00e3o incorporar\u00e1 ainda capacidades de an\u00e1lise inteligente de imagem para a dete\u00e7\u00e3o autom\u00e1tica de patologias estruturais, bem como ferramentas de reconstru\u00e7\u00e3o tridimensional e de visualiza\u00e7\u00e3o avan\u00e7ada para facilitar a avalia\u00e7\u00e3o t\u00e9cnica dos activos inspeccionados. Globalmente, o projeto visa contribuir para a digitaliza\u00e7\u00e3o do sector mar\u00edtimo-portu\u00e1rio, melhorar a manuten\u00e7\u00e3o preventiva de infra-estruturas cr\u00edticas e promover um modelo de inspe\u00e7\u00e3o mais sustent\u00e1vel e escal\u00e1vel, alinhado com os desafios da inova\u00e7\u00e3o e competitividade europeias.<\/p>\n<p>[\/et_pb_text][\/et_pb_column][\/et_pb_row][et_pb_row _builder_version=\u00bb4.27.4&#8243; _module_preset=\u00bbdefault\u00bb global_colors_info=\u00bb{}\u00bb][et_pb_column type=\u00bb4_4&#8243; _builder_version=\u00bb4.27.4&#8243; _module_preset=\u00bbdefault\u00bb global_colors_info=\u00bb{}\u00bb][et_pb_image src=\u00bbhttps:\/\/eon-sea.com\/wp-content\/uploads\/2026\/03\/neotec_figura-scaled.png\u00bb title_text=\u00bbneotec_figura\u00bb _builder_version=\u00bb4.27.4&#8243; _module_preset=\u00bbdefault\u00bb custom_padding=\u00bb||0px|||\u00bb global_colors_info=\u00bb{}\u00bb][\/et_pb_image][\/et_pb_column][\/et_pb_row][\/et_pb_section][et_pb_section fb_built=\u00bb1&#8243; _builder_version=\u00bb4.27.4&#8243; _module_preset=\u00bbdefault\u00bb background_color=\u00bb#03163b\u00bb min_height=\u00bb115px\u00bb custom_margin=\u00bb97px||-51px|||\u00bb custom_padding=\u00bb0px|||||\u00bb global_colors_info=\u00bb{}\u00bb][et_pb_row _builder_version=\u00bb4.27.4&#8243; _module_preset=\u00bbdefault\u00bb custom_margin=\u00bb|auto|-22px|auto||\u00bb global_colors_info=\u00bb{}\u00bb][et_pb_column type=\u00bb4_4&#8243; _builder_version=\u00bb4.27.4&#8243; _module_preset=\u00bbdefault\u00bb global_colors_info=\u00bb{}\u00bb][et_pb_heading title=\u00bbFinanciado por:\u00bb _builder_version=\u00bb4.27.4&#8243; _module_preset=\u00bbdefault\u00bb title_level=\u00bbh2&#8243; title_text_align=\u00bbcenter\u00bb title_text_color=\u00bb#FFFFFF\u00bb global_colors_info=\u00bb{}\u00bb][\/et_pb_heading][\/et_pb_column][\/et_pb_row][\/et_pb_section][et_pb_section fb_built=\u00bb1&#8243; _builder_version=\u00bb4.27.4&#8243; _module_preset=\u00bbdefault\u00bb background_color=\u00bb#03163b\u00bb global_colors_info=\u00bb{}\u00bb][et_pb_row column_structure=\u00bb1_2,1_2&#8243; _builder_version=\u00bb4.27.4&#8243; _module_preset=\u00bbdefault\u00bb border_radii=\u00bbon|29px|29px|29px|29px\u00bb border_width_all=\u00bb2px\u00bb border_color_all=\u00bb#FFFFFF\u00bb global_colors_info=\u00bb{}\u00bb][et_pb_column type=\u00bb1_2&#8243; _builder_version=\u00bb4.27.4&#8243; _module_preset=\u00bbdefault\u00bb global_colors_info=\u00bb{}\u00bb][et_pb_image src=\u00bbhttps:\/\/eon-sea.com\/wp-content\/uploads\/2025\/11\/Imagen-1-scaled.jpeg\u00bb title_text=\u00bbImagen\u00bb _builder_version=\u00bb4.27.4&#8243; _module_preset=\u00bbdefault\u00bb global_colors_info=\u00bb{}\u00bb][\/et_pb_image][\/et_pb_column][et_pb_column type=\u00bb1_2&#8243; _builder_version=\u00bb4.27.4&#8243; _module_preset=\u00bbdefault\u00bb global_colors_info=\u00bb{}\u00bb][et_pb_image src=\u00bbhttps:\/\/eon-sea.com\/wp-content\/uploads\/2026\/04\/neotec-e1776678559819.png\u00bb title_text=\u00bbneotec\u00bb _builder_version=\u00bb4.27.4&#8243; _module_preset=\u00bbdefault\u00bb width=\u00bb33.9%\u00bb custom_padding=\u00bb||0px|42px||\u00bb global_colors_info=\u00bb{}\u00bb][\/et_pb_image][\/et_pb_column][\/et_pb_row][\/et_pb_section]<\/p>","protected":false},"excerpt":{"rendered":"<p>Monitoreo Aut\u00f3nomo y Revisi\u00f3n de Estructuras Acu\u00e1ticasEste proyecto tiene como objetivo desarrollar una soluci\u00f3n avanzada para la inspecci\u00f3n y el diagn\u00f3stico estructural de infraestructuras mar\u00edtimo-portuarias, basada en la integraci\u00f3n de rob\u00f3tica, inteligencia artificial y gesti\u00f3n digital de datos. La iniciativa persigue reforzar la seguridad, la eficiencia operativa y la sostenibilidad de las labores de inspecci\u00f3n [&hellip;]<\/p>","protected":false},"author":10,"featured_media":0,"parent":0,"menu_order":0,"comment_status":"closed","ping_status":"closed","template":"","meta":{"_acf_changed":false,"_et_pb_use_builder":"on","_et_pb_old_content":"","_et_gb_content_width":"","_monsterinsights_skip_tracking":false,"_monsterinsights_sitenote_active":false,"_monsterinsights_sitenote_note":"","_monsterinsights_sitenote_category":0,"footnotes":""},"class_list":["post-6826","page","type-page","status-publish","hentry"],"acf":[],"yoast_head":"<!-- This site is optimized with the Yoast SEO plugin v26.7 - https:\/\/yoast.com\/wordpress\/plugins\/seo\/ -->\n<title>NEOTEC - EONSEA<\/title>\n<meta name=\"description\" content=\"NEXOMAR es un nexo trasnfronterizo para impulsar la actividad log\u00edstica , un proyecto de cooperaci\u00f3n entre Andaluc\u00eda y Alentejo-Algarve.\" \/>\n<meta name=\"robots\" content=\"index, follow, max-snippet:-1, max-image-preview:large, max-video-preview:-1\" \/>\n<link rel=\"canonical\" href=\"https:\/\/eon-sea.com\/pt\/neotec\/\" \/>\n<meta property=\"og:locale\" content=\"pt_PT\" \/>\n<meta property=\"og:type\" content=\"article\" \/>\n<meta property=\"og:title\" content=\"NEOTEC - EONSEA\" \/>\n<meta property=\"og:description\" content=\"NEXOMAR es un nexo trasnfronterizo para impulsar la actividad log\u00edstica , un proyecto de cooperaci\u00f3n entre Andaluc\u00eda y Alentejo-Algarve.\" \/>\n<meta property=\"og:url\" content=\"https:\/\/eon-sea.com\/pt\/neotec\/\" \/>\n<meta property=\"og:site_name\" content=\"EONSEA\" \/>\n<meta property=\"article:modified_time\" content=\"2026-04-28T14:27:25+00:00\" \/>\n<meta name=\"twitter:card\" content=\"summary_large_image\" \/>\n<meta name=\"twitter:site\" content=\"@eon_sea\" \/>\n<meta name=\"twitter:label1\" content=\"Tempo estimado de leitura\" \/>\n\t<meta name=\"twitter:data1\" content=\"2 minutos\" \/>\n<script type=\"application\/ld+json\" class=\"yoast-schema-graph\">{\"@context\":\"https:\/\/schema.org\",\"@graph\":[{\"@type\":\"WebPage\",\"@id\":\"https:\/\/eon-sea.com\/neotec\/\",\"url\":\"https:\/\/eon-sea.com\/neotec\/\",\"name\":\"NEOTEC - EONSEA\",\"isPartOf\":{\"@id\":\"https:\/\/seagreen-hawk-426743.hostingersite.com\/#website\"},\"datePublished\":\"2026-03-10T10:25:18+00:00\",\"dateModified\":\"2026-04-28T14:27:25+00:00\",\"description\":\"NEXOMAR es un nexo trasnfronterizo para impulsar la actividad log\u00edstica , un proyecto de cooperaci\u00f3n entre Andaluc\u00eda y Alentejo-Algarve.\",\"breadcrumb\":{\"@id\":\"https:\/\/eon-sea.com\/neotec\/#breadcrumb\"},\"inLanguage\":\"pt-PT\",\"potentialAction\":[{\"@type\":\"ReadAction\",\"target\":[\"https:\/\/eon-sea.com\/neotec\/\"]}]},{\"@type\":\"BreadcrumbList\",\"@id\":\"https:\/\/eon-sea.com\/neotec\/#breadcrumb\",\"itemListElement\":[{\"@type\":\"ListItem\",\"position\":1,\"name\":\"Portada\",\"item\":\"https:\/\/eon-sea.com\/\"},{\"@type\":\"ListItem\",\"position\":2,\"name\":\"NEOTEC\"}]},{\"@type\":\"WebSite\",\"@id\":\"https:\/\/seagreen-hawk-426743.hostingersite.com\/#website\",\"url\":\"https:\/\/seagreen-hawk-426743.hostingersite.com\/\",\"name\":\"EONSEA\",\"description\":\"Inspecci\u00f3n de embarcaciones con ROVs e IA\",\"potentialAction\":[{\"@type\":\"SearchAction\",\"target\":{\"@type\":\"EntryPoint\",\"urlTemplate\":\"https:\/\/seagreen-hawk-426743.hostingersite.com\/?s={search_term_string}\"},\"query-input\":{\"@type\":\"PropertyValueSpecification\",\"valueRequired\":true,\"valueName\":\"search_term_string\"}}],\"inLanguage\":\"pt-PT\"}]}<\/script>\n<!-- \/ Yoast SEO plugin. -->","yoast_head_json":{"title":"NEOTEC - EONSEA","description":"NEXOMAR es un nexo trasnfronterizo para impulsar la actividad log\u00edstica , un proyecto de cooperaci\u00f3n entre Andaluc\u00eda y Alentejo-Algarve.","robots":{"index":"index","follow":"follow","max-snippet":"max-snippet:-1","max-image-preview":"max-image-preview:large","max-video-preview":"max-video-preview:-1"},"canonical":"https:\/\/eon-sea.com\/pt\/neotec\/","og_locale":"pt_PT","og_type":"article","og_title":"NEOTEC - EONSEA","og_description":"NEXOMAR es un nexo trasnfronterizo para impulsar la actividad log\u00edstica , un proyecto de cooperaci\u00f3n entre Andaluc\u00eda y Alentejo-Algarve.","og_url":"https:\/\/eon-sea.com\/pt\/neotec\/","og_site_name":"EONSEA","article_modified_time":"2026-04-28T14:27:25+00:00","twitter_card":"summary_large_image","twitter_site":"@eon_sea","twitter_misc":{"Tempo estimado de leitura":"2 minutos"},"schema":{"@context":"https:\/\/schema.org","@graph":[{"@type":"WebPage","@id":"https:\/\/eon-sea.com\/neotec\/","url":"https:\/\/eon-sea.com\/neotec\/","name":"NEOTEC - EONSEA","isPartOf":{"@id":"https:\/\/seagreen-hawk-426743.hostingersite.com\/#website"},"datePublished":"2026-03-10T10:25:18+00:00","dateModified":"2026-04-28T14:27:25+00:00","description":"NEXOMAR es un nexo trasnfronterizo para impulsar la actividad log\u00edstica , un proyecto de cooperaci\u00f3n entre Andaluc\u00eda y Alentejo-Algarve.","breadcrumb":{"@id":"https:\/\/eon-sea.com\/neotec\/#breadcrumb"},"inLanguage":"pt-PT","potentialAction":[{"@type":"ReadAction","target":["https:\/\/eon-sea.com\/neotec\/"]}]},{"@type":"BreadcrumbList","@id":"https:\/\/eon-sea.com\/neotec\/#breadcrumb","itemListElement":[{"@type":"ListItem","position":1,"name":"Portada","item":"https:\/\/eon-sea.com\/"},{"@type":"ListItem","position":2,"name":"NEOTEC"}]},{"@type":"WebSite","@id":"https:\/\/seagreen-hawk-426743.hostingersite.com\/#website","url":"https:\/\/seagreen-hawk-426743.hostingersite.com\/","name":"EONSEA","description":"Inspecci\u00f3n de embarcaciones con ROVs e IA","potentialAction":[{"@type":"SearchAction","target":{"@type":"EntryPoint","urlTemplate":"https:\/\/seagreen-hawk-426743.hostingersite.com\/?s={search_term_string}"},"query-input":{"@type":"PropertyValueSpecification","valueRequired":true,"valueName":"search_term_string"}}],"inLanguage":"pt-PT"}]}},"_links":{"self":[{"href":"https:\/\/eon-sea.com\/pt\/wp-json\/wp\/v2\/pages\/6826","targetHints":{"allow":["GET"]}}],"collection":[{"href":"https:\/\/eon-sea.com\/pt\/wp-json\/wp\/v2\/pages"}],"about":[{"href":"https:\/\/eon-sea.com\/pt\/wp-json\/wp\/v2\/types\/page"}],"author":[{"embeddable":true,"href":"https:\/\/eon-sea.com\/pt\/wp-json\/wp\/v2\/users\/10"}],"replies":[{"embeddable":true,"href":"https:\/\/eon-sea.com\/pt\/wp-json\/wp\/v2\/comments?post=6826"}],"version-history":[{"count":25,"href":"https:\/\/eon-sea.com\/pt\/wp-json\/wp\/v2\/pages\/6826\/revisions"}],"predecessor-version":[{"id":7442,"href":"https:\/\/eon-sea.com\/pt\/wp-json\/wp\/v2\/pages\/6826\/revisions\/7442"}],"wp:attachment":[{"href":"https:\/\/eon-sea.com\/pt\/wp-json\/wp\/v2\/media?parent=6826"}],"curies":[{"name":"wp","href":"https:\/\/api.w.org\/{rel}","templated":true}]}}